{"id":2,"date":"2024-04-05T15:24:25","date_gmt":"2024-04-05T20:24:25","guid":{"rendered":"https:\/\/cofimar.ec\/?page_id=2"},"modified":"2025-06-12T12:33:52","modified_gmt":"2025-06-12T17:33:52","slug":"pagina-ejemplo","status":"publish","type":"page","link":"https:\/\/cofimar.ec\/fr\/pagina-ejemplo\/","title":{"rendered":"Exemple de page"},"content":{"rendered":"<p>Il s'agit d'une page d'exemple. Elle diff\u00e8re d'un article de blog car elle restera \u00e0 un seul endroit et appara\u00eetra dans la navigation de votre site (dans la plupart des th\u00e8mes). La plupart des gens commencent par une page \"\u00c0 propos\" qui les pr\u00e9sente aux visiteurs potentiels du site. Elle peut ressembler \u00e0 ceci :<\/p>\n\n\n\n<blockquote class=\"wp-block-quote is-layout-flow wp-block-quote-is-layout-flow\"><p>Bienvenue ! Je suis serveur le jour, aspirant acteur la nuit et ceci est mon site web. Je vis \u00e0 Morelia, j'ai un chien qui s'appelle Firulais et j'aime le mezcal. (Et les longs apr\u00e8s-midi avec du caf\u00e9)<\/p><\/blockquote>\n\n\n\n<p>...ou quelque chose comme \u00e7a :<\/p>\n\n\n\n<blockquote class=\"wp-block-quote is-layout-flow wp-block-quote-is-layout-flow\"><p>L'entreprise Mariscos Recio a \u00e9t\u00e9 fond\u00e9e par Antonio Recio Mata. Au d\u00e9part, il s'agissait d'une petite entreprise qui fournissait des fruits de mer aux h\u00f4tels et aux restaurants, mais elle s'est peu \u00e0 peu transform\u00e9e en un grand empire. Mariscos Recio, la mer au meilleur prix.<\/p><\/blockquote>\n\n\n\n<p>En tant que nouvel utilisateur de WordPress, vous devez vous rendre \u00e0 l'adresse suivante <a href=\"https:\/\/cofimar.ec\/wp-admin\/\">votre bureau<\/a> pour supprimer cette page et cr\u00e9er de nouvelles pages pour votre contenu. Amusez-vous bien !<\/p>","protected":false},"excerpt":{"rendered":"<p>Esta es una p\u00e1gina de ejemplo. Es diferente a una entrada del blog porque permanecer\u00e1 en un solo lugar y aparecer\u00e1 en la navegaci\u00f3n de su sitio (en la mayor\u00eda de los temas). La mayor\u00eda de las personas comienzan con una p\u00e1gina \u00abAcerca de\u00bb que les presenta a los visitantes potenciales del sitio. Podr\u00eda decir [&hellip;]<\/p>\n","protected":false},"author":1,"featured_media":0,"parent":0,"menu_order":0,"comment_status":"closed","ping_status":"open","template":"","meta":{"footnotes":""},"class_list":["post-2","page","type-page","status-publish","hentry"],"_links":{"self":[{"href":"https:\/\/cofimar.ec\/fr\/wp-json\/wp\/v2\/pages\/2","targetHints":{"allow":["GET"]}}],"collection":[{"href":"https:\/\/cofimar.ec\/fr\/wp-json\/wp\/v2\/pages"}],"about":[{"href":"https:\/\/cofimar.ec\/fr\/wp-json\/wp\/v2\/types\/page"}],"author":[{"embeddable":true,"href":"https:\/\/cofimar.ec\/fr\/wp-json\/wp\/v2\/users\/1"}],"replies":[{"embeddable":true,"href":"https:\/\/cofimar.ec\/fr\/wp-json\/wp\/v2\/comments?post=2"}],"version-history":[{"count":1,"href":"https:\/\/cofimar.ec\/fr\/wp-json\/wp\/v2\/pages\/2\/revisions"}],"predecessor-version":[{"id":2249,"href":"https:\/\/cofimar.ec\/fr\/wp-json\/wp\/v2\/pages\/2\/revisions\/2249"}],"wp:attachment":[{"href":"https:\/\/cofimar.ec\/fr\/wp-json\/wp\/v2\/media?parent=2"}],"curies":[{"name":"wp","href":"https:\/\/api.w.org\/{rel}","templated":true}]}}