{"id":2296,"date":"2025-08-25T11:56:15","date_gmt":"2025-08-25T16:56:15","guid":{"rendered":"https:\/\/cofimar.ec\/?page_id=2296"},"modified":"2025-08-25T12:46:27","modified_gmt":"2025-08-25T17:46:27","slug":"politica-de-cookies","status":"publish","type":"page","link":"https:\/\/cofimar.ec\/fr\/politica-de-cookies\/","title":{"rendered":"Politique en mati\u00e8re de cookies"},"content":{"rendered":"<div data-elementor-type=\"wp-page\" data-elementor-id=\"2296\" class=\"elementor elementor-2296\">\n\t\t\t\t<div class=\"elementor-element elementor-element-44b1988 e-flex e-con-boxed e-con e-parent\" data-id=\"44b1988\" data-element_type=\"container\" data-e-type=\"container\">\n\t\t\t\t\t<div class=\"e-con-inner\">\n\t\t\t\t<div class=\"elementor-element elementor-element-518fbbc elementor-widget elementor-widget-heading\" data-id=\"518fbbc\" data-element_type=\"widget\" data-e-type=\"widget\" data-widget_type=\"heading.default\">\n\t\t\t\t<div class=\"elementor-widget-container\">\n\t\t\t\t\t<h1 class=\"elementor-heading-title elementor-size-default\">Politique en mati\u00e8re de cookies<\/h1>\t\t\t\t<\/div>\n\t\t\t\t<\/div>\n\t\t\t\t<div class=\"elementor-element elementor-element-4f27c74 elementor-widget elementor-widget-text-editor\" data-id=\"4f27c74\" data-element_type=\"widget\" data-e-type=\"widget\" data-widget_type=\"text-editor.default\">\n\t\t\t\t<div class=\"elementor-widget-container\">\n\t\t\t\t\t\t\t\t\t<h2>I.\u00a0\u00a0\u00a0\u00a0\u00a0 <u>INTRODUCTION<\/u><\/h2><p>L'objectif de cette politique de cookies est de fournir aux utilisateurs de COFIMAR S.A. des informations claires et compr\u00e9hensibles sur l'utilisation des cookies sur notre site web https:\/\/www.cofimar.ec. Cette politique est conforme \u00e0 la loi organique sur la protection des donn\u00e9es \u00e0 caract\u00e8re personnel (LOPDP), \u00e0 son r\u00e8glement et aux autres r\u00e9glementations applicables en \u00c9quateur.<\/p><p>L'utilisation de cookies nous permet d'am\u00e9liorer l'exp\u00e9rience de navigation, de personnaliser les contenus, d'optimiser les performances du site web et d'effectuer des analyses d'utilisation afin d'offrir des services adapt\u00e9s \u00e0 vos int\u00e9r\u00eats. Par le biais de ce document, nous cherchons \u00e0 garantir la transparence dans la collecte et le traitement des donn\u00e9es d\u00e9riv\u00e9es de l'utilisation de ces technologies, sur la base d'un consentement \u00e9clair\u00e9 et g\u00e9rable.<\/p><h2>II.\u00a0\u00a0\u00a0\u00a0\u00a0 <u>QU'EST-CE QU'UN BISCUIT ?<\/u><\/h2><p>Les cookies sont de petits fichiers texte qui sont stock\u00e9s dans le navigateur de l'utilisateur lorsqu'il acc\u00e8de \u00e0 un site web. Ces fichiers contiennent des informations qui nous permettent d'identifier l'appareil de l'utilisateur et de collecter des donn\u00e9es sur l'activit\u00e9 de l'utilisateur sur le site web, telles que les pr\u00e9f\u00e9rences linguistiques, les pages visit\u00e9es ou les param\u00e8tres enregistr\u00e9s.<\/p><p>Les cookies ne collectent pas directement d'informations sensibles, telles que les coordonn\u00e9es bancaires ou les documents d'identit\u00e9, et leur utilisation est limit\u00e9e aux objectifs sp\u00e9cifiques d\u00e9taill\u00e9s ci-dessous.<\/p><h2>III.\u00a0\u00a0\u00a0\u00a0\u00a0 <u>QUELLES SONT LES INFORMATIONS STOCK\u00c9ES PAR UN COOKIE ?<\/u><\/h2><p>Les cookies ne stockent g\u00e9n\u00e9ralement pas d'informations sensibles vous concernant, telles que des donn\u00e9es bancaires ou de carte de cr\u00e9dit, des photographies, votre carte d'identit\u00e9 ou des informations personnelles, etc. Les donn\u00e9es qu'ils stockent sont de nature technique, pr\u00e9f\u00e9rences personnelles, personnalisation du contenu, etc. Ce n'est pas le serveur web qui vous associe en tant que personne, mais votre navigateur web. En fait, si vous naviguez habituellement avec Internet Explorer et que vous essayez de naviguer sur le m\u00eame site web avec Firefox ou Chrome, vous verrez que le web ne se rend pas compte que vous \u00eates la m\u00eame personne parce qu'il associe en fait le navigateur, et non la personne.<\/p><h2>IV.\u00a0\u00a0\u00a0\u00a0\u00a0 <u>TYPES DE COOKIES<\/u><\/h2><p>Sur notre site web, nous utilisons nos propres cookies et ceux de tiers, class\u00e9s en fonction de leur origine, de leur dur\u00e9e et de leur finalit\u00e9 :<\/p><ol><li>Types de cookies en fonction de l'entit\u00e9 qui les g\u00e8re :<br \/><p>a) Cookies de premi\u00e8re partie : il s'agit de cookies install\u00e9s sur l'appareil de l'utilisateur directement \u00e0 partir de notre site web. C'est-\u00e0-dire qu'ils sont g\u00e9r\u00e9s par nous pour fournir les services demand\u00e9s par l'utilisateur lorsqu'il navigue sur le site.<\/p><p>b) Cookies de tiers : il s'agit de cookies install\u00e9s sur l'appareil de l'utilisateur \u00e0 partir d'un domaine autre que le n\u00f4tre. Ils sont g\u00e9r\u00e9s par d'autres entreprises qui traitent les informations obtenues gr\u00e2ce \u00e0 ces cookies, par exemple pour offrir des services d'analyse ou de publicit\u00e9.<\/p><\/li><li>Types de cookies en fonction de la dur\u00e9e pendant laquelle ils restent activ\u00e9s :<br \/><p>a) Cookies de session : il s'agit d'un type de cookie con\u00e7u pour collecter et stocker des donn\u00e9es pendant que l'utilisateur acc\u00e8de \u00e0 un site web. Ils sont g\u00e9n\u00e9ralement utilis\u00e9s pour stocker des informations qui ne doivent \u00eatre conserv\u00e9es que pour la fourniture du service demand\u00e9 par l'utilisateur \u00e0 une seule occasion (par exemple, une liste de produits achet\u00e9s).<\/p><p>b) Les cookies persistants : Il s'agit d'un type de cookie dans lequel les donn\u00e9es restent stock\u00e9es dans le terminal, peuvent \u00eatre consult\u00e9es et trait\u00e9es pendant une p\u00e9riode d\u00e9finie par l'\u00e9diteur du cookie, qui peut aller de quelques minutes \u00e0 plusieurs ann\u00e9es.<\/p><\/li><li>Types de cookies en fonction de leur finalit\u00e9 :<br \/><p>a) Cookies n\u00e9cessaires : il s'agit de cookies qui contribuent \u00e0 rendre un site web utilisable en permettant des fonctions de base telles que la navigation sur les pages et l'acc\u00e8s aux zones s\u00e9curis\u00e9es du site web. Le site web ne peut pas fonctionner correctement sans ces cookies.<\/p><p>b) Cookies techniques : Ce sont ceux qui permettent \u00e0 l'utilisateur de naviguer sur un site web, une plateforme ou une application et d'utiliser les diff\u00e9rentes options ou services qui y existent comme, par exemple, le contr\u00f4le du trafic et de la communication des donn\u00e9es, l'identification de la session, l'acc\u00e8s aux parties \u00e0 acc\u00e8s restreint, la m\u00e9morisation des \u00e9l\u00e9ments qui composent une commande, la r\u00e9alisation du processus d'achat d'une commande, la r\u00e9alisation de la demande d'inscription ou de participation \u00e0 un \u00e9v\u00e9nement, l'utilisation d'\u00e9l\u00e9ments de s\u00e9curit\u00e9 pendant la navigation, le stockage de contenus pour la diffusion de vid\u00e9os ou de sons ou le partage de contenus \u00e0 travers les r\u00e9seaux sociaux.<\/p><p>c) Cookies de personnalisation : Ces cookies permettent \u00e0 l'utilisateur d'acc\u00e9der au service avec certaines caract\u00e9ristiques g\u00e9n\u00e9rales pr\u00e9d\u00e9finies en fonction d'une s\u00e9rie de crit\u00e8res pr\u00e9sents dans le terminal de l'utilisateur, tels que la langue, le type de navigateur utilis\u00e9 pour acc\u00e9der au service, la configuration r\u00e9gionale \u00e0 partir de laquelle on acc\u00e8de au service, etc.<\/p><p>d) Cookies d'analyse : Ces cookies permettent \u00e0 l'\u00e9diteur de suivre et d'analyser le comportement des utilisateurs des sites web auxquels ils sont li\u00e9s. Les informations collect\u00e9es par ce type de cookies sont utilis\u00e9es pour mesurer l'activit\u00e9 des sites web, de l'application ou de la plateforme et pour l'\u00e9laboration de profils de navigation des utilisateurs desdits sites web, applications et plateformes, afin d'introduire des am\u00e9liorations bas\u00e9es sur l'analyse des donn\u00e9es relatives \u00e0 l'utilisation faite par les utilisateurs du service.<\/p><p>e) Cookies publicitaires : Ce sont ceux qui permettent de g\u00e9rer, de la mani\u00e8re la plus efficace possible, les espaces publicitaires que, le cas \u00e9ch\u00e9ant, l'\u00e9diteur a inclus sur un site web, une application ou une plateforme \u00e0 partir de laquelle le service demand\u00e9 est fourni, sur la base de crit\u00e8res tels que le contenu \u00e9dit\u00e9 ou la fr\u00e9quence \u00e0 laquelle les publicit\u00e9s sont affich\u00e9es.<\/p><p>f) Cookies de publicit\u00e9 comportementale : Ces cookies permettent de g\u00e9rer, de la mani\u00e8re la plus efficace possible, les espaces publicitaires que, le cas \u00e9ch\u00e9ant, l'\u00e9diteur a inclus sur un site web, une application ou une plate-forme \u00e0 partir de laquelle le service demand\u00e9 est fourni. Ces cookies stockent des informations sur le comportement des utilisateurs obtenues gr\u00e2ce \u00e0 l'observation continue de leurs habitudes de navigation, ce qui permet de d\u00e9velopper un profil sp\u00e9cifique pour afficher de la publicit\u00e9 en fonction de celui-ci, sur la base d'une d\u00e9cision automatis\u00e9e.<\/p><\/li><\/ol><h2>V.\u00a0\u00a0\u00a0\u00a0\u00a0 <u>OBJECTIF DE L'UTILISATION DES COOKIES<\/u><\/h2><p>Les principaux objectifs des cookies utilis\u00e9s par COFIMAR sont les suivants :<\/p><ul><li>Pour faciliter la navigation sur le site web et m\u00e9moriser les param\u00e8tres de l'utilisateur.<\/li><li>Analyser le comportement des utilisateurs afin d'am\u00e9liorer le contenu et les services propos\u00e9s.<\/li><li>Personnaliser l'exp\u00e9rience de navigation et afficher un contenu pertinent.<\/li><li>G\u00e9rer et optimiser les campagnes publicitaires en fonction des int\u00e9r\u00eats identifi\u00e9s.<\/li><\/ul><h2>VI.\u00a0\u00a0\u00a0\u00a0\u00a0 <u>GESTION ET CONTR\u00d4LE DES COOKIES<\/u><\/h2><p>L'utilisateur a un contr\u00f4le total sur l'acceptation ou le refus des cookies. Vous pouvez configurer votre navigateur pour qu'il les bloque ou les supprime \u00e0 tout moment. Veuillez noter qu'en d\u00e9sactivant certains cookies, certaines fonctionnalit\u00e9s du site peuvent ne pas \u00eatre disponibles ou afficher des erreurs.<\/p><p>Vous trouverez ci-dessous des liens vers les pages de configuration des principaux navigateurs :<\/p><ul><li>Google Chrome<\/li><li>Mozilla Firefox<\/li><li>MacOS Desktop Safari<\/li><li>MacOS Safari appareils mobiles<\/li><li>Microsoft Edge<\/li><\/ul><h2>VII.\u00a0\u00a0\u00a0\u00a0\u00a0 <u>CONSENTEMENT \u00c0 L'UTILISATION DE COOKIES<\/u><\/h2><p>Lorsque vous entrez sur le site web de COFIMAR pour la premi\u00e8re fois, une banni\u00e8re d'information vous est pr\u00e9sent\u00e9e dans laquelle vous pouvez accepter ou refuser l'utilisation de cookies inutiles. Votre consentement sera stock\u00e9 et pourra \u00eatre r\u00e9voqu\u00e9 \u00e0 tout moment \u00e0 partir des options de votre navigateur ou en utilisant des outils de gestion des cookies, voir l'annexe.<\/p><h2>VIII.\u00a0\u00a0\u00a0\u00a0\u00a0 <u>TRANSFERTS INTERNATIONAUX<\/u><\/h2><p>En acceptant les cookies, vous acceptez volontairement le traitement des donn\u00e9es susmentionn\u00e9. Cela inclut \u00e9galement, pour une dur\u00e9e limit\u00e9e, votre consentement au traitement des donn\u00e9es en dehors de l'\u00c9quateur, par exemple aux \u00c9tats-Unis. Dans ces pays, malgr\u00e9 la s\u00e9lection minutieuse et l'obligation des fournisseurs de services, le niveau \u00e9lev\u00e9 de protection des donn\u00e9es ne peut pas \u00eatre garanti.<\/p><p>Si les donn\u00e9es sont transf\u00e9r\u00e9es aux \u00c9tats-Unis, il existe, par exemple, un risque que les autorit\u00e9s am\u00e9ricaines traitent ces donn\u00e9es \u00e0 des fins de contr\u00f4le et de surveillance sans que des recours juridiques efficaces soient disponibles ou sans que tous les droits de la personne concern\u00e9e puissent \u00eatre exerc\u00e9s. Vous pouvez r\u00e9voquer votre consentement \u00e0 tout moment, comme expliqu\u00e9 ci-dessous.<\/p><h2>IX.\u00a0\u00a0\u00a0\u00a0\u00a0 <u>LA S\u00c9CURIT\u00c9 DES DONN\u00c9ES COLLECT\u00c9ES<\/u><\/h2><p>COFIMAR adopte des mesures de s\u00e9curit\u00e9 raisonnables, conformes aux normes internationales, pour prot\u00e9ger les informations collect\u00e9es par le biais des cookies, y compris l'anonymisation de l'IP et l'acc\u00e8s restreint aux donn\u00e9es analytiques.<\/p><table><thead><tr><th>Nom<\/th><th>La dur\u00e9e<\/th><th>Objet<\/th><th>Utilisateurs enregistr\u00e9s uniquement ?<\/th><\/tr><\/thead><tbody><tr><td><strong>wordpresshash.<\/strong><\/td><td>\u00a0<\/td><td>WordPress utilise le cookie wordpress-hash pour stocker les donn\u00e9es d'authentification. Son utilisation est limit\u00e9e \u00e0 la zone de l'\u00e9cran d'administration, \/wp-admin\/.<\/td><td>Oui,<\/td><\/tr><tr><td><strong>wordpress.log.in.<\/strong><\/td><td>Session<\/td><td>M\u00e9moriser la session de l'utilisateur. WordPress d\u00e9finit le cookie apr\u00e8s la connexion wordpress.logged.in.hash, qui indique quand vous vous \u00eates connect\u00e9 et qui vous \u00eates, pour la plupart des utilisations de l'interface.<\/td><td>Oui,<\/td><\/tr><tr><td><strong>wordpres.test.cookie<\/strong><\/td><td>Session<\/td><td>Tester si le cookie peut \u00eatre d\u00e9fini. WordPress utilise \u00e9galement le cookie wordpress-test-cookie pour v\u00e9rifier si les cookies sont activ\u00e9s dans le navigateur afin d'offrir aux utilisateurs une exp\u00e9rience optimale. Ce cookie est utilis\u00e9 dans la partie frontale, m\u00eame si vous n'\u00eates pas connect\u00e9.<\/td><td>Non, non<\/td><\/tr><tr><td><strong>wp-settings-.usder.id.<\/strong><\/td><td>1 an<\/td><td>Cookie de personnalisation. Utilis\u00e9 pour conserver la configuration d'un utilisateur wp-admin. L'ID est l'ID de l'utilisateur. Il est utilis\u00e9 pour personnaliser la vue de l'interface d'administration, et \u00e9ventuellement l'interface du site principal.<\/td><td>Oui,<\/td><\/tr><tr><td><strong>wp-settings-time-user.<\/strong><\/td><td>1 an<\/td><td>Heure \u00e0 laquelle wp-settings-usus a \u00e9t\u00e9 d\u00e9fini.<\/td><td>Oui,<\/td><\/tr><tr><td><strong>wp-qualification-post<\/strong><\/td><td>1 jour<\/td><td>Cookie de sauvegarde automatique : wp-sal-post est un cookie WordPress cr\u00e9\u00e9 lorsqu'un article est sauvegard\u00e9 dans l'\u00e9diteur. Il est utilis\u00e9 pour savoir s'il existe un article sauvegard\u00e9 pour un article en cours d'\u00e9dition. S'il existe, il permet \u00e0 l'utilisateur de r\u00e9initialiser les donn\u00e9es.<\/td><td>Oui,<\/td><\/tr><tr><td><strong>wp-postpass-hash.<\/strong><\/td><td>10 jours<\/td><td>Utilis\u00e9 pour se connecter si un message est prot\u00e9g\u00e9 par un mot de passe.<\/td><td>Non, non<\/td><\/tr><tr><td><strong>wordpress.sec<\/strong><\/td><td>\u00a0<\/td><td>\u00a0<\/td><td>Oui,<\/td><\/tr><\/tbody><\/table><h2>X.\u00a0\u00a0\u00a0\u00a0\u00a0 <u>CONTACT<\/u><\/h2><p>Pour plus d'informations sur cette politique, ou pour exercer vos droits relatifs au traitement de vos donn\u00e9es personnelles, vous pouvez nous \u00e9crire \u00e0 l'adresse suivante : protecciondedatos@cofimar.com.ec.<\/p><h2>XI.\u00a0\u00a0\u00a0\u00a0\u00a0 <u>MISES A JOUR DE CETTE POLITIQUE<\/u><\/h2><p>COFIMAR peut mettre \u00e0 jour la pr\u00e9sente politique en mati\u00e8re de cookies \u00e0 tout moment. Les mises \u00e0 jour seront notifi\u00e9es sur le site web, y compris la date de la derni\u00e8re modification. Il vous est conseill\u00e9 de la consulter r\u00e9guli\u00e8rement pour rester inform\u00e9 des changements applicables.<\/p>\t\t\t\t\t\t\t\t<\/div>\n\t\t\t\t<\/div>\n\t\t\t\t<div class=\"elementor-element elementor-element-8c03e04 elementor-widget elementor-widget-spacer\" data-id=\"8c03e04\" data-element_type=\"widget\" data-e-type=\"widget\" data-widget_type=\"spacer.default\">\n\t\t\t\t<div class=\"elementor-widget-container\">\n\t\t\t\t\t\t\t<div class=\"elementor-spacer\">\n\t\t\t<div class=\"elementor-spacer-inner\"><\/div>\n\t\t<\/div>\n\t\t\t\t\t\t<\/div>\n\t\t\t\t<\/div>\n\t\t\t\t\t<\/div>\n\t\t\t\t<\/div>\n\t\t\t\t<\/div>","protected":false},"excerpt":{"rendered":"<p>Pol\u00edtica de cookies I.\u00a0\u00a0\u00a0\u00a0\u00a0 INTRODUCCI\u00d3N La presente Pol\u00edtica de Cookies tiene como objetivo proporcionar a los usuarios de COFIMAR S.A. informaci\u00f3n clara y comprensible sobre el uso de cookies en nuestro sitio web https:\/\/www.cofimar.ec. Esta pol\u00edtica est\u00e1 alineada con la Ley Org\u00e1nica de Protecci\u00f3n de Datos Personales (LOPDP), su Reglamento y otras normativas aplicables en [&hellip;]<\/p>\n","protected":false},"author":1,"featured_media":0,"parent":0,"menu_order":0,"comment_status":"closed","ping_status":"closed","template":"elementor_header_footer","meta":{"footnotes":""},"class_list":["post-2296","page","type-page","status-publish","hentry"],"_links":{"self":[{"href":"https:\/\/cofimar.ec\/fr\/wp-json\/wp\/v2\/pages\/2296","targetHints":{"allow":["GET"]}}],"collection":[{"href":"https:\/\/cofimar.ec\/fr\/wp-json\/wp\/v2\/pages"}],"about":[{"href":"https:\/\/cofimar.ec\/fr\/wp-json\/wp\/v2\/types\/page"}],"author":[{"embeddable":true,"href":"https:\/\/cofimar.ec\/fr\/wp-json\/wp\/v2\/users\/1"}],"replies":[{"embeddable":true,"href":"https:\/\/cofimar.ec\/fr\/wp-json\/wp\/v2\/comments?post=2296"}],"version-history":[{"count":10,"href":"https:\/\/cofimar.ec\/fr\/wp-json\/wp\/v2\/pages\/2296\/revisions"}],"predecessor-version":[{"id":2307,"href":"https:\/\/cofimar.ec\/fr\/wp-json\/wp\/v2\/pages\/2296\/revisions\/2307"}],"wp:attachment":[{"href":"https:\/\/cofimar.ec\/fr\/wp-json\/wp\/v2\/media?parent=2296"}],"curies":[{"name":"wp","href":"https:\/\/api.w.org\/{rel}","templated":true}]}}