{"id":13,"date":"2024-04-07T10:39:13","date_gmt":"2024-04-07T15:39:13","guid":{"rendered":"https:\/\/cofimar.ec\/?page_id=13"},"modified":"2025-11-14T10:52:16","modified_gmt":"2025-11-14T15:52:16","slug":"inicio","status":"publish","type":"page","link":"https:\/\/cofimar.ec\/it\/","title":{"rendered":"Casa"},"content":{"rendered":"<div data-elementor-type=\"wp-page\" data-elementor-id=\"13\" class=\"elementor elementor-13\">\n\t\t\t\t<div class=\"elementor-element elementor-element-4a71430 elementor-hidden-mobile e-flex e-con-boxed e-con e-parent\" data-id=\"4a71430\" data-element_type=\"container\" data-e-type=\"container\" data-settings=\"{&quot;background_background&quot;:&quot;video&quot;,&quot;background_video_link&quot;:&quot;https:\\\/\\\/cofimar.ec\\\/wp-content\\\/uploads\\\/2024\\\/04\\\/video_banner_cofimar.mp4&quot;,&quot;background_play_on_mobile&quot;:&quot;yes&quot;}\">\n\t\t\t\t\t<div class=\"e-con-inner\">\n\t\t<div class=\"elementor-background-video-container\">\n\t\t\t\t\t\t\t<video class=\"elementor-background-video-hosted\" role=\"presentation\" autoplay muted playsinline loop><\/video>\n\t\t\t\t\t<\/div>\t\t<div class=\"elementor-element elementor-element-877e3a1 elementor-widget elementor-widget-heading\" data-id=\"877e3a1\" data-element_type=\"widget\" data-e-type=\"widget\" data-widget_type=\"heading.default\">\n\t\t\t\t<div class=\"elementor-widget-container\">\n\t\t\t\t\t<h1 class=\"elementor-heading-title elementor-size-default\">SIAMO UN GRUPPO DI PRODUZIONE<br> ED ESPORTATORE CON IL PI\u00d9 ALTO<br>  STANDARD DI QUALIT\u00c0<\/h1>\t\t\t\t<\/div>\n\t\t\t\t<\/div>\n\t\t\t\t\t<\/div>\n\t\t\t\t<\/div>\n\t\t<div class=\"elementor-element elementor-element-510092a elementor-hidden-desktop elementor-hidden-laptop elementor-hidden-tablet e-flex e-con-boxed e-con e-parent\" data-id=\"510092a\" data-element_type=\"container\" data-e-type=\"container\" data-settings=\"{&quot;background_background&quot;:&quot;classic&quot;}\">\n\t\t\t\t\t<div class=\"e-con-inner\">\n\t\t\t\t\t<\/div>\n\t\t\t\t<\/div>\n\t\t<div class=\"elementor-element elementor-element-7a44702 e-flex e-con-boxed e-con e-parent\" data-id=\"7a44702\" data-element_type=\"container\" data-e-type=\"container\" data-settings=\"{&quot;background_background&quot;:&quot;classic&quot;}\">\n\t\t\t\t\t<div class=\"e-con-inner\">\n\t\t<div class=\"elementor-element elementor-element-d5ebf4c e-con-full e-flex e-con e-child\" data-id=\"d5ebf4c\" data-element_type=\"container\" data-e-type=\"container\">\n\t\t\t\t<div class=\"elementor-element elementor-element-c894df6 elementor-widget-mobile__width-inherit elementor-hidden-desktop elementor-hidden-laptop elementor-hidden-tablet elementor-widget elementor-widget-heading\" data-id=\"c894df6\" data-element_type=\"widget\" data-e-type=\"widget\" data-widget_type=\"heading.default\">\n\t\t\t\t<div class=\"elementor-widget-container\">\n\t\t\t\t\t<h1 class=\"elementor-heading-title elementor-size-default\">SIAMO UN GRUPPO DI PRODUZIONE<br> ED ESPORTATORE CON IL PI\u00d9 ALTO<br>  STANDARD DI QUALIT\u00c0<\/h1>\t\t\t\t<\/div>\n\t\t\t\t<\/div>\n\t\t\t\t<div class=\"elementor-element elementor-element-391c62f elementor-widget elementor-widget-text-editor\" data-id=\"391c62f\" data-element_type=\"widget\" data-e-type=\"widget\" data-widget_type=\"text-editor.default\">\n\t\t\t\t<div class=\"elementor-widget-container\">\n\t\t\t\t\t\t\t\t\t<p>Il nostro gruppo possiede pi\u00f9 di 2700 ettari di allevamenti di gamberi certificati dall'Istituto Nazionale della Pesca, nonch\u00e9 i laboratori da cui provengono le larve che utilizziamo per l'allevamento, gestiti secondo gli standard biologici, per garantire la qualit\u00e0 e l'affidabilit\u00e0 dei nostri gamberi dall'inizio fino al consumatore finale.<\/p><p>Inoltre, il nostro gruppo ha tutti gli ettari di produzione di gamberi certificati dalle autorit\u00e0 governative. Lavoriamo con larve certificate, ablate e non ablate, provenienti dai nostri partner con le migliori pratiche che promuovono il benessere degli animali.<\/p><p>Cofimar \u00e8 impegnata in un programma di espansione internazionale con una produzione propria.<\/p>\t\t\t\t\t\t\t\t<\/div>\n\t\t\t\t<\/div>\n\t\t<div class=\"elementor-element elementor-element-396054e e-flex e-con-boxed e-con e-child\" data-id=\"396054e\" data-element_type=\"container\" data-e-type=\"container\">\n\t\t\t\t\t<div class=\"e-con-inner\">\n\t\t<div class=\"elementor-element elementor-element-16cfdfc e-con-full home_stats_container e-flex e-con e-child\" data-id=\"16cfdfc\" data-element_type=\"container\" data-e-type=\"container\">\n\t\t\t\t<div class=\"elementor-element elementor-element-c9c918f home_stats elementor-widget elementor-widget-heading\" data-id=\"c9c918f\" data-element_type=\"widget\" data-e-type=\"widget\" data-widget_type=\"heading.default\">\n\t\t\t\t<div class=\"elementor-widget-container\">\n\t\t\t\t\t<h3 class=\"elementor-heading-title elementor-size-default\">2700<span style=\"color: #DD6613;font-size: 30px;font-family:Roboto;padding-bottom: 10px\">+<\/span><\/h3>\t\t\t\t<\/div>\n\t\t\t\t<\/div>\n\t\t\t\t<div class=\"elementor-element elementor-element-58bf88d home_stats_title elementor-widget elementor-widget-text-editor\" data-id=\"58bf88d\" data-element_type=\"widget\" data-e-type=\"widget\" data-widget_type=\"text-editor.default\">\n\t\t\t\t<div class=\"elementor-widget-container\">\n\t\t\t\t\t\t\t\t\t<p>ETTARI<\/p>\t\t\t\t\t\t\t\t<\/div>\n\t\t\t\t<\/div>\n\t\t\t\t<\/div>\n\t\t<div class=\"elementor-element elementor-element-f49bda7 e-con-full home_stats_container e-flex e-con e-child\" data-id=\"f49bda7\" data-element_type=\"container\" data-e-type=\"container\">\n\t\t\t\t<div class=\"elementor-element elementor-element-65b1b80 home_stats elementor-widget elementor-widget-heading\" data-id=\"65b1b80\" data-element_type=\"widget\" data-e-type=\"widget\" data-widget_type=\"heading.default\">\n\t\t\t\t<div class=\"elementor-widget-container\">\n\t\t\t\t\t<h3 class=\"elementor-heading-title elementor-size-default\">2K<span style=\"color: #DD6613;font-size: 30px;font-family:Roboto;padding-bottom: 10px\">+<\/span><\/h3>\t\t\t\t<\/div>\n\t\t\t\t<\/div>\n\t\t\t\t<div class=\"elementor-element elementor-element-67fac21 home_stats_title elementor-widget elementor-widget-text-editor\" data-id=\"67fac21\" data-element_type=\"widget\" data-e-type=\"widget\" data-widget_type=\"text-editor.default\">\n\t\t\t\t<div class=\"elementor-widget-container\">\n\t\t\t\t\t\t\t\t\t<p>LAVORATORI<\/p>\t\t\t\t\t\t\t\t<\/div>\n\t\t\t\t<\/div>\n\t\t\t\t<\/div>\n\t\t<div class=\"elementor-element elementor-element-5b09bd8 e-con-full home_stats_container e-flex e-con e-child\" data-id=\"5b09bd8\" data-element_type=\"container\" data-e-type=\"container\">\n\t\t\t\t<div class=\"elementor-element elementor-element-a776afe home_stats elementor-widget elementor-widget-heading\" data-id=\"a776afe\" data-element_type=\"widget\" data-e-type=\"widget\" data-widget_type=\"heading.default\">\n\t\t\t\t<div class=\"elementor-widget-container\">\n\t\t\t\t\t<h3 class=\"elementor-heading-title elementor-size-default\">50<span style=\"color: #DD6613;font-size: 30px;font-family:Roboto;padding-bottom: 10px\">+<\/span><\/h3>\t\t\t\t<\/div>\n\t\t\t\t<\/div>\n\t\t\t\t<div class=\"elementor-element elementor-element-0dd58b9 home_stats_title elementor-widget elementor-widget-text-editor\" data-id=\"0dd58b9\" data-element_type=\"widget\" data-e-type=\"widget\" data-widget_type=\"text-editor.default\">\n\t\t\t\t<div class=\"elementor-widget-container\">\n\t\t\t\t\t\t\t\t\t<p>PAESI<\/p>\t\t\t\t\t\t\t\t<\/div>\n\t\t\t\t<\/div>\n\t\t\t\t<\/div>\n\t\t\t\t\t<\/div>\n\t\t\t\t<\/div>\n\t\t\t\t<\/div>\n\t\t<div class=\"elementor-element elementor-element-78d5d05 e-con-full elementor-hidden-mobile e-flex e-con e-child\" data-id=\"78d5d05\" data-element_type=\"container\" data-e-type=\"container\">\n\t\t\t\t<\/div>\n\t\t\t\t\t<\/div>\n\t\t\t\t<\/div>\n\t\t<div class=\"elementor-element elementor-element-cd8308b e-con-full e-flex e-con e-parent\" data-id=\"cd8308b\" data-element_type=\"container\" data-e-type=\"container\">\n\t\t<div class=\"elementor-element elementor-element-0fcdd40 e-con-full e-flex e-con e-child\" data-id=\"0fcdd40\" data-element_type=\"container\" data-e-type=\"container\" data-settings=\"{&quot;background_background&quot;:&quot;classic&quot;}\">\n\t\t\t\t<div class=\"elementor-element elementor-element-79391cd elementor-widget elementor-widget-text-editor\" data-id=\"79391cd\" data-element_type=\"widget\" data-e-type=\"widget\" data-widget_type=\"text-editor.default\">\n\t\t\t\t<div class=\"elementor-widget-container\">\n\t\t\t\t\t\t\t\t\t<h3 style=\"margin-bottom:5px;\">NOSTRO<br>\n<span style=\"font-weight: bold;\">FILOSOFIA<\/span><\/h3>\t\t\t\t\t\t\t\t<\/div>\n\t\t\t\t<\/div>\n\t\t\t\t<div class=\"elementor-element elementor-element-697dc9d elementor-widget elementor-widget-text-editor\" data-id=\"697dc9d\" data-element_type=\"widget\" data-e-type=\"widget\" data-widget_type=\"text-editor.default\">\n\t\t\t\t<div class=\"elementor-widget-container\">\n\t\t\t\t\t\t\t\t\tCondividiamo la filosofia aziendale basata sulla considerazione della<br>problemi ambientali nella produzione di gamberi e la loro<br>marketing.\t\t\t\t\t\t\t\t<\/div>\n\t\t\t\t<\/div>\n\t\t\t\t<div class=\"elementor-element elementor-element-9456c4c elementor-align-center elementor-widget elementor-widget-button\" data-id=\"9456c4c\" data-element_type=\"widget\" data-e-type=\"widget\" data-widget_type=\"button.default\">\n\t\t\t\t<div class=\"elementor-widget-container\">\n\t\t\t\t\t\t\t\t\t<div class=\"elementor-button-wrapper\">\n\t\t\t\t\t<a class=\"elementor-button elementor-button-link elementor-size-sm\" href=\"https:\/\/cofimar.ec\/it\/quienes-somos\/#nuestra_filosofia\">\n\t\t\t\t\t\t<span class=\"elementor-button-content-wrapper\">\n\t\t\t\t\t\t\t\t\t<span class=\"elementor-button-text\">SAPERNE DI PI\u00d9<\/span>\n\t\t\t\t\t<\/span>\n\t\t\t\t\t<\/a>\n\t\t\t\t<\/div>\n\t\t\t\t\t\t\t\t<\/div>\n\t\t\t\t<\/div>\n\t\t\t\t<\/div>\n\t\t<div class=\"elementor-element elementor-element-04aee5e e-con-full e-flex e-con e-child\" data-id=\"04aee5e\" data-element_type=\"container\" data-e-type=\"container\" data-settings=\"{&quot;background_background&quot;:&quot;classic&quot;}\">\n\t\t\t\t<div class=\"elementor-element elementor-element-a3b16f8 elementor-widget elementor-widget-text-editor\" data-id=\"a3b16f8\" data-element_type=\"widget\" data-e-type=\"widget\" data-widget_type=\"text-editor.default\">\n\t\t\t\t<div class=\"elementor-widget-container\">\n\t\t\t\t\t\t\t\t\t<h3 style=\"margin-bottom:5px;\"><span style=\"font-weight: bold;\">CONTROLLO<\/span><br>\nQUALIT\u00c0<\/h3>\t\t\t\t\t\t\t\t<\/div>\n\t\t\t\t<\/div>\n\t\t\t\t<div class=\"elementor-element elementor-element-578a152 elementor-widget elementor-widget-text-editor\" data-id=\"578a152\" data-element_type=\"widget\" data-e-type=\"widget\" data-widget_type=\"text-editor.default\">\n\t\t\t\t<div class=\"elementor-widget-container\">\n\t\t\t\t\t\t\t\t\tCOFIMAR \u00e8 un'azienda di trasformazione di gamberetti surgelati, che<br>basa i suoi processi produttivi su solidi principi di qualit\u00e0, sicurezza e affidabilit\u00e0<br>e legalit\u00e0, al fine di raggiungere la soddisfazione del cliente.\t\t\t\t\t\t\t\t<\/div>\n\t\t\t\t<\/div>\n\t\t\t\t<div class=\"elementor-element elementor-element-dc1b9a4 elementor-align-center elementor-widget elementor-widget-button\" data-id=\"dc1b9a4\" data-element_type=\"widget\" data-e-type=\"widget\" data-widget_type=\"button.default\">\n\t\t\t\t<div class=\"elementor-widget-container\">\n\t\t\t\t\t\t\t\t\t<div class=\"elementor-button-wrapper\">\n\t\t\t\t\t<a class=\"elementor-button elementor-button-link elementor-size-sm\" href=\"https:\/\/cofimar.ec\/it\/quienes-somos\/#control_calidad\">\n\t\t\t\t\t\t<span class=\"elementor-button-content-wrapper\">\n\t\t\t\t\t\t\t\t\t<span class=\"elementor-button-text\">SAPERNE DI PI\u00d9<\/span>\n\t\t\t\t\t<\/span>\n\t\t\t\t\t<\/a>\n\t\t\t\t<\/div>\n\t\t\t\t\t\t\t\t<\/div>\n\t\t\t\t<\/div>\n\t\t\t\t<\/div>\n\t\t\t\t<\/div>\n\t\t<div class=\"elementor-element elementor-element-1077725 e-flex e-con-boxed e-con e-parent\" data-id=\"1077725\" data-element_type=\"container\" data-e-type=\"container\">\n\t\t\t\t\t<div class=\"e-con-inner\">\n\t\t<div class=\"elementor-element elementor-element-94c8259 e-flex e-con-boxed e-con e-child\" data-id=\"94c8259\" data-element_type=\"container\" data-e-type=\"container\">\n\t\t\t\t\t<div class=\"e-con-inner\">\n\t\t\t\t<div class=\"elementor-element elementor-element-5769b38 elementor-widget elementor-widget-heading\" data-id=\"5769b38\" data-element_type=\"widget\" data-e-type=\"widget\" data-widget_type=\"heading.default\">\n\t\t\t\t<div class=\"elementor-widget-container\">\n\t\t\t\t\t<h2 class=\"elementor-heading-title elementor-size-default\">LE NOSTRE CERTIFICAZIONI<\/h2>\t\t\t\t<\/div>\n\t\t\t\t<\/div>\n\t\t\t\t<div class=\"elementor-element elementor-element-7270f8c elementor-arrows-position-outside elementor-widget elementor-widget-image-carousel\" data-id=\"7270f8c\" data-element_type=\"widget\" data-e-type=\"widget\" data-settings=\"{&quot;slides_to_show&quot;:&quot;6&quot;,&quot;navigation&quot;:&quot;arrows&quot;,&quot;lazyload&quot;:&quot;yes&quot;,&quot;autoplay_speed&quot;:2000,&quot;autoplay&quot;:&quot;yes&quot;,&quot;pause_on_interaction&quot;:&quot;yes&quot;,&quot;infinite&quot;:&quot;yes&quot;,&quot;speed&quot;:500,&quot;image_spacing_custom&quot;:{&quot;unit&quot;:&quot;px&quot;,&quot;size&quot;:20,&quot;sizes&quot;:[]},&quot;image_spacing_custom_laptop&quot;:{&quot;unit&quot;:&quot;px&quot;,&quot;size&quot;:&quot;&quot;,&quot;sizes&quot;:[]},&quot;image_spacing_custom_tablet&quot;:{&quot;unit&quot;:&quot;px&quot;,&quot;size&quot;:&quot;&quot;,&quot;sizes&quot;:[]},&quot;image_spacing_custom_mobile&quot;:{&quot;unit&quot;:&quot;px&quot;,&quot;size&quot;:&quot;&quot;,&quot;sizes&quot;:[]}}\" data-widget_type=\"image-carousel.default\">\n\t\t\t\t<div class=\"elementor-widget-container\">\n\t\t\t\t\t\t\t<div class=\"elementor-image-carousel-wrapper swiper\" role=\"region\" aria-roledescription=\"carousel\" aria-label=\"Carosello di immagini\" dir=\"ltr\">\n\t\t\t<div class=\"elementor-image-carousel swiper-wrapper\" aria-live=\"off\">\n\t\t\t\t\t\t\t\t<div class=\"swiper-slide\" role=\"group\" aria-roledescription=\"slide\" aria-label=\"1 di 6\"><figure class=\"swiper-slide-inner\"><img class=\"swiper-slide-image swiper-lazy\" data-src=\"https:\/\/cofimar.ec\/wp-content\/uploads\/2024\/04\/certificado_brgs_logo.png\" alt=\"certificado brgs logo\" \/><div class=\"swiper-lazy-preloader\"><\/div><\/figure><\/div><div class=\"swiper-slide\" role=\"group\" aria-roledescription=\"slide\" aria-label=\"2 di 6\"><figure class=\"swiper-slide-inner\"><img class=\"swiper-slide-image swiper-lazy\" data-src=\"https:\/\/cofimar.ec\/wp-content\/uploads\/2024\/04\/certificado_asc_logo.png\" alt=\"certificado asc logo\" \/><div class=\"swiper-lazy-preloader\"><\/div><\/figure><\/div><div class=\"swiper-slide\" role=\"group\" aria-roledescription=\"slide\" aria-label=\"3 di 6\"><figure class=\"swiper-slide-inner\"><img class=\"swiper-slide-image swiper-lazy\" data-src=\"https:\/\/cofimar.ec\/wp-content\/uploads\/2024\/04\/certificado_bac_logo.png\" alt=\"certificado bac logo\" \/><div class=\"swiper-lazy-preloader\"><\/div><\/figure><\/div><div class=\"swiper-slide\" role=\"group\" aria-roledescription=\"slide\" aria-label=\"4 di 6\"><figure class=\"swiper-slide-inner\"><img class=\"swiper-slide-image swiper-lazy\" data-src=\"https:\/\/cofimar.ec\/wp-content\/uploads\/2024\/04\/certificado_bap_logo.png\" alt=\"certificado bap logo\" \/><div class=\"swiper-lazy-preloader\"><\/div><\/figure><\/div><div class=\"swiper-slide\" role=\"group\" aria-roledescription=\"slide\" aria-label=\"5 di 6\"><figure class=\"swiper-slide-inner\"><img class=\"swiper-slide-image swiper-lazy\" data-src=\"https:\/\/cofimar.ec\/wp-content\/uploads\/2024\/04\/certificado_sedex_logo.png\" alt=\"certificado sedex logo\" \/><div class=\"swiper-lazy-preloader\"><\/div><\/figure><\/div><div class=\"swiper-slide\" role=\"group\" aria-roledescription=\"slide\" aria-label=\"6 di 6\"><figure class=\"swiper-slide-inner\"><img class=\"swiper-slide-image swiper-lazy\" data-src=\"https:\/\/cofimar.ec\/wp-content\/uploads\/2024\/04\/certificado_haccp_logo.png\" alt=\"certificado haccp logo\" \/><div class=\"swiper-lazy-preloader\"><\/div><\/figure><\/div>\t\t\t<\/div>\n\t\t\t\t\t\t\t\t\t\t\t\t<div class=\"elementor-swiper-button elementor-swiper-button-prev\" role=\"button\" tabindex=\"0\">\n\t\t\t\t\t\t<svg aria-hidden=\"true\" class=\"e-font-icon-svg e-eicon-chevron-left\" viewbox=\"0 0 1000 1000\" xmlns=\"http:\/\/www.w3.org\/2000\/svg\"><path d=\"M646 125C629 125 613 133 604 142L308 442C296 454 292 471 292 487 292 504 296 521 308 533L604 854C617 867 629 875 646 875 663 875 679 871 692 858 704 846 713 829 713 812 713 796 708 779 692 767L438 487 692 225C700 217 708 204 708 187 708 171 704 154 692 142 675 129 663 125 646 125Z\"><\/path><\/svg>\t\t\t\t\t<\/div>\n\t\t\t\t\t<div class=\"elementor-swiper-button elementor-swiper-button-next\" role=\"button\" tabindex=\"0\">\n\t\t\t\t\t\t<svg aria-hidden=\"true\" class=\"e-font-icon-svg e-eicon-chevron-right\" viewbox=\"0 0 1000 1000\" xmlns=\"http:\/\/www.w3.org\/2000\/svg\"><path d=\"M696 533C708 521 713 504 713 487 713 471 708 454 696 446L400 146C388 133 375 125 354 125 338 125 325 129 313 142 300 154 292 171 292 187 292 204 296 221 308 233L563 492 304 771C292 783 288 800 288 817 288 833 296 850 308 863 321 871 338 875 354 875 371 875 388 867 400 854L696 533Z\"><\/path><\/svg>\t\t\t\t\t<\/div>\n\t\t\t\t\n\t\t\t\t\t\t\t\t\t<\/div>\n\t\t\t\t\t\t<\/div>\n\t\t\t\t<\/div>\n\t\t\t\t\t<\/div>\n\t\t\t\t<\/div>\n\t\t\t\t\t<\/div>\n\t\t\t\t<\/div>\n\t\t<div class=\"elementor-element elementor-element-760e98d e-flex e-con-boxed e-con e-parent\" data-id=\"760e98d\" data-element_type=\"container\" data-e-type=\"container\">\n\t\t\t\t\t<div class=\"e-con-inner\">\n\t\t\t\t<div class=\"elementor-element elementor-element-fc611f8 elementor-widget elementor-widget-heading\" data-id=\"fc611f8\" data-element_type=\"widget\" data-e-type=\"widget\" data-widget_type=\"heading.default\">\n\t\t\t\t<div class=\"elementor-widget-container\">\n\t\t\t\t\t<h2 class=\"elementor-heading-title elementor-size-default\">PRODOTTI<\/h2>\t\t\t\t<\/div>\n\t\t\t\t<\/div>\n\t\t\t\t<div class=\"elementor-element elementor-element-11fede5 elementor-widget elementor-widget-text-editor\" data-id=\"11fede5\" data-element_type=\"widget\" data-e-type=\"widget\" data-widget_type=\"text-editor.default\">\n\t\t\t\t<div class=\"elementor-widget-container\">\n\t\t\t\t\t\t\t\t\t<p>La nostra forza risiede nel controllo della nostra produzione e nell'acquisto da terzi, che ci permette di garantire una fornitura continua di prodotti. Crediamo nella promozione e nel mantenimento di un rapporto reciprocamente vantaggioso con i nostri clienti: in questo modo entrambi raggiungiamo il successo.<\/p>\t\t\t\t\t\t\t\t<\/div>\n\t\t\t\t<\/div>\n\t\t\t\t\t<\/div>\n\t\t\t\t<\/div>\n\t\t<div class=\"elementor-element elementor-element-e41ded5 e-flex e-con-boxed e-con e-parent\" data-id=\"e41ded5\" data-element_type=\"container\" data-e-type=\"container\">\n\t\t\t\t\t<div class=\"e-con-inner\">\n\t\t\t\t<div class=\"elementor-element elementor-element-2ba60a7 elementor-widget-divider--view-line elementor-widget elementor-widget-divider\" data-id=\"2ba60a7\" data-element_type=\"widget\" data-e-type=\"widget\" data-widget_type=\"divider.default\">\n\t\t\t\t<div class=\"elementor-widget-container\">\n\t\t\t\t\t\t\t<div class=\"elementor-divider\">\n\t\t\t<span class=\"elementor-divider-separator\">\n\t\t\t\t\t\t<\/span>\n\t\t<\/div>\n\t\t\t\t\t\t<\/div>\n\t\t\t\t<\/div>\n\t\t\t\t\t<\/div>\n\t\t\t\t<\/div>\n\t\t<div class=\"elementor-element elementor-element-7e22257 e-flex e-con-boxed e-con e-parent\" data-id=\"7e22257\" data-element_type=\"container\" data-e-type=\"container\">\n\t\t\t\t\t<div class=\"e-con-inner\">\n\t\t\t\t<div class=\"elementor-element elementor-element-b7be0b4 elementor-widget elementor-widget-heading\" data-id=\"b7be0b4\" data-element_type=\"widget\" data-e-type=\"widget\" data-widget_type=\"heading.default\">\n\t\t\t\t<div class=\"elementor-widget-container\">\n\t\t\t\t\t<h2 class=\"elementor-heading-title elementor-size-default\"><a href=\"https:\/\/cofimar.ec\/it\/medio-ambiente\/\">AMBIENTE<\/a><\/h2>\t\t\t\t<\/div>\n\t\t\t\t<\/div>\n\t\t\t\t<div class=\"elementor-element elementor-element-71c9b1f elementor-widget elementor-widget-text-editor\" data-id=\"71c9b1f\" data-element_type=\"widget\" data-e-type=\"widget\" data-widget_type=\"text-editor.default\">\n\t\t\t\t<div class=\"elementor-widget-container\">\n\t\t\t\t\t\t\t\t\t<p>Per Cofimar, la ricchezza e la biodiversit\u00e0 di Ayal\u00e1n si distinguono per le mangrovie e le foreste secche.<\/p><p>Contribuiamo alla conservazione della natura attraverso pratiche sostenibili come la riforestazione, che aiuta a sostenere una variet\u00e0 di uccelli e di vita marina per l'equilibrio ambientale.<\/p>\t\t\t\t\t\t\t\t<\/div>\n\t\t\t\t<\/div>\n\t\t\t\t<div class=\"elementor-element elementor-element-fd18137 medio_ambiente_banner elementor-widget elementor-widget-image\" data-id=\"fd18137\" data-element_type=\"widget\" data-e-type=\"widget\" data-widget_type=\"image.default\">\n\t\t\t\t<div class=\"elementor-widget-container\">\n\t\t\t\t\t\t\t\t\t\t\t\t\t\t\t\t<a href=\"https:\/\/cofimar.ec\/it\/medio-ambiente\/\">\n\t\t\t\t\t\t\t<img fetchpriority=\"high\" decoding=\"async\" width=\"1594\" height=\"794\" src=\"https:\/\/cofimar.ec\/wp-content\/uploads\/2024\/04\/medio-ambiente.jpg\" class=\"attachment-full size-full wp-image-27\" alt=\"medio ambiente\" srcset=\"https:\/\/cofimar.ec\/wp-content\/uploads\/2024\/04\/medio-ambiente.jpg 1594w, https:\/\/cofimar.ec\/wp-content\/uploads\/2024\/04\/medio-ambiente-600x299.jpg 600w, https:\/\/cofimar.ec\/wp-content\/uploads\/2024\/04\/medio-ambiente-300x149.jpg 300w, https:\/\/cofimar.ec\/wp-content\/uploads\/2024\/04\/medio-ambiente-1024x510.jpg 1024w, https:\/\/cofimar.ec\/wp-content\/uploads\/2024\/04\/medio-ambiente-768x383.jpg 768w, https:\/\/cofimar.ec\/wp-content\/uploads\/2024\/04\/medio-ambiente-1536x765.jpg 1536w, https:\/\/cofimar.ec\/wp-content\/uploads\/2024\/04\/medio-ambiente-640x319.jpg 640w\" sizes=\"(max-width: 1594px) 100vw, 1594px\" \/>\t\t\t\t\t\t\t\t<\/a>\n\t\t\t\t\t\t\t\t\t\t\t\t\t\t\t<\/div>\n\t\t\t\t<\/div>\n\t\t\t\t\t<\/div>\n\t\t\t\t<\/div>\n\t\t\t\t<\/div>","protected":false},"excerpt":{"rendered":"<p>SOMOS UN GRUPO PRODUCTOR Y EXPORTADOR CON LOS M\u00c1S ALTOS EST\u00c1NDARES DE CALIDAD SOMOS UN GRUPO PRODUCTOR Y EXPORTADOR CON LOS M\u00c1S ALTOS EST\u00c1NDARES DE CALIDAD Nuestro grupo es due\u00f1o de m\u00e1s de 2700 hect\u00e1reas de camaroneras que han sido certificadas por el Instituto Nacional de Pesca, as\u00ed como los laboratorios de donde provienen las [&hellip;]<\/p>\n","protected":false},"author":1,"featured_media":0,"parent":0,"menu_order":0,"comment_status":"closed","ping_status":"closed","template":"elementor_header_footer","meta":{"footnotes":""},"class_list":["post-13","page","type-page","status-publish","hentry"],"_links":{"self":[{"href":"https:\/\/cofimar.ec\/it\/wp-json\/wp\/v2\/pages\/13","targetHints":{"allow":["GET"]}}],"collection":[{"href":"https:\/\/cofimar.ec\/it\/wp-json\/wp\/v2\/pages"}],"about":[{"href":"https:\/\/cofimar.ec\/it\/wp-json\/wp\/v2\/types\/page"}],"author":[{"embeddable":true,"href":"https:\/\/cofimar.ec\/it\/wp-json\/wp\/v2\/users\/1"}],"replies":[{"embeddable":true,"href":"https:\/\/cofimar.ec\/it\/wp-json\/wp\/v2\/comments?post=13"}],"version-history":[{"count":460,"href":"https:\/\/cofimar.ec\/it\/wp-json\/wp\/v2\/pages\/13\/revisions"}],"predecessor-version":[{"id":2321,"href":"https:\/\/cofimar.ec\/it\/wp-json\/wp\/v2\/pages\/13\/revisions\/2321"}],"wp:attachment":[{"href":"https:\/\/cofimar.ec\/it\/wp-json\/wp\/v2\/media?parent=13"}],"curies":[{"name":"wp","href":"https:\/\/api.w.org\/{rel}","templated":true}]}}