{"id":2,"date":"2024-04-05T15:24:25","date_gmt":"2024-04-05T20:24:25","guid":{"rendered":"https:\/\/cofimar.ec\/?page_id=2"},"modified":"2025-06-12T12:33:52","modified_gmt":"2025-06-12T17:33:52","slug":"pagina-ejemplo","status":"publish","type":"page","link":"https:\/\/cofimar.ec\/it\/pagina-ejemplo\/","title":{"rendered":"Pagina di esempio"},"content":{"rendered":"<p>Questa \u00e8 una pagina di esempio. \u00c8 diversa da un post di un blog perch\u00e9 rimarr\u00e0 in un unico luogo e apparir\u00e0 nella navigazione del sito (nella maggior parte dei temi). La maggior parte delle persone inizia con una pagina \"About\" che li presenta ai potenziali visitatori del sito. Potrebbe essere qualcosa di simile:<\/p>\n\n\n\n<blockquote class=\"wp-block-quote is-layout-flow wp-block-quote-is-layout-flow\"><p>Benvenuti! Sono un cameriere di giorno, un aspirante attore di notte e questo \u00e8 il mio sito web. Vivo a Morelia, ho un cane di nome Firulais e mi piace il mezcal. (E i lunghi pomeriggi con il caff\u00e8)<\/p><\/blockquote>\n\n\n\n<p>...o qualcosa del genere:<\/p>\n\n\n\n<blockquote class=\"wp-block-quote is-layout-flow wp-block-quote-is-layout-flow\"><p>L'azienda Mariscos Recio \u00e8 stata fondata da Antonio Recio Mata. Inizi\u00f2 come una piccola azienda che forniva frutti di mare ad alberghi e ristoranti, ma a poco a poco si \u00e8 trasformata in un grande impero. Mariscos Recio, il mare al miglior prezzo.<\/p><\/blockquote>\n\n\n\n<p>Come nuovo utente di WordPress, si deve andare su <a href=\"https:\/\/cofimar.ec\/wp-admin\/\">la tua scrivania<\/a> per cancellare questa pagina e creare nuove pagine per i vostri contenuti. Buon divertimento!<\/p>","protected":false},"excerpt":{"rendered":"<p>Esta es una p\u00e1gina de ejemplo. Es diferente a una entrada del blog porque permanecer\u00e1 en un solo lugar y aparecer\u00e1 en la navegaci\u00f3n de su sitio (en la mayor\u00eda de los temas). La mayor\u00eda de las personas comienzan con una p\u00e1gina \u00abAcerca de\u00bb que les presenta a los visitantes potenciales del sitio. Podr\u00eda decir [&hellip;]<\/p>\n","protected":false},"author":1,"featured_media":0,"parent":0,"menu_order":0,"comment_status":"closed","ping_status":"open","template":"","meta":{"footnotes":""},"class_list":["post-2","page","type-page","status-publish","hentry"],"_links":{"self":[{"href":"https:\/\/cofimar.ec\/it\/wp-json\/wp\/v2\/pages\/2","targetHints":{"allow":["GET"]}}],"collection":[{"href":"https:\/\/cofimar.ec\/it\/wp-json\/wp\/v2\/pages"}],"about":[{"href":"https:\/\/cofimar.ec\/it\/wp-json\/wp\/v2\/types\/page"}],"author":[{"embeddable":true,"href":"https:\/\/cofimar.ec\/it\/wp-json\/wp\/v2\/users\/1"}],"replies":[{"embeddable":true,"href":"https:\/\/cofimar.ec\/it\/wp-json\/wp\/v2\/comments?post=2"}],"version-history":[{"count":1,"href":"https:\/\/cofimar.ec\/it\/wp-json\/wp\/v2\/pages\/2\/revisions"}],"predecessor-version":[{"id":2249,"href":"https:\/\/cofimar.ec\/it\/wp-json\/wp\/v2\/pages\/2\/revisions\/2249"}],"wp:attachment":[{"href":"https:\/\/cofimar.ec\/it\/wp-json\/wp\/v2\/media?parent=2"}],"curies":[{"name":"wp","href":"https:\/\/api.w.org\/{rel}","templated":true}]}}