{"id":2296,"date":"2025-08-25T11:56:15","date_gmt":"2025-08-25T16:56:15","guid":{"rendered":"https:\/\/cofimar.ec\/?page_id=2296"},"modified":"2025-08-25T12:46:27","modified_gmt":"2025-08-25T17:46:27","slug":"politica-de-cookies","status":"publish","type":"page","link":"https:\/\/cofimar.ec\/it\/politica-de-cookies\/","title":{"rendered":"Politica sui cookie"},"content":{"rendered":"<div data-elementor-type=\"wp-page\" data-elementor-id=\"2296\" class=\"elementor elementor-2296\">\n\t\t\t\t<div class=\"elementor-element elementor-element-44b1988 e-flex e-con-boxed e-con e-parent\" data-id=\"44b1988\" data-element_type=\"container\" data-e-type=\"container\">\n\t\t\t\t\t<div class=\"e-con-inner\">\n\t\t\t\t<div class=\"elementor-element elementor-element-518fbbc elementor-widget elementor-widget-heading\" data-id=\"518fbbc\" data-element_type=\"widget\" data-e-type=\"widget\" data-widget_type=\"heading.default\">\n\t\t\t\t<div class=\"elementor-widget-container\">\n\t\t\t\t\t<h1 class=\"elementor-heading-title elementor-size-default\">Politica sui cookie<\/h1>\t\t\t\t<\/div>\n\t\t\t\t<\/div>\n\t\t\t\t<div class=\"elementor-element elementor-element-4f27c74 elementor-widget elementor-widget-text-editor\" data-id=\"4f27c74\" data-element_type=\"widget\" data-e-type=\"widget\" data-widget_type=\"text-editor.default\">\n\t\t\t\t<div class=\"elementor-widget-container\">\n\t\t\t\t\t\t\t\t\t<h2>I.\u00a0\u00a0\u00a0\u00a0\u00a0 <u>INTRODUZIONE<\/u><\/h2><p>Lo scopo della presente Politica sui cookie \u00e8 quello di fornire agli utenti di COFIMAR S.A. informazioni chiare e comprensibili sull'uso dei cookie nel nostro sito web https:\/\/www.cofimar.ec. Questa politica \u00e8 conforme alla Legge Organica sulla Protezione dei Dati Personali (LOPDP), al suo Regolamento e alle altre normative applicabili in Ecuador.<\/p><p>L'uso dei cookie ci consente di migliorare l'esperienza di navigazione, di personalizzare i contenuti, di ottimizzare le prestazioni del sito web e di effettuare analisi di utilizzo per offrire servizi personalizzati in base ai vostri interessi. Attraverso questo documento, cerchiamo di garantire la trasparenza nella raccolta e nel trattamento dei dati derivanti dall'uso di queste tecnologie, sulla base di un consenso informato e gestibile.<\/p><h2>II.\u00a0\u00a0\u00a0\u00a0\u00a0 <u>COSA SONO I BISCOTTI?<\/u><\/h2><p>I cookie sono piccoli file di testo che vengono memorizzati nel browser dell'utente quando accede a un sito web. Questi file contengono informazioni che ci permettono di identificare il dispositivo dell'utente e di raccogliere dati sull'attivit\u00e0 dell'utente sul sito web, come le preferenze linguistiche, le pagine visitate o le impostazioni salvate.<\/p><p>I cookie non raccolgono direttamente informazioni sensibili, come dati bancari o documenti d'identit\u00e0, e il loro utilizzo \u00e8 limitato alle finalit\u00e0 specifiche descritte di seguito.<\/p><h2>III.\u00a0\u00a0\u00a0\u00a0\u00a0 <u>QUALI INFORMAZIONI MEMORIZZA UN COOKIE?<\/u><\/h2><p>I cookie di solito non memorizzano informazioni sensibili sull'utente, come i dati della carta di credito o bancari, le fotografie, la carta d'identit\u00e0 o le informazioni personali, ecc. I dati che memorizzano sono di natura tecnica, preferenze personali, personalizzazione dei contenuti, ecc. Il server web non associa l'utente come persona, ma il suo browser. Infatti, se di solito navigate con Internet Explorer e provate a navigare nello stesso sito web con Firefox o Chrome, vedrete che il web non si rende conto che siete la stessa persona perch\u00e9 in realt\u00e0 associa il browser, non la persona.<\/p><h2>IV.\u00a0\u00a0\u00a0\u00a0\u00a0 <u>TIPI DI COOKIE<\/u><\/h2><p>Sul nostro sito web utilizziamo cookie propri e di terzi, classificati in base alla loro origine, durata e finalit\u00e0:<\/p><ol><li>I tipi di cookie dipendono dall'entit\u00e0 che li gestisce:<br \/><p>a) Cookie di prima parte: si tratta di cookie che vengono installati sul dispositivo dell'utente direttamente dal nostro sito web. Sono cio\u00e8 gestiti da noi per fornire i servizi richiesti dall'utente durante la navigazione del sito.<\/p><p>b) Cookie di terze parti: si tratta di cookie installati sul dispositivo dell'utente da un dominio diverso dal nostro. Sono gestiti da altre societ\u00e0 che elaborano le informazioni ottenute attraverso questi cookie, ad esempio per offrire servizi di analisi o pubblicit\u00e0.<\/p><\/li><li>Tipi di cookie in base alla durata della loro attivazione:<br \/><p>a) Cookie di sessione: si tratta di un tipo di cookie progettato per raccogliere e memorizzare dati durante l'accesso dell'utente a un sito web. Di solito vengono utilizzati per memorizzare informazioni che devono essere conservate solo per la fornitura del servizio richiesto dall'utente in una singola occasione (ad esempio, un elenco di prodotti acquistati).<\/p><p>b) Cookie persistenti: Si tratta di un tipo di cookie in cui i dati rimangono memorizzati nel terminale, possono essere consultati ed elaborati per un periodo definito dall'editore del cookie, che pu\u00f2 variare da pochi minuti a diversi anni.<\/p><\/li><li>Tipi di cookie in base al loro scopo:<br \/><p>a) Cookie necessari: si tratta di cookie che contribuiscono a rendere utilizzabile un sito web consentendo funzioni di base come la navigazione delle pagine e l'accesso ad aree sicure del sito. Il sito web non pu\u00f2 funzionare correttamente senza questi cookie.<\/p><p>b) Cookie tecnici: sono quelli che permettono all'utente di navigare su un sito web, una piattaforma o un'applicazione e di utilizzare le diverse opzioni o servizi presenti su di essa come, ad esempio, il controllo del traffico e della comunicazione dei dati, l'identificazione della sessione, l'accesso a parti ad accesso limitato, la memorizzazione degli elementi che compongono un ordine, l'esecuzione del processo di acquisto di un ordine, la richiesta di registrazione o la partecipazione a un evento, l'utilizzo di elementi di sicurezza durante la navigazione, la memorizzazione di contenuti per la diffusione di video o suoni o la condivisione di contenuti attraverso i social network.<\/p><p>c) Cookie di personalizzazione: questi cookie consentono all'utente di accedere al servizio con determinate caratteristiche generali predefinite in base a una serie di criteri presenti nel terminale dell'utente, come la lingua, il tipo di browser utilizzato per accedere al servizio, la configurazione regionale da cui si accede al servizio, ecc.<\/p><p>d) Cookie di analisi: questi cookie consentono all'editore di monitorare e analizzare il comportamento degli utenti dei siti web a cui sono collegati. Le informazioni raccolte attraverso questo tipo di cookie vengono utilizzate per misurare l'attivit\u00e0 dei siti web, delle applicazioni o delle piattaforme e per l'elaborazione di profili di navigazione degli utenti di tali siti web, applicazioni e piattaforme, al fine di introdurre miglioramenti basati sull'analisi dei dati relativi all'utilizzo da parte degli utenti del servizio.<\/p><p>e) Cookie pubblicitari: sono quelli che consentono di gestire nel modo pi\u00f9 efficace possibile gli spazi pubblicitari che, se del caso, l'editore ha inserito in un sito web, un'applicazione o una piattaforma da cui viene fornito il servizio richiesto, in base a criteri quali il contenuto modificato o la frequenza con cui vengono mostrati gli annunci.<\/p><p>f) Cookie di pubblicit\u00e0 comportamentale: questi cookie consentono di gestire nel modo pi\u00f9 efficace possibile gli spazi pubblicitari che, se del caso, l'editore ha inserito in un sito web, un'applicazione o una piattaforma da cui viene fornito il servizio richiesto. Questi cookie memorizzano informazioni sul comportamento degli utenti ottenute attraverso l'osservazione continua delle loro abitudini di navigazione, che consentono di sviluppare un profilo specifico per visualizzare pubblicit\u00e0 in base allo stesso, sulla base di una decisione automatizzata.<\/p><\/li><\/ol><h2>V.\u00a0\u00a0\u00a0\u00a0\u00a0 <u>FINALIT\u00c0 DELL'UTILIZZO DEI COOKIE<\/u><\/h2><p>Le finalit\u00e0 principali dei cookie utilizzati da COFIMAR sono:<\/p><ul><li>Per facilitare la navigazione sul sito web e ricordare le impostazioni dell'utente.<\/li><li>Analizzare il comportamento degli utenti per migliorare i contenuti e i servizi offerti.<\/li><li>Personalizzare l'esperienza di navigazione e visualizzare contenuti pertinenti.<\/li><li>Gestire e ottimizzare le campagne pubblicitarie in base agli interessi identificati.<\/li><\/ul><h2>VI.\u00a0\u00a0\u00a0\u00a0\u00a0 <u>GESTIONE E CONTROLLO DEI COOKIE<\/u><\/h2><p>L'utente ha il pieno controllo sull'accettazione o il rifiuto dei cookie. L'utente pu\u00f2 impostare il proprio browser in modo da bloccarli o eliminarli in qualsiasi momento. Si noti che disabilitando alcuni cookie, alcune funzioni del sito potrebbero non essere disponibili o potrebbero essere visualizzati errori.<\/p><p>Di seguito sono riportati i link alle pagine di configurazione dei principali browser:<\/p><ul><li>Google Chrome<\/li><li>Mozilla Firefox<\/li><li>MacOS Desktop Safari<\/li><li>Dispositivi mobili MacOS Safari<\/li><li>Microsoft Edge<\/li><\/ul><h2>VII.\u00a0\u00a0\u00a0\u00a0\u00a0 <u>CONSENSO ALL'UTILIZZO DEI COOKIE<\/u><\/h2><p>Quando si accede per la prima volta al sito web di COFIMAR, viene presentato un banner informativo in cui \u00e8 possibile accettare o rifiutare l'uso di cookie non necessari. Il vostro consenso sar\u00e0 memorizzato e potr\u00e0 essere revocato in qualsiasi momento dalle opzioni del vostro browser o utilizzando gli strumenti di gestione dei cookie, vedi appendice.<\/p><h2>VIII.\u00a0\u00a0\u00a0\u00a0\u00a0 <u>TRASFERIMENTI INTERNAZIONALI<\/u><\/h2><p>Accettando i cookie, l'utente acconsente volontariamente al suddetto trattamento dei dati. Ci\u00f2 include anche, per un periodo limitato, il consenso al trattamento dei dati al di fuori dell'Ecuador, ad esempio negli Stati Uniti. In questi paesi, nonostante l'accurata selezione e l'obbligo dei fornitori di servizi, non \u00e8 possibile garantire un elevato livello di protezione dei dati.<\/p><p>Se i dati vengono trasferiti negli Stati Uniti, vi \u00e8 ad esempio il rischio che le autorit\u00e0 statunitensi li trattino a fini di controllo e monitoraggio senza che siano disponibili rimedi legali efficaci o senza che tutti i diritti dell'interessato possano essere fatti valere. \u00c8 possibile revocare il proprio consenso in qualsiasi momento, come spiegato di seguito.<\/p><h2>IX.\u00a0\u00a0\u00a0\u00a0\u00a0 <u>SICUREZZA DEI DATI RACCOLTI<\/u><\/h2><p>COFIMAR adotta ragionevoli misure di sicurezza in linea con gli standard internazionali per proteggere le informazioni raccolte attraverso i cookie, tra cui l'anonimizzazione dell'IP e l'accesso limitato ai dati analitici.<\/p><table><thead><tr><th>Nome<\/th><th>Durata<\/th><th>Oggetto<\/th><th>Solo utenti registrati?<\/th><\/tr><\/thead><tbody><tr><td><strong>wordpresshash.<\/strong><\/td><td>\u00a0<\/td><td>WordPress utilizza il cookie wordpress-hash per memorizzare i dati di autenticazione. Il suo utilizzo \u00e8 limitato all'area della schermata di amministrazione, \/wp-admin\/.<\/td><td>S\u00ec,<\/td><\/tr><tr><td><strong>wordpress.logged.in.<\/strong><\/td><td>Sessione<\/td><td>Ricorda la sessione dell'utente. WordPress imposta il cookie dopo l'accesso wordpress.logged.in.hash, che indica quando si \u00e8 effettuato l'accesso e chi si \u00e8, per la maggior parte dell'utilizzo dell'interfaccia.<\/td><td>S\u00ec,<\/td><\/tr><tr><td><strong>wordpres.test.cookie<\/strong><\/td><td>Sessione<\/td><td>Verifica se il cookie pu\u00f2 essere impostato. WordPress imposta anche il cookie wordpress-test-cookie per verificare se i cookie sono abilitati nel browser, in modo da fornire agli utenti la giusta esperienza d'uso. Questo cookie viene utilizzato sul front-end, anche se l'utente non ha effettuato l'accesso.<\/td><td>No, no<\/td><\/tr><tr><td><strong>wp-settings-.usder.id.<\/strong><\/td><td>1 anno<\/td><td>Cookie di personalizzazione. Utilizzato per persistere la configurazione di un utente wp-admin. L'ID \u00e8 quello dell'utente. Viene utilizzato per personalizzare la visualizzazione dell'interfaccia di amministrazione ed eventualmente anche l'interfaccia principale del sito.<\/td><td>S\u00ec,<\/td><\/tr><tr><td><strong>wp-impostazioni-tempo-utente.<\/strong><\/td><td>1 anno<\/td><td>Ora in cui \u00e8 stato impostato wp-settings-usus.<\/td><td>S\u00ec,<\/td><\/tr><tr><td><strong>wp-qualificazione-post<\/strong><\/td><td>1 giorno<\/td><td>Cookie di salvataggio automatico: wp-sal-post \u00e8 un cookie di WordPress creato quando un post viene salvato nell'editor. Viene utilizzato per verificare se esiste un post salvato per un post attualmente in fase di modifica. Se esiste, l'utente pu\u00f2 ripristinare i dati.<\/td><td>S\u00ec,<\/td><\/tr><tr><td><strong>wp-postpass-hash.<\/strong><\/td><td>10 giorni<\/td><td>Utilizzato per accedere se un post \u00e8 protetto da password.<\/td><td>No, no<\/td><\/tr><tr><td><strong>wordpress.sec<\/strong><\/td><td>\u00a0<\/td><td>\u00a0<\/td><td>S\u00ec,<\/td><\/tr><\/tbody><\/table><h2>X.\u00a0\u00a0\u00a0\u00a0\u00a0 <u>CONTATTO<\/u><\/h2><p>Per ulteriori informazioni sulla presente informativa, o per esercitare i propri diritti relativi al trattamento dei dati personali, \u00e8 possibile scrivere all'indirizzo: protecciondedatos@cofimar.com.ec.<\/p><h2>XI.\u00a0\u00a0\u00a0\u00a0\u00a0 <u>AGGIORNAMENTI DI QUESTA POLITICA<\/u><\/h2><p>COFIMAR pu\u00f2 aggiornare la presente Politica sui cookie in qualsiasi momento. Gli aggiornamenti saranno notificati sul sito web, compresa la data dell'ultima modifica. Si consiglia all'utente di rivederla periodicamente per rimanere informato sulle modifiche applicabili.<\/p>\t\t\t\t\t\t\t\t<\/div>\n\t\t\t\t<\/div>\n\t\t\t\t<div class=\"elementor-element elementor-element-8c03e04 elementor-widget elementor-widget-spacer\" data-id=\"8c03e04\" data-element_type=\"widget\" data-e-type=\"widget\" data-widget_type=\"spacer.default\">\n\t\t\t\t<div class=\"elementor-widget-container\">\n\t\t\t\t\t\t\t<div class=\"elementor-spacer\">\n\t\t\t<div class=\"elementor-spacer-inner\"><\/div>\n\t\t<\/div>\n\t\t\t\t\t\t<\/div>\n\t\t\t\t<\/div>\n\t\t\t\t\t<\/div>\n\t\t\t\t<\/div>\n\t\t\t\t<\/div>","protected":false},"excerpt":{"rendered":"<p>Pol\u00edtica de cookies I.\u00a0\u00a0\u00a0\u00a0\u00a0 INTRODUCCI\u00d3N La presente Pol\u00edtica de Cookies tiene como objetivo proporcionar a los usuarios de COFIMAR S.A. informaci\u00f3n clara y comprensible sobre el uso de cookies en nuestro sitio web https:\/\/www.cofimar.ec. Esta pol\u00edtica est\u00e1 alineada con la Ley Org\u00e1nica de Protecci\u00f3n de Datos Personales (LOPDP), su Reglamento y otras normativas aplicables en [&hellip;]<\/p>\n","protected":false},"author":1,"featured_media":0,"parent":0,"menu_order":0,"comment_status":"closed","ping_status":"closed","template":"elementor_header_footer","meta":{"footnotes":""},"class_list":["post-2296","page","type-page","status-publish","hentry"],"_links":{"self":[{"href":"https:\/\/cofimar.ec\/it\/wp-json\/wp\/v2\/pages\/2296","targetHints":{"allow":["GET"]}}],"collection":[{"href":"https:\/\/cofimar.ec\/it\/wp-json\/wp\/v2\/pages"}],"about":[{"href":"https:\/\/cofimar.ec\/it\/wp-json\/wp\/v2\/types\/page"}],"author":[{"embeddable":true,"href":"https:\/\/cofimar.ec\/it\/wp-json\/wp\/v2\/users\/1"}],"replies":[{"embeddable":true,"href":"https:\/\/cofimar.ec\/it\/wp-json\/wp\/v2\/comments?post=2296"}],"version-history":[{"count":10,"href":"https:\/\/cofimar.ec\/it\/wp-json\/wp\/v2\/pages\/2296\/revisions"}],"predecessor-version":[{"id":2307,"href":"https:\/\/cofimar.ec\/it\/wp-json\/wp\/v2\/pages\/2296\/revisions\/2307"}],"wp:attachment":[{"href":"https:\/\/cofimar.ec\/it\/wp-json\/wp\/v2\/media?parent=2296"}],"curies":[{"name":"wp","href":"https:\/\/api.w.org\/{rel}","templated":true}]}}