{"id":2,"date":"2024-04-05T15:24:25","date_gmt":"2024-04-05T20:24:25","guid":{"rendered":"https:\/\/cofimar.ec\/?page_id=2"},"modified":"2025-06-12T12:33:52","modified_gmt":"2025-06-12T17:33:52","slug":"pagina-ejemplo","status":"publish","type":"page","link":"https:\/\/cofimar.ec\/pt\/pagina-ejemplo\/","title":{"rendered":"P\u00e1gina de exemplo"},"content":{"rendered":"<p>Esta \u00e9 uma p\u00e1gina de exemplo. Ela \u00e9 diferente de uma postagem de blog porque permanecer\u00e1 em um \u00fanico lugar e aparecer\u00e1 na navega\u00e7\u00e3o do seu site (na maioria dos temas). A maioria das pessoas come\u00e7a com uma p\u00e1gina \"Sobre\" que as apresenta aos poss\u00edveis visitantes do site. Ela pode ser mais ou menos assim:<\/p>\n\n\n\n<blockquote class=\"wp-block-quote is-layout-flow wp-block-quote-is-layout-flow\"><p>Bem-vindo! Sou gar\u00e7om durante o dia, aspirante a ator \u00e0 noite e este \u00e9 o meu site. Moro em Morelia, tenho um cachorro chamado Firulais e gosto de mezcal. (E longas tardes com caf\u00e9)<\/p><\/blockquote>\n\n\n\n<p>...ou algo do g\u00eanero:<\/p>\n\n\n\n<blockquote class=\"wp-block-quote is-layout-flow wp-block-quote-is-layout-flow\"><p>A empresa Mariscos Recio foi fundada por Antonio Recio Mata. Come\u00e7ou como uma pequena empresa que fornecia frutos do mar para hot\u00e9is e restaurantes, mas pouco a pouco se transformou em um grande imp\u00e9rio. Mariscos Recio, o mar com o melhor pre\u00e7o.<\/p><\/blockquote>\n\n\n\n<p>Como um novo usu\u00e1rio do WordPress, voc\u00ea deve ir para <a href=\"https:\/\/cofimar.ec\/wp-admin\/\">sua mesa<\/a> para excluir esta p\u00e1gina e criar novas p\u00e1ginas para seu conte\u00fado. Divirta-se!<\/p>","protected":false},"excerpt":{"rendered":"<p>Esta es una p\u00e1gina de ejemplo. Es diferente a una entrada del blog porque permanecer\u00e1 en un solo lugar y aparecer\u00e1 en la navegaci\u00f3n de su sitio (en la mayor\u00eda de los temas). La mayor\u00eda de las personas comienzan con una p\u00e1gina \u00abAcerca de\u00bb que les presenta a los visitantes potenciales del sitio. Podr\u00eda decir [&hellip;]<\/p>\n","protected":false},"author":1,"featured_media":0,"parent":0,"menu_order":0,"comment_status":"closed","ping_status":"open","template":"","meta":{"footnotes":""},"class_list":["post-2","page","type-page","status-publish","hentry"],"_links":{"self":[{"href":"https:\/\/cofimar.ec\/pt\/wp-json\/wp\/v2\/pages\/2","targetHints":{"allow":["GET"]}}],"collection":[{"href":"https:\/\/cofimar.ec\/pt\/wp-json\/wp\/v2\/pages"}],"about":[{"href":"https:\/\/cofimar.ec\/pt\/wp-json\/wp\/v2\/types\/page"}],"author":[{"embeddable":true,"href":"https:\/\/cofimar.ec\/pt\/wp-json\/wp\/v2\/users\/1"}],"replies":[{"embeddable":true,"href":"https:\/\/cofimar.ec\/pt\/wp-json\/wp\/v2\/comments?post=2"}],"version-history":[{"count":1,"href":"https:\/\/cofimar.ec\/pt\/wp-json\/wp\/v2\/pages\/2\/revisions"}],"predecessor-version":[{"id":2249,"href":"https:\/\/cofimar.ec\/pt\/wp-json\/wp\/v2\/pages\/2\/revisions\/2249"}],"wp:attachment":[{"href":"https:\/\/cofimar.ec\/pt\/wp-json\/wp\/v2\/media?parent=2"}],"curies":[{"name":"wp","href":"https:\/\/api.w.org\/{rel}","templated":true}]}}