{"id":2296,"date":"2025-08-25T11:56:15","date_gmt":"2025-08-25T16:56:15","guid":{"rendered":"https:\/\/cofimar.ec\/?page_id=2296"},"modified":"2025-08-25T12:46:27","modified_gmt":"2025-08-25T17:46:27","slug":"politica-de-cookies","status":"publish","type":"page","link":"https:\/\/cofimar.ec\/pt\/politica-de-cookies\/","title":{"rendered":"Pol\u00edtica de cookies"},"content":{"rendered":"<div data-elementor-type=\"wp-page\" data-elementor-id=\"2296\" class=\"elementor elementor-2296\">\n\t\t\t\t<div class=\"elementor-element elementor-element-44b1988 e-flex e-con-boxed e-con e-parent\" data-id=\"44b1988\" data-element_type=\"container\" data-e-type=\"container\">\n\t\t\t\t\t<div class=\"e-con-inner\">\n\t\t\t\t<div class=\"elementor-element elementor-element-518fbbc elementor-widget elementor-widget-heading\" data-id=\"518fbbc\" data-element_type=\"widget\" data-e-type=\"widget\" data-widget_type=\"heading.default\">\n\t\t\t\t<div class=\"elementor-widget-container\">\n\t\t\t\t\t<h1 class=\"elementor-heading-title elementor-size-default\">Pol\u00edtica de cookies<\/h1>\t\t\t\t<\/div>\n\t\t\t\t<\/div>\n\t\t\t\t<div class=\"elementor-element elementor-element-4f27c74 elementor-widget elementor-widget-text-editor\" data-id=\"4f27c74\" data-element_type=\"widget\" data-e-type=\"widget\" data-widget_type=\"text-editor.default\">\n\t\t\t\t<div class=\"elementor-widget-container\">\n\t\t\t\t\t\t\t\t\t<h2>I.\u00a0\u00a0\u00a0\u00a0\u00a0 <u>INTRODU\u00c7\u00c3O<\/u><\/h2><p>O objetivo desta Pol\u00edtica de Cookies \u00e9 fornecer aos usu\u00e1rios da COFIMAR S.A. informa\u00e7\u00f5es claras e compreens\u00edveis sobre o uso de cookies em nosso site https:\/\/www.cofimar.ec. Esta pol\u00edtica est\u00e1 alinhada com a Lei Org\u00e2nica de Prote\u00e7\u00e3o de Dados Pessoais (LOPDP), seus Regulamentos e outros regulamentos aplic\u00e1veis no Equador.<\/p><p>O uso de cookies nos permite melhorar a experi\u00eancia de navega\u00e7\u00e3o, personalizar o conte\u00fado, otimizar o desempenho do site e realizar an\u00e1lises de uso para oferecer servi\u00e7os adaptados aos seus interesses. Por meio deste documento, buscamos garantir a transpar\u00eancia na coleta e no processamento de dados derivados do uso dessas tecnologias, com base no consentimento informado e gerenci\u00e1vel.<\/p><h2>II.\u00a0\u00a0\u00a0\u00a0\u00a0 <u>O QUE S\u00c3O COOKIES?<\/u><\/h2><p>Cookies s\u00e3o pequenos arquivos de texto que s\u00e3o armazenados no navegador do usu\u00e1rio ao acessar um site. Esses arquivos cont\u00eam informa\u00e7\u00f5es que nos permitem identificar o dispositivo do usu\u00e1rio e coletar dados sobre a atividade do usu\u00e1rio na Web, como prefer\u00eancias de idioma, p\u00e1ginas visitadas ou configura\u00e7\u00f5es salvas.<\/p><p>Os cookies n\u00e3o coletam diretamente informa\u00e7\u00f5es confidenciais, como dados banc\u00e1rios ou documentos de identidade, e seu uso \u00e9 limitado \u00e0s finalidades espec\u00edficas detalhadas abaixo.<\/p><h2>III.\u00a0\u00a0\u00a0\u00a0\u00a0 <u>QUAIS INFORMA\u00c7\u00d5ES UM COOKIE ARMAZENA?<\/u><\/h2><p>Em geral, os cookies n\u00e3o armazenam informa\u00e7\u00f5es confidenciais sobre o usu\u00e1rio, como dados banc\u00e1rios ou de cart\u00e3o de cr\u00e9dito, fotografias, sua carteira de identidade ou informa\u00e7\u00f5es pessoais, etc. Os dados que eles armazenam s\u00e3o de natureza t\u00e9cnica, prefer\u00eancias pessoais, personaliza\u00e7\u00e3o de conte\u00fado, etc. O servidor da Web n\u00e3o associa voc\u00ea como pessoa, mas sim seu navegador da Web. Na verdade, se voc\u00ea costuma navegar com o Internet Explorer e tentar navegar no mesmo site com o Firefox ou o Chrome, ver\u00e1 que a Web n\u00e3o percebe que voc\u00ea \u00e9 a mesma pessoa, porque na verdade est\u00e1 associando o navegador, n\u00e3o a pessoa.<\/p><h2>IV.\u00a0\u00a0\u00a0\u00a0\u00a0 <u>TIPOS DE COOKIES<\/u><\/h2><p>Usamos cookies pr\u00f3prios e de terceiros em nosso site, classificados de acordo com sua origem, dura\u00e7\u00e3o e finalidade:<\/p><ol><li>Tipos de cookies, dependendo da entidade que os gerencia:<br \/><p>a) Cookies prim\u00e1rios: s\u00e3o cookies instalados no dispositivo do usu\u00e1rio diretamente do nosso site. Ou seja, eles s\u00e3o gerenciados por n\u00f3s para fornecer os servi\u00e7os solicitados pelo usu\u00e1rio ao navegar no site.<\/p><p>b) Cookies de terceiros: s\u00e3o cookies instalados no dispositivo do usu\u00e1rio a partir de um dom\u00ednio diferente do nosso. Eles s\u00e3o gerenciados por outras empresas que processam as informa\u00e7\u00f5es obtidas por meio desses cookies, por exemplo, para oferecer servi\u00e7os de an\u00e1lise ou publicidade.<\/p><\/li><li>Tipos de cookies de acordo com o per\u00edodo de tempo em que permanecem ativados:<br \/><p>a) Cookies de sess\u00e3o: s\u00e3o um tipo de cookie projetado para coletar e armazenar dados enquanto o usu\u00e1rio acessa um site. Geralmente s\u00e3o usados para armazenar informa\u00e7\u00f5es que s\u00f3 precisam ser mantidas para o fornecimento do servi\u00e7o solicitado pelo usu\u00e1rio em uma \u00fanica ocasi\u00e3o (por exemplo, uma lista de produtos comprados).<\/p><p>b) Cookies persistentes: S\u00e3o um tipo de cookie no qual os dados permanecem armazenados no terminal, podem ser acessados e processados por um per\u00edodo definido pelo editor do cookie, que pode variar de alguns minutos a v\u00e1rios anos.<\/p><\/li><li>Tipos de cookies de acordo com sua finalidade:<br \/><p>a) Cookies necess\u00e1rios: s\u00e3o cookies que ajudam a tornar um site utiliz\u00e1vel, permitindo fun\u00e7\u00f5es b\u00e1sicas, como navega\u00e7\u00e3o na p\u00e1gina e acesso a \u00e1reas seguras do site. O site n\u00e3o pode funcionar adequadamente sem esses cookies.<\/p><p>b) Cookies t\u00e9cnicos: s\u00e3o aqueles que permitem ao usu\u00e1rio navegar por um site, plataforma ou aplicativo e usar as diferentes op\u00e7\u00f5es ou servi\u00e7os existentes nele, como, por exemplo, controlar o tr\u00e1fego e a comunica\u00e7\u00e3o de dados, identificar a sess\u00e3o, acessar partes de acesso restrito, lembrar os elementos que comp\u00f5em um pedido, realizar o processo de compra de um pedido, fazer a solicita\u00e7\u00e3o de registro ou participa\u00e7\u00e3o em um evento, usar elementos de seguran\u00e7a durante a navega\u00e7\u00e3o, armazenar conte\u00fado para a divulga\u00e7\u00e3o de v\u00eddeos ou som ou compartilhar conte\u00fado por meio de redes sociais.<\/p><p>c) Cookies de personaliza\u00e7\u00e3o: esses cookies permitem que o usu\u00e1rio acesse o servi\u00e7o com determinadas caracter\u00edsticas gerais predefinidas, dependendo de uma s\u00e9rie de crit\u00e9rios no terminal do usu\u00e1rio, como o idioma, o tipo de navegador usado para acessar o servi\u00e7o, a configura\u00e7\u00e3o regional a partir da qual o servi\u00e7o \u00e9 acessado, etc.<\/p><p>d) Cookies de an\u00e1lise: esses cookies permitem que o editor monitore e analise o comportamento dos usu\u00e1rios dos sites aos quais est\u00e3o vinculados. As informa\u00e7\u00f5es coletadas por meio desse tipo de cookies s\u00e3o usadas para medir a atividade dos sites, aplicativos ou plataformas e para a elabora\u00e7\u00e3o de perfis de navega\u00e7\u00e3o dos usu\u00e1rios dos referidos sites, aplicativos e plataformas, a fim de introduzir melhorias com base na an\u00e1lise dos dados sobre o uso feito pelos usu\u00e1rios do servi\u00e7o.<\/p><p>e) Cookies publicit\u00e1rios: s\u00e3o aqueles que permitem a gest\u00e3o, da forma mais eficaz poss\u00edvel, dos espa\u00e7os publicit\u00e1rios que, se for o caso, o editor tenha inclu\u00eddo em um site, aplicativo ou plataforma a partir da qual se presta o servi\u00e7o solicitado com base em crit\u00e9rios como o conte\u00fado editado ou a frequ\u00eancia com que os an\u00fancios s\u00e3o exibidos.<\/p><p>f) Cookies de publicidade comportamental: Esses cookies permitem a gest\u00e3o, da forma mais eficaz poss\u00edvel, dos espa\u00e7os publicit\u00e1rios que, se for o caso, o editor incluiu em um site, aplicativo ou plataforma a partir do qual o servi\u00e7o solicitado \u00e9 fornecido. Esses cookies armazenam informa\u00e7\u00f5es sobre o comportamento dos usu\u00e1rios obtidas por meio da observa\u00e7\u00e3o cont\u00ednua de seus h\u00e1bitos de navega\u00e7\u00e3o, o que permite desenvolver um perfil espec\u00edfico para exibir publicidade com base no mesmo, com base em uma decis\u00e3o automatizada.<\/p><\/li><\/ol><h2>V.\u00a0\u00a0\u00a0\u00a0\u00a0 <u>FINALIDADE DO USO DE COOKIES<\/u><\/h2><p>As principais finalidades dos cookies usados pela COFIMAR s\u00e3o:<\/p><ul><li>Para facilitar a navega\u00e7\u00e3o no site e lembrar as configura\u00e7\u00f5es do usu\u00e1rio.<\/li><li>Analisar o comportamento do usu\u00e1rio para melhorar o conte\u00fado e os servi\u00e7os oferecidos.<\/li><li>Personalizar a experi\u00eancia de navega\u00e7\u00e3o e exibir conte\u00fado relevante.<\/li><li>Gerenciar e otimizar campanhas publicit\u00e1rias com base nos interesses identificados.<\/li><\/ul><h2>VI.\u00a0\u00a0\u00a0\u00a0\u00a0 <u>GERENCIAMENTO E CONTROLE DE COOKIES<\/u><\/h2><p>O usu\u00e1rio tem controle total sobre a aceita\u00e7\u00e3o ou rejei\u00e7\u00e3o de cookies. Voc\u00ea pode configurar seu navegador para bloque\u00e1-los ou exclu\u00ed-los a qualquer momento. Observe que, ao desativar determinados cookies, alguns recursos do site podem n\u00e3o estar dispon\u00edveis ou podem apresentar erros.<\/p><p>Abaixo, fornecemos links para as p\u00e1ginas de configura\u00e7\u00e3o dos principais navegadores:<\/p><ul><li>Google Chrome<\/li><li>Mozilla Firefox<\/li><li>MacOS Desktop Safari<\/li><li>Dispositivos m\u00f3veis MacOS Safari<\/li><li>Microsoft Edge<\/li><\/ul><h2>VII.\u00a0\u00a0\u00a0\u00a0\u00a0 <u>CONSENTIMENTO PARA O USO DE COOKIES<\/u><\/h2><p>Ao acessar o site da COFIMAR pela primeira vez, voc\u00ea ver\u00e1 um banner informativo no qual poder\u00e1 aceitar ou rejeitar o uso de cookies desnecess\u00e1rios. Seu consentimento ser\u00e1 armazenado e poder\u00e1 ser revogado a qualquer momento nas op\u00e7\u00f5es de seu navegador ou usando ferramentas de gerenciamento de cookies, consulte o ap\u00eandice.<\/p><h2>VIII.\u00a0\u00a0\u00a0\u00a0\u00a0 <u>TRANSFER\u00caNCIAS INTERNACIONAIS<\/u><\/h2><p>Ao aceitar cookies, voc\u00ea concorda voluntariamente com o processamento de dados mencionado acima. Isso tamb\u00e9m inclui, por um per\u00edodo limitado, seu consentimento para o processamento de dados fora do Equador, por exemplo, nos EUA. Nesses pa\u00edses, apesar da sele\u00e7\u00e3o cuidadosa e da obriga\u00e7\u00e3o dos prestadores de servi\u00e7os, o alto n\u00edvel de prote\u00e7\u00e3o de dados n\u00e3o pode ser garantido.<\/p><p>Se os dados forem transferidos para os EUA, h\u00e1, por exemplo, o risco de que as autoridades dos EUA processem esses dados para fins de controle e monitoramento sem que haja recursos legais efetivos dispon\u00edveis ou sem que todos os direitos do titular dos dados possam ser aplicados. Voc\u00ea pode revogar seu consentimento a qualquer momento, conforme explicado abaixo.<\/p><h2>IX.\u00a0\u00a0\u00a0\u00a0\u00a0 <u>SEGURAN\u00c7A DOS DADOS COLETADOS<\/u><\/h2><p>A COFIMAR adota medidas de seguran\u00e7a razo\u00e1veis, de acordo com os padr\u00f5es internacionais, para proteger as informa\u00e7\u00f5es coletadas por meio de cookies, incluindo anonimiza\u00e7\u00e3o de IP e acesso restrito a dados anal\u00edticos.<\/p><table><thead><tr><th>Nome<\/th><th>Dura\u00e7\u00e3o<\/th><th>Objeto<\/th><th>Somente usu\u00e1rios registrados?<\/th><\/tr><\/thead><tbody><tr><td><strong>wordpresshash.<\/strong><\/td><td>\u00a0<\/td><td>O WordPress usa o cookie wordpress-hash para armazenar detalhes de autentica\u00e7\u00e3o. Seu uso \u00e9 limitado \u00e0 \u00e1rea da tela de administra\u00e7\u00e3o, \/wp-admin\/.<\/td><td>Sim,<\/td><\/tr><tr><td><strong>wordpress.logged.in.<\/strong><\/td><td>Sess\u00e3o<\/td><td>Lembrar a sess\u00e3o do usu\u00e1rio. O WordPress define o cookie ap\u00f3s o login wordpress.logged.in.hash, que indica quando voc\u00ea fez o login e quem voc\u00ea \u00e9, para a maior parte do uso da interface.<\/td><td>Sim,<\/td><\/tr><tr><td><strong>wordpres.test.cookie<\/strong><\/td><td>Sess\u00e3o<\/td><td>Teste se o cookie pode ser definido. O WordPress tamb\u00e9m define o cookie wordpress-test-cookie para verificar se os cookies est\u00e3o ativados no navegador, a fim de proporcionar a experi\u00eancia correta aos usu\u00e1rios. Esse cookie \u00e9 usado no front-end, mesmo que voc\u00ea n\u00e3o esteja conectado.<\/td><td>N\u00e3o, n\u00e3o<\/td><\/tr><tr><td><strong>wp-settings-.usder.id.<\/strong><\/td><td>1 ano<\/td><td>Cookie de personaliza\u00e7\u00e3o. Usado para manter uma configura\u00e7\u00e3o de usu\u00e1rio wp-admin. O ID \u00e9 o ID do usu\u00e1rio. Isso \u00e9 usado para personalizar a exibi\u00e7\u00e3o da interface de administra\u00e7\u00e3o e, possivelmente, tamb\u00e9m a interface principal do site.<\/td><td>Sim,<\/td><\/tr><tr><td><strong>wp-settings-time-user.<\/strong><\/td><td>1 ano<\/td><td>Hora em que o wp-settings-usus foi definido.<\/td><td>Sim,<\/td><\/tr><tr><td><strong>wp-qualifica\u00e7\u00e3o-post<\/strong><\/td><td>1 dia<\/td><td>Cookie de salvamento autom\u00e1tico: wp-sal-post \u00e9 um cookie do WordPress criado quando uma postagem \u00e9 salva no editor. Ele \u00e9 usado para rastrear se existe uma postagem salva para uma postagem que est\u00e1 sendo editada no momento. Se existir, o usu\u00e1rio poder\u00e1 redefinir os dados.<\/td><td>Sim,<\/td><\/tr><tr><td><strong>wp-postpass-hash.<\/strong><\/td><td>10 dias<\/td><td>Usado para fazer login se uma postagem for protegida por senha.<\/td><td>N\u00e3o, n\u00e3o<\/td><\/tr><tr><td><strong>wordpress.sec<\/strong><\/td><td>\u00a0<\/td><td>\u00a0<\/td><td>Sim,<\/td><\/tr><\/tbody><\/table><h2>X.\u00a0\u00a0\u00a0\u00a0\u00a0 <u>CONTATO<\/u><\/h2><p>Para obter mais informa\u00e7\u00f5es sobre esta pol\u00edtica ou para exercer seus direitos relacionados ao processamento de seus dados pessoais, escreva para: protecciondedatos@cofimar.com.ec.<\/p><h2>XI.\u00a0\u00a0\u00a0\u00a0\u00a0 <u>ATUALIZA\u00c7\u00d5ES DESTA POL\u00cdTICA<\/u><\/h2><p>A COFIMAR poder\u00e1 atualizar esta Pol\u00edtica de Cookies a qualquer momento. As atualiza\u00e7\u00f5es ser\u00e3o notificadas no site, incluindo a data da \u00faltima modifica\u00e7\u00e3o. Recomendamos que voc\u00ea a revise periodicamente para se manter informado sobre as altera\u00e7\u00f5es aplic\u00e1veis.<\/p>\t\t\t\t\t\t\t\t<\/div>\n\t\t\t\t<\/div>\n\t\t\t\t<div class=\"elementor-element elementor-element-8c03e04 elementor-widget elementor-widget-spacer\" data-id=\"8c03e04\" data-element_type=\"widget\" data-e-type=\"widget\" data-widget_type=\"spacer.default\">\n\t\t\t\t<div class=\"elementor-widget-container\">\n\t\t\t\t\t\t\t<div class=\"elementor-spacer\">\n\t\t\t<div class=\"elementor-spacer-inner\"><\/div>\n\t\t<\/div>\n\t\t\t\t\t\t<\/div>\n\t\t\t\t<\/div>\n\t\t\t\t\t<\/div>\n\t\t\t\t<\/div>\n\t\t\t\t<\/div>","protected":false},"excerpt":{"rendered":"<p>Pol\u00edtica de cookies I.\u00a0\u00a0\u00a0\u00a0\u00a0 INTRODUCCI\u00d3N La presente Pol\u00edtica de Cookies tiene como objetivo proporcionar a los usuarios de COFIMAR S.A. informaci\u00f3n clara y comprensible sobre el uso de cookies en nuestro sitio web https:\/\/www.cofimar.ec. Esta pol\u00edtica est\u00e1 alineada con la Ley Org\u00e1nica de Protecci\u00f3n de Datos Personales (LOPDP), su Reglamento y otras normativas aplicables en [&hellip;]<\/p>\n","protected":false},"author":1,"featured_media":0,"parent":0,"menu_order":0,"comment_status":"closed","ping_status":"closed","template":"elementor_header_footer","meta":{"footnotes":""},"class_list":["post-2296","page","type-page","status-publish","hentry"],"_links":{"self":[{"href":"https:\/\/cofimar.ec\/pt\/wp-json\/wp\/v2\/pages\/2296","targetHints":{"allow":["GET"]}}],"collection":[{"href":"https:\/\/cofimar.ec\/pt\/wp-json\/wp\/v2\/pages"}],"about":[{"href":"https:\/\/cofimar.ec\/pt\/wp-json\/wp\/v2\/types\/page"}],"author":[{"embeddable":true,"href":"https:\/\/cofimar.ec\/pt\/wp-json\/wp\/v2\/users\/1"}],"replies":[{"embeddable":true,"href":"https:\/\/cofimar.ec\/pt\/wp-json\/wp\/v2\/comments?post=2296"}],"version-history":[{"count":10,"href":"https:\/\/cofimar.ec\/pt\/wp-json\/wp\/v2\/pages\/2296\/revisions"}],"predecessor-version":[{"id":2307,"href":"https:\/\/cofimar.ec\/pt\/wp-json\/wp\/v2\/pages\/2296\/revisions\/2307"}],"wp:attachment":[{"href":"https:\/\/cofimar.ec\/pt\/wp-json\/wp\/v2\/media?parent=2296"}],"curies":[{"name":"wp","href":"https:\/\/api.w.org\/{rel}","templated":true}]}}