{"id":288,"date":"2024-04-09T17:09:27","date_gmt":"2024-04-09T22:09:27","guid":{"rendered":"https:\/\/cofimar.ec\/?page_id=288"},"modified":"2025-06-12T12:33:52","modified_gmt":"2025-06-12T17:33:52","slug":"planta-procesadora","status":"publish","type":"page","link":"https:\/\/cofimar.ec\/pt\/planta-procesadora\/","title":{"rendered":"Planta de processamento"},"content":{"rendered":"<div data-elementor-type=\"wp-page\" data-elementor-id=\"288\" class=\"elementor elementor-288\">\n\t\t\t\t<div class=\"elementor-element elementor-element-671a072 e-flex e-con-boxed e-con e-parent\" data-id=\"671a072\" data-element_type=\"container\" data-e-type=\"container\" data-settings=\"{&quot;background_background&quot;:&quot;classic&quot;}\">\n\t\t\t\t\t<div class=\"e-con-inner\">\n\t\t\t\t<div class=\"elementor-element elementor-element-0e7b09f elementor-widget elementor-widget-heading\" data-id=\"0e7b09f\" data-element_type=\"widget\" data-e-type=\"widget\" data-widget_type=\"heading.default\">\n\t\t\t\t<div class=\"elementor-widget-container\">\n\t\t\t\t\t<h1 class=\"elementor-heading-title elementor-size-default\">PLANTA DE PROCESSAMENTO<\/h1>\t\t\t\t<\/div>\n\t\t\t\t<\/div>\n\t\t\t\t\t<\/div>\n\t\t\t\t<\/div>\n\t\t<div class=\"elementor-element elementor-element-6e9996a e-flex e-con-boxed e-con e-parent\" data-id=\"6e9996a\" data-element_type=\"container\" data-e-type=\"container\" data-settings=\"{&quot;background_background&quot;:&quot;classic&quot;}\">\n\t\t\t\t\t<div class=\"e-con-inner\">\n\t\t<div class=\"elementor-element elementor-element-e9c4887 e-con-full e-flex e-con e-child\" data-id=\"e9c4887\" data-element_type=\"container\" data-e-type=\"container\">\n\t\t\t\t<div class=\"elementor-element elementor-element-7bf59bc elementor-widget elementor-widget-text-editor\" data-id=\"7bf59bc\" data-element_type=\"widget\" data-e-type=\"widget\" data-widget_type=\"text-editor.default\">\n\t\t\t\t<div class=\"elementor-widget-container\">\n\t\t\t\t\t\t\t\t\t<h3>CERTIFICA\u00c7\u00d5ES<\/h3><p>Possu\u00edmos certifica\u00e7\u00f5es de seguran\u00e7a alimentar de renome mundial, BRC Global Standard for Food Safety<\/p><p>Somos certificados pela BASC, o que nos permite estabelecer e gerenciar padr\u00f5es e procedimentos de seguran\u00e7a aplicados \u00e0 cadeia log\u00edstica e \u00e0s atividades relacionadas ao com\u00e9rcio internacional.<\/p><p>Com nossa certifica\u00e7\u00e3o ASC e cadeia de cust\u00f3dia, trabalhamos para garantir a viabilidade cont\u00ednua do setor de aquicultura.<\/p>\t\t\t\t\t\t\t\t<\/div>\n\t\t\t\t<\/div>\n\t\t\t\t<\/div>\n\t\t<div class=\"elementor-element elementor-element-452ce30 e-con-full elementor-hidden-mobile e-flex e-con e-child\" data-id=\"452ce30\" data-element_type=\"container\" data-e-type=\"container\">\n\t\t\t\t<\/div>\n\t\t\t\t\t<\/div>\n\t\t\t\t<\/div>\n\t\t<div class=\"elementor-element elementor-element-3989b0d e-flex e-con-boxed e-con e-parent\" data-id=\"3989b0d\" data-element_type=\"container\" data-e-type=\"container\">\n\t\t\t\t\t<div class=\"e-con-inner\">\n\t\t<div class=\"elementor-element elementor-element-5011cd5 e-flex e-con-boxed e-con e-child\" data-id=\"5011cd5\" data-element_type=\"container\" data-e-type=\"container\">\n\t\t\t\t\t<div class=\"e-con-inner\">\n\t\t\t\t<div class=\"elementor-element elementor-element-91f963c elementor-arrows-position-outside elementor-widget elementor-widget-image-carousel\" data-id=\"91f963c\" data-element_type=\"widget\" data-e-type=\"widget\" data-settings=\"{&quot;slides_to_show&quot;:&quot;6&quot;,&quot;navigation&quot;:&quot;arrows&quot;,&quot;lazyload&quot;:&quot;yes&quot;,&quot;autoplay_speed&quot;:2000,&quot;autoplay&quot;:&quot;yes&quot;,&quot;pause_on_interaction&quot;:&quot;yes&quot;,&quot;infinite&quot;:&quot;yes&quot;,&quot;speed&quot;:500,&quot;image_spacing_custom&quot;:{&quot;unit&quot;:&quot;px&quot;,&quot;size&quot;:20,&quot;sizes&quot;:[]},&quot;image_spacing_custom_laptop&quot;:{&quot;unit&quot;:&quot;px&quot;,&quot;size&quot;:&quot;&quot;,&quot;sizes&quot;:[]},&quot;image_spacing_custom_tablet&quot;:{&quot;unit&quot;:&quot;px&quot;,&quot;size&quot;:&quot;&quot;,&quot;sizes&quot;:[]},&quot;image_spacing_custom_mobile&quot;:{&quot;unit&quot;:&quot;px&quot;,&quot;size&quot;:&quot;&quot;,&quot;sizes&quot;:[]}}\" data-widget_type=\"image-carousel.default\">\n\t\t\t\t<div class=\"elementor-widget-container\">\n\t\t\t\t\t\t\t<div class=\"elementor-image-carousel-wrapper swiper\" role=\"region\" aria-roledescription=\"carousel\" aria-label=\"Carrossel de imagens\" dir=\"ltr\">\n\t\t\t<div class=\"elementor-image-carousel swiper-wrapper\" aria-live=\"off\">\n\t\t\t\t\t\t\t\t<div class=\"swiper-slide\" role=\"group\" aria-roledescription=\"slide\" aria-label=\"1 de 6\"><figure class=\"swiper-slide-inner\"><img class=\"swiper-slide-image swiper-lazy\" data-src=\"https:\/\/cofimar.ec\/wp-content\/uploads\/2024\/04\/certificado_brgs_logo.png\" alt=\"certificado brgs logo\" \/><div class=\"swiper-lazy-preloader\"><\/div><\/figure><\/div><div class=\"swiper-slide\" role=\"group\" aria-roledescription=\"slide\" aria-label=\"2 de 6\"><figure class=\"swiper-slide-inner\"><img class=\"swiper-slide-image swiper-lazy\" data-src=\"https:\/\/cofimar.ec\/wp-content\/uploads\/2024\/04\/certificado_asc_logo.png\" alt=\"certificado asc logo\" \/><div class=\"swiper-lazy-preloader\"><\/div><\/figure><\/div><div class=\"swiper-slide\" role=\"group\" aria-roledescription=\"slide\" aria-label=\"3 de 6\"><figure class=\"swiper-slide-inner\"><img class=\"swiper-slide-image swiper-lazy\" data-src=\"https:\/\/cofimar.ec\/wp-content\/uploads\/2024\/04\/certificado_bac_logo.png\" alt=\"certificado bac logo\" \/><div class=\"swiper-lazy-preloader\"><\/div><\/figure><\/div><div class=\"swiper-slide\" role=\"group\" aria-roledescription=\"slide\" aria-label=\"4 de 6\"><figure class=\"swiper-slide-inner\"><img class=\"swiper-slide-image swiper-lazy\" data-src=\"https:\/\/cofimar.ec\/wp-content\/uploads\/2024\/04\/certificado_bap_logo.png\" alt=\"certificado bap logo\" \/><div class=\"swiper-lazy-preloader\"><\/div><\/figure><\/div><div class=\"swiper-slide\" role=\"group\" aria-roledescription=\"slide\" aria-label=\"5 de 6\"><figure class=\"swiper-slide-inner\"><img class=\"swiper-slide-image swiper-lazy\" data-src=\"https:\/\/cofimar.ec\/wp-content\/uploads\/2024\/04\/certificado_sedex_logo.png\" alt=\"certificado sedex logo\" \/><div class=\"swiper-lazy-preloader\"><\/div><\/figure><\/div><div class=\"swiper-slide\" role=\"group\" aria-roledescription=\"slide\" aria-label=\"6 de 6\"><figure class=\"swiper-slide-inner\"><img class=\"swiper-slide-image swiper-lazy\" data-src=\"https:\/\/cofimar.ec\/wp-content\/uploads\/2024\/04\/certificado_haccp_logo.png\" alt=\"certificado haccp logo\" \/><div class=\"swiper-lazy-preloader\"><\/div><\/figure><\/div>\t\t\t<\/div>\n\t\t\t\t\t\t\t\t\t\t\t\t<div class=\"elementor-swiper-button elementor-swiper-button-prev\" role=\"button\" tabindex=\"0\">\n\t\t\t\t\t\t<svg aria-hidden=\"true\" class=\"e-font-icon-svg e-eicon-chevron-left\" viewbox=\"0 0 1000 1000\" xmlns=\"http:\/\/www.w3.org\/2000\/svg\"><path d=\"M646 125C629 125 613 133 604 142L308 442C296 454 292 471 292 487 292 504 296 521 308 533L604 854C617 867 629 875 646 875 663 875 679 871 692 858 704 846 713 829 713 812 713 796 708 779 692 767L438 487 692 225C700 217 708 204 708 187 708 171 704 154 692 142 675 129 663 125 646 125Z\"><\/path><\/svg>\t\t\t\t\t<\/div>\n\t\t\t\t\t<div class=\"elementor-swiper-button elementor-swiper-button-next\" role=\"button\" tabindex=\"0\">\n\t\t\t\t\t\t<svg aria-hidden=\"true\" class=\"e-font-icon-svg e-eicon-chevron-right\" viewbox=\"0 0 1000 1000\" xmlns=\"http:\/\/www.w3.org\/2000\/svg\"><path d=\"M696 533C708 521 713 504 713 487 713 471 708 454 696 446L400 146C388 133 375 125 354 125 338 125 325 129 313 142 300 154 292 171 292 187 292 204 296 221 308 233L563 492 304 771C292 783 288 800 288 817 288 833 296 850 308 863 321 871 338 875 354 875 371 875 388 867 400 854L696 533Z\"><\/path><\/svg>\t\t\t\t\t<\/div>\n\t\t\t\t\n\t\t\t\t\t\t\t\t\t<\/div>\n\t\t\t\t\t\t<\/div>\n\t\t\t\t<\/div>\n\t\t\t\t\t<\/div>\n\t\t\t\t<\/div>\n\t\t\t\t\t<\/div>\n\t\t\t\t<\/div>\n\t\t<div class=\"elementor-element elementor-element-4971db8 e-flex e-con-boxed e-con e-parent\" data-id=\"4971db8\" data-element_type=\"container\" data-e-type=\"container\" data-settings=\"{&quot;background_background&quot;:&quot;classic&quot;}\">\n\t\t\t\t\t<div class=\"e-con-inner\">\n\t\t<div class=\"elementor-element elementor-element-fbc5606 e-con-full e-flex e-con e-child\" data-id=\"fbc5606\" data-element_type=\"container\" data-e-type=\"container\">\n\t\t\t\t<div class=\"elementor-element elementor-element-1900a3c elementor-widget elementor-widget-text-editor\" data-id=\"1900a3c\" data-element_type=\"widget\" data-e-type=\"widget\" data-widget_type=\"text-editor.default\">\n\t\t\t\t<div class=\"elementor-widget-container\">\n\t\t\t\t\t\t\t\t\t<h3><span style=\"font-weight: 800;\">PESSOAL TREINADO<\/span><\/h3><p>Contamos com pessoal altamente treinado para cada etapa do processo, temos experi\u00eancia no processamento de camar\u00e3o, o que nos permitiu ser eficientes na produ\u00e7\u00e3o de uma variedade de apresenta\u00e7\u00f5es com excelente qualidade, garantindo a satisfa\u00e7\u00e3o do cliente.<\/p>\t\t\t\t\t\t\t\t<\/div>\n\t\t\t\t<\/div>\n\t\t\t\t<div class=\"elementor-element elementor-element-ec42a77 elementor-widget elementor-widget-text-editor\" data-id=\"ec42a77\" data-element_type=\"widget\" data-e-type=\"widget\" data-widget_type=\"text-editor.default\">\n\t\t\t\t<div class=\"elementor-widget-container\">\n\t\t\t\t\t\t\t\t\t<h3><span style=\"font-weight: 800;\">PRODUTO CONGELADO<\/span><\/h3><p>Nossa f\u00e1brica de embalagens tem uma capacidade de congelamento de at\u00e9 300.000 libras de produto por dia e uma capacidade de armazenamento de at\u00e9 4.000.000 libras de produto.<\/p>\t\t\t\t\t\t\t\t<\/div>\n\t\t\t\t<\/div>\n\t\t\t\t<\/div>\n\t\t<div class=\"elementor-element elementor-element-2dee472 e-con-full elementor-hidden-mobile e-flex e-con e-child\" data-id=\"2dee472\" data-element_type=\"container\" data-e-type=\"container\">\n\t\t\t\t<\/div>\n\t\t\t\t\t<\/div>\n\t\t\t\t<\/div>\n\t\t\t\t<\/div>","protected":false},"excerpt":{"rendered":"<p>PLANTA PROCESADORA CERTIFICACIONES Mantenemos certificaciones en seguridad alimentaria, reconocidas a nivel mundial, BRC Global Standard for Food Safety Contamos con certificaci\u00f3n BASC que permite establecer, administrar est\u00e1ndares y procedimientos de seguridad aplicados a la cadena log\u00edstica y actividades relacionadas con el comercio internacional. Con nuestra certificaci\u00f3n ASC y cadena de custodia, trabajamos para asegurar la [&hellip;]<\/p>\n","protected":false},"author":1,"featured_media":0,"parent":0,"menu_order":0,"comment_status":"closed","ping_status":"closed","template":"elementor_header_footer","meta":{"footnotes":""},"class_list":["post-288","page","type-page","status-publish","hentry"],"_links":{"self":[{"href":"https:\/\/cofimar.ec\/pt\/wp-json\/wp\/v2\/pages\/288","targetHints":{"allow":["GET"]}}],"collection":[{"href":"https:\/\/cofimar.ec\/pt\/wp-json\/wp\/v2\/pages"}],"about":[{"href":"https:\/\/cofimar.ec\/pt\/wp-json\/wp\/v2\/types\/page"}],"author":[{"embeddable":true,"href":"https:\/\/cofimar.ec\/pt\/wp-json\/wp\/v2\/users\/1"}],"replies":[{"embeddable":true,"href":"https:\/\/cofimar.ec\/pt\/wp-json\/wp\/v2\/comments?post=288"}],"version-history":[{"count":88,"href":"https:\/\/cofimar.ec\/pt\/wp-json\/wp\/v2\/pages\/288\/revisions"}],"predecessor-version":[{"id":2198,"href":"https:\/\/cofimar.ec\/pt\/wp-json\/wp\/v2\/pages\/288\/revisions\/2198"}],"wp:attachment":[{"href":"https:\/\/cofimar.ec\/pt\/wp-json\/wp\/v2\/media?parent=288"}],"curies":[{"name":"wp","href":"https:\/\/api.w.org\/{rel}","templated":true}]}}