{"id":3,"date":"2024-04-05T15:24:25","date_gmt":"2024-04-05T20:24:25","guid":{"rendered":"https:\/\/cofimar.ec\/?page_id=3"},"modified":"2025-08-06T11:24:51","modified_gmt":"2025-08-06T16:24:51","slug":"politica-privacidad","status":"publish","type":"page","link":"https:\/\/cofimar.ec\/pt\/politica-privacidad\/","title":{"rendered":"Pol\u00edtica de privacidade"},"content":{"rendered":"<div data-elementor-type=\"wp-page\" data-elementor-id=\"3\" class=\"elementor elementor-3\">\n\t\t\t\t<div class=\"elementor-element elementor-element-d0224c0 e-flex e-con-boxed e-con e-parent\" data-id=\"d0224c0\" data-element_type=\"container\" data-e-type=\"container\">\n\t\t\t\t\t<div class=\"e-con-inner\">\n\t\t\t\t<div class=\"elementor-element elementor-element-dd689a3 elementor-widget elementor-widget-heading\" data-id=\"dd689a3\" data-element_type=\"widget\" data-e-type=\"widget\" data-widget_type=\"heading.default\">\n\t\t\t\t<div class=\"elementor-widget-container\">\n\t\t\t\t\t<h1 class=\"elementor-heading-title elementor-size-default\">Pol\u00edtica de privacidade<\/h1>\t\t\t\t<\/div>\n\t\t\t\t<\/div>\n\t\t\t\t<div class=\"elementor-element elementor-element-2096843 elementor-widget elementor-widget-text-editor\" data-id=\"2096843\" data-element_type=\"widget\" data-e-type=\"widget\" data-widget_type=\"text-editor.default\">\n\t\t\t\t<div class=\"elementor-widget-container\">\n\t\t\t\t\t\t\t\t\t<h2>I.\u00a0\u00a0\u00a0\u00a0\u00a0\u00a0\u00a0\u00a0\u00a0\u00a0 <u>INTRODU\u00c7\u00c3O<\/u><\/h2>\n<p>Na COFIMAR S.A., respeitamos e protegemos sua privacidade. Esta Pol\u00edtica de Privacidade tem como objetivo fornecer informa\u00e7\u00f5es claras sobre como coletamos, usamos, armazenamos, compartilhamos e protegemos seus dados pessoais, de acordo com a Lei Org\u00e2nica de Prote\u00e7\u00e3o de Dados Pessoais (LOPDP) e seu Regulamento Geral, em vigor no Equador. Acreditamos em um gerenciamento \u00e9tico e transparente das informa\u00e7\u00f5es pessoais, por isso implementamos as melhores pr\u00e1ticas de seguran\u00e7a e privacidade para garantir seus direitos.<\/p>\n<h2>II.\u00a0\u00a0\u00a0\u00a0\u00a0\u00a0\u00a0 <u>ESCOPO E COBERTURA<\/u><\/h2>\n<p>Esta pol\u00edtica se aplica ao processamento de dados pessoais coletados por meio do site https:\/\/www.cofimar.ec, formul\u00e1rios de contato, e-mails institucionais, redes sociais oficiais e outros canais de intera\u00e7\u00e3o digital ou presencial disponibilizados pela COFIMAR S.A. N\u00e3o se aplica a sites de terceiros vinculados a partir de nossa p\u00e1gina, que possuem suas pr\u00f3prias pol\u00edticas de privacidade. Este site \u00e9 destinado a pessoas maiores de idade; n\u00e3o coletamos dados de menores sem o consentimento verific\u00e1vel de seus representantes legais. Se identificarmos dados de menores, procederemos com sua exclus\u00e3o imediata.<\/p>\n<h2>III.\u00a0\u00a0\u00a0\u00a0\u00a0 <u>CONTROLADOR DE DADOS PESSOAIS<\/u><\/h2>\n<ul>\n<li><strong>Nome da empresa:<\/strong> COFIMAR S.A.<\/li>\n<li><strong>RUC:<\/strong> 0991329331001<\/li>\n<li><strong>Endere\u00e7o: <\/strong>Parque Industrial Inmaconsa, Rua Eucalipto entre Cedros e Teca, Guayaquil, Equador.<\/li>\n<li><strong>Correio de contato da DPD: <\/strong> <em>protecciondedatos@cofimar.com.ec<\/em><\/li>\n<\/ul>\n<p>A COFIMAR nomeou um Diretor de Prote\u00e7\u00e3o de Dados Pessoais (DPO), que supervisiona a conformidade com as obriga\u00e7\u00f5es legais relativas \u00e0 prote\u00e7\u00e3o de dados e atua como ponto de contato para os titulares de dados pessoais.<\/p>\n<h2>IV.\u00a0\u00a0\u00a0\u00a0\u00a0\u00a0 <u>COLETA DE DADOS PESSOAIS<\/u><\/h2>\n<p>Dados pessoais s\u00e3o quaisquer informa\u00e7\u00f5es que possibilitem a identifica\u00e7\u00e3o de uma pessoa f\u00edsica, direta ou indiretamente. Isso inclui detalhes como nome, endere\u00e7o, n\u00famero de identifica\u00e7\u00e3o, detalhes de contato, entre outros.<\/p>\n<p>A maioria dos servi\u00e7os e informa\u00e7\u00f5es publicados em nosso site n\u00e3o exige nenhum registro por parte do usu\u00e1rio, o que permite que ele visite o site anonimamente. Entretanto, outros servi\u00e7os exigem que o usu\u00e1rio forne\u00e7a dados pessoais para atingir a finalidade para a qual foram criados, conforme descrito na se\u00e7\u00e3o \"5 finalidades do processamento de dados pessoais\" deste aviso de privacidade. Os dados que podem ser coletados s\u00e3o:<\/p>\n<ul>\n<li>Dados de identidade: nome, sobrenome, nome pr\u00f3prio, endere\u00e7o, endere\u00e7o de e-mail, n\u00famero de telefone.<\/li>\n<li>Dados de navega\u00e7\u00e3o: informa\u00e7\u00f5es sobre sua intera\u00e7\u00e3o com nosso site, como endere\u00e7o IP, tipo de navegador e p\u00e1ginas visitadas, tempo gasto e links clicados. Para obter mais informa\u00e7\u00f5es, consulte nossa Pol\u00edtica de Cookies.<\/li>\n<li>Dados profissionais ou de emprego: curriculum vitae, experi\u00eancia de trabalho, estudos, no caso de processos seletivos.<\/li>\n<li>Outros dados fornecidos voluntariamente em formul\u00e1rios de trabalhe conosco, contato, bot\u00e3o do whatsapp ou via e-mails.<\/li>\n<\/ul>\n<p>A COFIMAR n\u00e3o solicita dados sens\u00edveis ou dados de menores de idade por meio de seu site. Caso sejam necess\u00e1rios, eles ser\u00e3o coletados em car\u00e1ter excepcional, com consentimento expresso e informado, de acordo com a legisla\u00e7\u00e3o vigente.<\/p>\n<h2>V.\u00a0\u00a0\u00a0\u00a0\u00a0\u00a0\u00a0\u00a0 <u>FINALIDADES DO PROCESSAMENTO DE DADOS PESSOAIS<\/u><\/h2>\n<p>Na COFIMAR S.A., os dados pessoais coletados por meio de nosso site nos formul\u00e1rios s\u00e3o processados de acordo com as finalidades estabelecidas em nossa Pol\u00edtica de Prote\u00e7\u00e3o de Dados Pessoais.<\/p>\n<p>Para obter informa\u00e7\u00f5es detalhadas sobre essas finalidades e as diretrizes para o processamento de dados pessoais, convidamos voc\u00ea a consultar nossa Pol\u00edtica de Prote\u00e7\u00e3o de Dados Pessoais, dispon\u00edvel em https:\/\/www.cofimar.ec\/.<\/p>\n<h2>VI.\u00a0\u00a0\u00a0\u00a0\u00a0\u00a0 <u>BASE LEGAL PARA O PROCESSAMENTO<\/u><\/h2>\n<p>O processamento de dados pessoais realizado pela COFIMAR se baseia nas seguintes bases legais:<\/p>\n<ul>\n<li>O consentimento dado pelo titular dos dados para uma ou mais finalidades espec\u00edficas.<\/li>\n<li>A execu\u00e7\u00e3o de medidas pr\u00e9-contratuais ou contratuais solicitadas pelo titular dos dados.<\/li>\n<li>Conformidade com as obriga\u00e7\u00f5es legais e regulamentares impostas pelas normas equatorianas e internacionais aplic\u00e1veis.<\/li>\n<\/ul>\n<p>Quando o processamento for baseado em consentimento, voc\u00ea poder\u00e1 retirar seu consentimento a qualquer momento sem afetar a legalidade do processamento realizado anteriormente.<\/p>\n<h2>VII.\u00a0\u00a0\u00a0 <u>TRANSFER\u00caNCIA NACIONAL E INTERNACIONAL DE DADOS PESSOAIS<\/u><\/h2>\n<p>A COFIMAR poder\u00e1 comunicar seus dados pessoais a entidades p\u00fablicas ou privadas quando houver obriga\u00e7\u00e3o legal, judicial ou administrativa para tanto.<\/p>\n<p>Nos casos em que for necess\u00e1rio transferir dados pessoais a terceiros fora do Equador, o cumprimento do artigo 46 da LOPDP ser\u00e1 assegurado por:<\/p>\n<ul>\n<li>Cl\u00e1usulas contratuais padr\u00e3o ou outros mecanismos legais estabelecidos pela Superintendencia de Protecci\u00f3n de Datos Personales.<\/li>\n<li>Avalia\u00e7\u00e3o das prote\u00e7\u00f5es adequadas, incluindo a ades\u00e3o dos provedores aos padr\u00f5es internacionais de privacidade e seguran\u00e7a.<\/li>\n<\/ul>\n<h2>VIII.\u00a0 <u>PRESERVA\u00c7\u00c3O DE DADOS PESSOAIS<\/u><\/h2>\n<p>Os dados pessoais ser\u00e3o mantidos apenas pelo tempo estritamente necess\u00e1rio para cumprir a finalidade espec\u00edfica para a qual foram coletados. Posteriormente, eles ser\u00e3o exclu\u00eddos com seguran\u00e7a ou anonimizados, a menos que haja uma obriga\u00e7\u00e3o legal ou contratual de reten\u00e7\u00e3o adicional (por exemplo, impostos, contabilidade, finan\u00e7as etc.). A COFIMAR revisa periodicamente os per\u00edodos de reten\u00e7\u00e3o estabelecidos.<\/p>\n<h2>IX.\u00a0\u00a0\u00a0\u00a0\u00a0\u00a0 <u>DIREITOS DO TITULAR DOS DADOS PESSOAIS<\/u><\/h2>\n<p>De acordo com a legisla\u00e7\u00e3o vigente, a Lei Org\u00e2nica de Prote\u00e7\u00e3o de Dados Pessoais (LOPDP), voc\u00ea tem direitos relacionados ao processamento de seus dados pessoais, tais como: acesso, retifica\u00e7\u00e3o, exclus\u00e3o, oposi\u00e7\u00e3o, portabilidade, revoga\u00e7\u00e3o de consentimento e n\u00e3o estar sujeito a decis\u00f5es automatizadas. Consulte nossa Pol\u00edtica de Prote\u00e7\u00e3o de Dados Pessoais para obter mais detalhes sobre seus direitos.<\/p>\n<p>Para revogar seu consentimento, voc\u00ea pode enviar uma solicita\u00e7\u00e3o por escrito para o seguinte endere\u00e7o de e-mail: protecciondedatos@cofimar.com.ec, indicando seu nome completo, n\u00famero de identifica\u00e7\u00e3o, o motivo da revoga\u00e7\u00e3o e quaisquer documentos que comprovem sua solicita\u00e7\u00e3o. Voc\u00ea tamb\u00e9m pode fazer isso preenchendo o Formul\u00e1rio de Atendimento RPQR dispon\u00edvel em nosso site ou em nossos escrit\u00f3rios f\u00edsicos. A revoga\u00e7\u00e3o n\u00e3o tem efeito retroativo e ser\u00e1 tratada dentro dos prazos estabelecidos por lei.<\/p>\n<p>Se desejar limitar o uso ou a divulga\u00e7\u00e3o de seus dados pessoais, voc\u00ea poder\u00e1 exercer seu direito de obje\u00e7\u00e3o, revogar seu consentimento ou de outra forma, de acordo com as disposi\u00e7\u00f5es dos regulamentos em vigor. Para isso, voc\u00ea pode enviar a solicita\u00e7\u00e3o por meio do Formul\u00e1rio de Atendimento RPQR (Solicita\u00e7\u00f5es, Peti\u00e7\u00f5es, Queixas, Reclama\u00e7\u00f5es) dispon\u00edvel em:<\/p>\n<ul>\n<li>Nosso site https:\/\/www.cofimar.ec\/<\/li>\n<li>Escrit\u00f3rios da COFIMAR S.A. em Guayaquil.<\/li>\n<li>Ou envie-o por e-mail para <em>protecciondedatos@cofimar.com.ec <\/em><\/li>\n<\/ul>\n<p>Responderemos \u00e0 sua solicita\u00e7\u00e3o dentro dos prazos estabelecidos pelas normas em vigor e sempre com o m\u00e1ximo respeito aos seus direitos.<\/p>\n<h2>X.\u00a0\u00a0\u00a0\u00a0\u00a0\u00a0\u00a0\u00a0 <u>MEDIDAS DE SEGURAN\u00c7A<\/u><\/h2>\n<p>Na COFIMAR S.A., garantimos a prote\u00e7\u00e3o dos dados pessoais por meio da implementa\u00e7\u00e3o de medidas t\u00e9cnicas, administrativas e f\u00edsicas destinadas a impedir o acesso n\u00e3o autorizado, a perda, a altera\u00e7\u00e3o ou a destrui\u00e7\u00e3o de informa\u00e7\u00f5es. Essas a\u00e7\u00f5es incluem tecnologias de criptografia, controles de acesso e pol\u00edticas r\u00edgidas de seguran\u00e7a interna.<\/p>\n<p>Al\u00e9m disso, aplicamos medidas complementares, como controle de acesso baseado em fun\u00e7\u00f5es, avalia\u00e7\u00f5es peri\u00f3dicas de vulnerabilidade, testes de penetra\u00e7\u00e3o em nossas plataformas tecnol\u00f3gicas, backup de dados criptografados e acordos contratuais de confidencialidade com terceiros que lidam com dados pessoais, entre outras medidas adotadas pela empresa.<\/p>\n<p>Al\u00e9m disso, incentivamos os usu\u00e1rios a tomar precau\u00e7\u00f5es extras e a manter os sistemas de seguran\u00e7a de seus dispositivos atualizados, para refor\u00e7ar a prote\u00e7\u00e3o de suas informa\u00e7\u00f5es enquanto navegam na Internet. A seguran\u00e7a dos dados pessoais \u00e9 uma prioridade compartilhada entre nossa empresa e os usu\u00e1rios.<\/p>\n<p>A COFIMAR recomenda o uso de navegadores modernos e atualizados (como Google Chrome, Mozilla Firefox, Microsoft Edge ou Safari) para uma experi\u00eancia segura e compat\u00edvel com nossos servi\u00e7os digitais. A COFIMAR n\u00e3o garante o funcionamento correto do site em navegadores que tenham sido descontinuados ou que n\u00e3o sejam suportados pelo fabricante.<\/p>\n<h2>XI.\u00a0\u00a0\u00a0\u00a0\u00a0\u00a0 <u>POL\u00cdTICAS DE COOKIES<\/u><\/h2>\n<p>Este site usa cookies pr\u00f3prios e de terceiros para melhorar a experi\u00eancia do usu\u00e1rio, medir o desempenho do site e oferecer conte\u00fado personalizado. Os cookies podem ser t\u00e9cnicos, anal\u00edticos ou de publicidade. O usu\u00e1rio pode configurar seu navegador para rejeitar ou aceitar determinados cookies. Para obter mais informa\u00e7\u00f5es, consulte nossa Pol\u00edtica de Cookies.<\/p>\n<h2>XII.\u00a0\u00a0\u00a0\u00a0 <u>ATUALIZA\u00c7\u00c3O E VALIDADE<\/u><\/h2>\n<p>A COFIMAR poder\u00e1 modificar esta Pol\u00edtica de Privacidade a qualquer momento em decorr\u00eancia de mudan\u00e7as regulat\u00f3rias ou tecnol\u00f3gicas ou da implementa\u00e7\u00e3o de novos servi\u00e7os ou pr\u00e1ticas internas. Todas as modifica\u00e7\u00f5es ser\u00e3o comunicadas em tempo h\u00e1bil por meio de nosso site. Recomendamos que voc\u00ea a revise periodicamente para se manter informado sobre como estamos protegendo suas informa\u00e7\u00f5es.<\/p>\n<p>Em vigor a partir de: 01\/07\/2025<\/p>\t\t\t\t\t\t\t\t<\/div>\n\t\t\t\t<\/div>\n\t\t\t\t\t<\/div>\n\t\t\t\t<\/div>\n\t\t\t\t<\/div>","protected":false},"excerpt":{"rendered":"<p>Pol\u00edtica de privacidad I.\u00a0\u00a0\u00a0\u00a0\u00a0\u00a0\u00a0\u00a0\u00a0\u00a0 INTRODUCCI\u00d3N En COFIMAR S.A., respetamos y protegemos su privacidad. Esta Pol\u00edtica de Privacidad tiene como objetivo brindarle informaci\u00f3n clara sobre la forma en que recopilamos, usamos, almacenamos, compartimos y protegemos sus datos personales, de conformidad con la Ley Org\u00e1nica de Protecci\u00f3n de Datos Personales (LOPDP) y su Reglamento General, vigentes en [&hellip;]<\/p>\n","protected":false},"author":1,"featured_media":0,"parent":0,"menu_order":0,"comment_status":"closed","ping_status":"open","template":"elementor_header_footer","meta":{"footnotes":""},"class_list":["post-3","page","type-page","status-publish","hentry"],"_links":{"self":[{"href":"https:\/\/cofimar.ec\/pt\/wp-json\/wp\/v2\/pages\/3","targetHints":{"allow":["GET"]}}],"collection":[{"href":"https:\/\/cofimar.ec\/pt\/wp-json\/wp\/v2\/pages"}],"about":[{"href":"https:\/\/cofimar.ec\/pt\/wp-json\/wp\/v2\/types\/page"}],"author":[{"embeddable":true,"href":"https:\/\/cofimar.ec\/pt\/wp-json\/wp\/v2\/users\/1"}],"replies":[{"embeddable":true,"href":"https:\/\/cofimar.ec\/pt\/wp-json\/wp\/v2\/comments?post=3"}],"version-history":[{"count":5,"href":"https:\/\/cofimar.ec\/pt\/wp-json\/wp\/v2\/pages\/3\/revisions"}],"predecessor-version":[{"id":2287,"href":"https:\/\/cofimar.ec\/pt\/wp-json\/wp\/v2\/pages\/3\/revisions\/2287"}],"wp:attachment":[{"href":"https:\/\/cofimar.ec\/pt\/wp-json\/wp\/v2\/media?parent=3"}],"curies":[{"name":"wp","href":"https:\/\/api.w.org\/{rel}","templated":true}]}}