{"id":352,"date":"2024-04-10T17:43:15","date_gmt":"2024-04-10T22:43:15","guid":{"rendered":"https:\/\/cofimar.ec\/?page_id=352"},"modified":"2025-06-12T12:33:52","modified_gmt":"2025-06-12T17:33:52","slug":"medio-ambiente","status":"publish","type":"page","link":"https:\/\/cofimar.ec\/pt\/medio-ambiente\/","title":{"rendered":"Meio ambiente"},"content":{"rendered":"<div data-elementor-type=\"wp-page\" data-elementor-id=\"352\" class=\"elementor elementor-352\">\n\t\t\t\t<div class=\"elementor-element elementor-element-561e2eb e-flex e-con-boxed e-con e-parent\" data-id=\"561e2eb\" data-element_type=\"container\" data-e-type=\"container\" data-settings=\"{&quot;background_background&quot;:&quot;classic&quot;}\">\n\t\t\t\t\t<div class=\"e-con-inner\">\n\t\t\t\t<div class=\"elementor-element elementor-element-bae70b6 elementor-hidden-mobile elementor-widget elementor-widget-heading\" data-id=\"bae70b6\" data-element_type=\"widget\" data-e-type=\"widget\" data-widget_type=\"heading.default\">\n\t\t\t\t<div class=\"elementor-widget-container\">\n\t\t\t\t\t<h1 class=\"elementor-heading-title elementor-size-default\">N\u00d3S CUIDAMOS<br>\nPARA O MEIO AMBIENTE<\/h1>\t\t\t\t<\/div>\n\t\t\t\t<\/div>\n\t\t\t\t<div class=\"elementor-element elementor-element-264280e elementor-hidden-desktop elementor-hidden-laptop elementor-hidden-tablet elementor-widget elementor-widget-heading\" data-id=\"264280e\" data-element_type=\"widget\" data-e-type=\"widget\" data-widget_type=\"heading.default\">\n\t\t\t\t<div class=\"elementor-widget-container\">\n\t\t\t\t\t<h1 class=\"elementor-heading-title elementor-size-default\">N\u00d3S CUIDAMOS<br>\nPARA O MEIO AMBIENTE<\/h1>\t\t\t\t<\/div>\n\t\t\t\t<\/div>\n\t\t\t\t\t<\/div>\n\t\t\t\t<\/div>\n\t\t<div class=\"elementor-element elementor-element-6e9996a e-flex e-con-boxed e-con e-parent\" data-id=\"6e9996a\" data-element_type=\"container\" data-e-type=\"container\" data-settings=\"{&quot;background_background&quot;:&quot;classic&quot;}\">\n\t\t\t\t\t<div class=\"e-con-inner\">\n\t\t<div class=\"elementor-element elementor-element-e9c4887 e-con-full e-flex e-con e-child\" data-id=\"e9c4887\" data-element_type=\"container\" data-e-type=\"container\">\n\t\t\t\t<div class=\"elementor-element elementor-element-fd9873d elementor-widget elementor-widget-heading\" data-id=\"fd9873d\" data-element_type=\"widget\" data-e-type=\"widget\" data-widget_type=\"heading.default\">\n\t\t\t\t<div class=\"elementor-widget-container\">\n\t\t\t\t\t<h2 class=\"elementor-heading-title elementor-size-default\">Nossa localiza\u00e7\u00e3o<\/h2>\t\t\t\t<\/div>\n\t\t\t\t<\/div>\n\t\t\t\t<div class=\"elementor-element elementor-element-7bf59bc elementor-widget elementor-widget-text-editor\" data-id=\"7bf59bc\" data-element_type=\"widget\" data-e-type=\"widget\" data-widget_type=\"text-editor.default\">\n\t\t\t\t<div class=\"elementor-widget-container\">\n\t\t\t\t\t\t\t\t\t<p>Estamos localizados no setor de El Morro, no cant\u00e3o de Guayaquil, onde a biodiversidade da flora, da fauna marinha e da fauna silvestre \u00e9 abundante. Estamos sempre comprometidos com a redu\u00e7\u00e3o dos impactos sociais e ambientais negativos por meio da conserva\u00e7\u00e3o de manguezais, zonas \u00famidas artificiais e da ado\u00e7\u00e3o de pr\u00e1ticas sustent\u00e1veis.<\/p><p>Nessa \u00e1rea, protegemos mais de 1.000 hectares de manguezais virgens, compostos por dois tipos de mangue:<\/p>\t\t\t\t\t\t\t\t<\/div>\n\t\t\t\t<\/div>\n\t\t\t\t<div class=\"elementor-element elementor-element-1a803b0 elementor-widget elementor-widget-text-editor\" data-id=\"1a803b0\" data-element_type=\"widget\" data-e-type=\"widget\" data-widget_type=\"text-editor.default\">\n\t\t\t\t<div class=\"elementor-widget-container\">\n\t\t\t\t\t\t\t\t\t<ul style=\"margin: 0;\"><li>Mangue vermelho - Rhizophora.<\/li><li>Mangue branco - Laguncularia racemosa<\/li><\/ul>\t\t\t\t\t\t\t\t<\/div>\n\t\t\t\t<\/div>\n\t\t\t\t<div class=\"elementor-element elementor-element-d8320c4 elementor-widget elementor-widget-text-editor\" data-id=\"d8320c4\" data-element_type=\"widget\" data-e-type=\"widget\" data-widget_type=\"text-editor.default\">\n\t\t\t\t<div class=\"elementor-widget-container\">\n\t\t\t\t\t\t\t\t\t<p>Al\u00e9m disso, temos uma extensa \u00e1rea de floresta seca em terras altas n\u00e3o perturbadas, como:<\/p>\t\t\t\t\t\t\t\t<\/div>\n\t\t\t\t<\/div>\n\t\t\t\t<div class=\"elementor-element elementor-element-5e09908 elementor-widget elementor-widget-text-editor\" data-id=\"5e09908\" data-element_type=\"widget\" data-e-type=\"widget\" data-widget_type=\"text-editor.default\">\n\t\t\t\t<div class=\"elementor-widget-container\">\n\t\t\t\t\t\t\t\t\t<ul style=\"margin:0;\">\n \t<li>Ceibo - Ceiba trichistandra.<\/li>\n \t<li>Cascol - Caesalpina glabatra.<\/li>\n \t<li>Bototillo - Cochlospermum vitifolium.<\/li>\n \t<li>Entre outros.<\/li>\n<\/ul>\t\t\t\t\t\t\t\t<\/div>\n\t\t\t\t<\/div>\n\t\t\t\t<div class=\"elementor-element elementor-element-6b9201c elementor-widget elementor-widget-text-editor\" data-id=\"6b9201c\" data-element_type=\"widget\" data-e-type=\"widget\" data-widget_type=\"text-editor.default\">\n\t\t\t\t<div class=\"elementor-widget-container\">\n\t\t\t\t\t\t\t\t\t<p>Temos um corredor biol\u00f3gico que permite a conex\u00e3o entre a \u00e1rea de floresta seca no lado oeste e no lado leste, cuja largura varia de 142 m a 842 m em sua parte mais larga.<\/p><p>Esses manguezais s\u00e3o o lar e o ref\u00fagio da vida selvagem, desde esp\u00e9cies de aves migrat\u00f3rias at\u00e9 r\u00e9pteis e esp\u00e9cies marinhas.<\/p><p>As aves que habitam esse ecossistema incluem:<\/p>\t\t\t\t\t\t\t\t<\/div>\n\t\t\t\t<\/div>\n\t\t\t\t<div class=\"elementor-element elementor-element-e1a5606 elementor-widget elementor-widget-text-editor\" data-id=\"e1a5606\" data-element_type=\"widget\" data-e-type=\"widget\" data-widget_type=\"text-editor.default\">\n\t\t\t\t<div class=\"elementor-widget-container\">\n\t\t\t\t\t\t\t\t\t<ul style=\"margin:0;\">\n \t<li>Gar\u00e7as.<\/li>\n \t<li>Esp\u00e1tula rosa.<\/li>\n \t<li>Whistling Duck.<\/li>\n \t<li>Gavi\u00f5es.<\/li>\n \t<li>Corujas<\/li>\n \t<li>Gaivotas.<\/li>\n \t<li>Fragata.<\/li>\n \t<li>Andorinhas.<\/li>\n \t<li>Pelicanos.<\/li>\n<\/ul>\t\t\t\t\t\t\t\t<\/div>\n\t\t\t\t<\/div>\n\t\t\t\t<div class=\"elementor-element elementor-element-3032044 elementor-widget elementor-widget-text-editor\" data-id=\"3032044\" data-element_type=\"widget\" data-e-type=\"widget\" data-widget_type=\"text-editor.default\">\n\t\t\t\t<div class=\"elementor-widget-container\">\n\t\t\t\t\t\t\t\t\t<p>Estamos trabalhando em um Plano de Reflorestamento para recuperar \u00e1reas verdes na \u00e1rea de influ\u00eancia direta e consideramos que os locais mais ideais s\u00e3o as \u00e1reas adjacentes \u00e0s piscinas com pouca cobertura de mangue e as florestas secas com o cultivo de florestas nativas.<\/p><p>\u00c9 essencial que continuemos a proteger nossos manguezais e a garantir a produtividade que eles proporcionam ao meio ambiente.<\/p>\t\t\t\t\t\t\t\t<\/div>\n\t\t\t\t<\/div>\n\t\t\t\t<\/div>\n\t\t<div class=\"elementor-element elementor-element-452ce30 e-con-full elementor-hidden-mobile e-flex e-con e-child\" data-id=\"452ce30\" data-element_type=\"container\" data-e-type=\"container\">\n\t\t\t\t<\/div>\n\t\t\t\t\t<\/div>\n\t\t\t\t<\/div>\n\t\t<div class=\"elementor-element elementor-element-a5d7dcf e-flex e-con-boxed e-con e-parent\" data-id=\"a5d7dcf\" data-element_type=\"container\" data-e-type=\"container\" data-settings=\"{&quot;background_background&quot;:&quot;classic&quot;}\">\n\t\t\t\t\t<div class=\"e-con-inner\">\n\t\t\t\t<div class=\"elementor-element elementor-element-a4b8257 elementor-arrows-position-outside elementor-widget elementor-widget-image-carousel\" data-id=\"a4b8257\" data-element_type=\"widget\" data-e-type=\"widget\" data-settings=\"{&quot;slides_to_show&quot;:&quot;1&quot;,&quot;navigation&quot;:&quot;arrows&quot;,&quot;lazyload&quot;:&quot;yes&quot;,&quot;autoplay&quot;:&quot;yes&quot;,&quot;pause_on_interaction&quot;:&quot;yes&quot;,&quot;autoplay_speed&quot;:5000,&quot;infinite&quot;:&quot;yes&quot;,&quot;effect&quot;:&quot;slide&quot;,&quot;speed&quot;:500}\" data-widget_type=\"image-carousel.default\">\n\t\t\t\t<div class=\"elementor-widget-container\">\n\t\t\t\t\t\t\t<div class=\"elementor-image-carousel-wrapper swiper\" role=\"region\" aria-roledescription=\"carousel\" aria-label=\"Carrossel de imagens\" dir=\"ltr\">\n\t\t\t<div class=\"elementor-image-carousel swiper-wrapper\" aria-live=\"off\">\n\t\t\t\t\t\t\t\t<div class=\"swiper-slide\" role=\"group\" aria-roledescription=\"slide\" aria-label=\"1 de 19\"><figure class=\"swiper-slide-inner\"><img class=\"swiper-slide-image swiper-lazy\" data-src=\"https:\/\/cofimar.ec\/wp-content\/uploads\/2024\/05\/camaronera-galeria-29.jpg\" alt=\"camaronera-galeria (29)\" \/><div class=\"swiper-lazy-preloader\"><\/div><\/figure><\/div><div class=\"swiper-slide\" role=\"group\" aria-roledescription=\"slide\" aria-label=\"2 de 19\"><figure class=\"swiper-slide-inner\"><img class=\"swiper-slide-image swiper-lazy\" data-src=\"https:\/\/cofimar.ec\/wp-content\/uploads\/2024\/05\/camaronera-galeria-28.jpg\" alt=\"camaronera-galeria (28)\" \/><div class=\"swiper-lazy-preloader\"><\/div><\/figure><\/div><div class=\"swiper-slide\" role=\"group\" aria-roledescription=\"slide\" aria-label=\"3 de 19\"><figure class=\"swiper-slide-inner\"><img class=\"swiper-slide-image swiper-lazy\" data-src=\"https:\/\/cofimar.ec\/wp-content\/uploads\/2024\/05\/camaronera-galeria-27.jpg\" alt=\"camaronera-galeria (27)\" \/><div class=\"swiper-lazy-preloader\"><\/div><\/figure><\/div><div class=\"swiper-slide\" role=\"group\" aria-roledescription=\"slide\" aria-label=\"4 de 19\"><figure class=\"swiper-slide-inner\"><img class=\"swiper-slide-image swiper-lazy\" data-src=\"https:\/\/cofimar.ec\/wp-content\/uploads\/2024\/05\/camaronera-galeria-26.jpg\" alt=\"camaronera-galeria (26)\" \/><div class=\"swiper-lazy-preloader\"><\/div><\/figure><\/div><div class=\"swiper-slide\" role=\"group\" aria-roledescription=\"slide\" aria-label=\"5 de 19\"><figure class=\"swiper-slide-inner\"><img class=\"swiper-slide-image swiper-lazy\" data-src=\"https:\/\/cofimar.ec\/wp-content\/uploads\/2024\/05\/camaronera-galeria-25.jpg\" alt=\"camaronera-galeria (25)\" \/><div class=\"swiper-lazy-preloader\"><\/div><\/figure><\/div><div class=\"swiper-slide\" role=\"group\" aria-roledescription=\"slide\" aria-label=\"6 de 19\"><figure class=\"swiper-slide-inner\"><img class=\"swiper-slide-image swiper-lazy\" data-src=\"https:\/\/cofimar.ec\/wp-content\/uploads\/2024\/05\/camaronera-galeria-24.jpg\" alt=\"camaronera-galeria (24)\" \/><div class=\"swiper-lazy-preloader\"><\/div><\/figure><\/div><div class=\"swiper-slide\" role=\"group\" aria-roledescription=\"slide\" aria-label=\"7 de 19\"><figure class=\"swiper-slide-inner\"><img class=\"swiper-slide-image swiper-lazy\" data-src=\"https:\/\/cofimar.ec\/wp-content\/uploads\/2024\/05\/camaronera-galeria-23.jpg\" alt=\"camaronera-galeria (23)\" \/><div class=\"swiper-lazy-preloader\"><\/div><\/figure><\/div><div class=\"swiper-slide\" role=\"group\" aria-roledescription=\"slide\" aria-label=\"8 de 19\"><figure class=\"swiper-slide-inner\"><img class=\"swiper-slide-image swiper-lazy\" data-src=\"https:\/\/cofimar.ec\/wp-content\/uploads\/2024\/05\/camaronera-galeria-22.jpg\" alt=\"camaronera-galeria (22)\" \/><div class=\"swiper-lazy-preloader\"><\/div><\/figure><\/div><div class=\"swiper-slide\" role=\"group\" aria-roledescription=\"slide\" aria-label=\"9 de 19\"><figure class=\"swiper-slide-inner\"><img class=\"swiper-slide-image swiper-lazy\" data-src=\"https:\/\/cofimar.ec\/wp-content\/uploads\/2024\/05\/camaronera-galeria-21.jpg\" alt=\"camaronera-galeria (21)\" \/><div class=\"swiper-lazy-preloader\"><\/div><\/figure><\/div><div class=\"swiper-slide\" role=\"group\" aria-roledescription=\"slide\" aria-label=\"10 de 19\"><figure class=\"swiper-slide-inner\"><img class=\"swiper-slide-image swiper-lazy\" data-src=\"https:\/\/cofimar.ec\/wp-content\/uploads\/2024\/05\/camaronera-galeria-20.jpg\" alt=\"camaronera-galeria (20)\" \/><div class=\"swiper-lazy-preloader\"><\/div><\/figure><\/div><div class=\"swiper-slide\" role=\"group\" aria-roledescription=\"slide\" aria-label=\"11 de 19\"><figure class=\"swiper-slide-inner\"><img class=\"swiper-slide-image swiper-lazy\" data-src=\"https:\/\/cofimar.ec\/wp-content\/uploads\/2024\/05\/camaronera-galeria-19.jpg\" alt=\"camaronera-galeria (19)\" \/><div class=\"swiper-lazy-preloader\"><\/div><\/figure><\/div><div class=\"swiper-slide\" role=\"group\" aria-roledescription=\"slide\" aria-label=\"12 de 19\"><figure class=\"swiper-slide-inner\"><img class=\"swiper-slide-image swiper-lazy\" data-src=\"https:\/\/cofimar.ec\/wp-content\/uploads\/2024\/05\/camaronera-galeria-18.jpg\" alt=\"camaronera-galeria (18)\" \/><div class=\"swiper-lazy-preloader\"><\/div><\/figure><\/div><div class=\"swiper-slide\" role=\"group\" aria-roledescription=\"slide\" aria-label=\"13 de 19\"><figure class=\"swiper-slide-inner\"><img class=\"swiper-slide-image swiper-lazy\" data-src=\"https:\/\/cofimar.ec\/wp-content\/uploads\/2024\/05\/camaronera-galeria-17.jpg\" alt=\"camaronera-galeria (17)\" \/><div class=\"swiper-lazy-preloader\"><\/div><\/figure><\/div><div class=\"swiper-slide\" role=\"group\" aria-roledescription=\"slide\" aria-label=\"14 de 19\"><figure class=\"swiper-slide-inner\"><img class=\"swiper-slide-image swiper-lazy\" data-src=\"https:\/\/cofimar.ec\/wp-content\/uploads\/2024\/05\/camaronera-galeria-16.jpg\" alt=\"camaronera-galeria (16)\" \/><div class=\"swiper-lazy-preloader\"><\/div><\/figure><\/div><div class=\"swiper-slide\" role=\"group\" aria-roledescription=\"slide\" aria-label=\"15 de 19\"><figure class=\"swiper-slide-inner\"><img class=\"swiper-slide-image swiper-lazy\" data-src=\"https:\/\/cofimar.ec\/wp-content\/uploads\/2024\/05\/camaronera-galeria-15.jpg\" alt=\"camaronera-galeria (15)\" \/><div class=\"swiper-lazy-preloader\"><\/div><\/figure><\/div><div class=\"swiper-slide\" role=\"group\" aria-roledescription=\"slide\" aria-label=\"16 de 19\"><figure class=\"swiper-slide-inner\"><img class=\"swiper-slide-image swiper-lazy\" data-src=\"https:\/\/cofimar.ec\/wp-content\/uploads\/2024\/05\/camaronera-galeria-14.jpg\" alt=\"camaronera-galeria (14)\" \/><div class=\"swiper-lazy-preloader\"><\/div><\/figure><\/div><div class=\"swiper-slide\" role=\"group\" aria-roledescription=\"slide\" aria-label=\"17 de 19\"><figure class=\"swiper-slide-inner\"><img class=\"swiper-slide-image swiper-lazy\" data-src=\"https:\/\/cofimar.ec\/wp-content\/uploads\/2024\/05\/camaronera-galeria-13.jpg\" alt=\"camaronera-galeria (13)\" \/><div class=\"swiper-lazy-preloader\"><\/div><\/figure><\/div><div class=\"swiper-slide\" role=\"group\" aria-roledescription=\"slide\" aria-label=\"18 de 19\"><figure class=\"swiper-slide-inner\"><img class=\"swiper-slide-image swiper-lazy\" data-src=\"https:\/\/cofimar.ec\/wp-content\/uploads\/2024\/05\/camaronera-galeria-12.jpg\" alt=\"camaronera-galeria (12)\" \/><div class=\"swiper-lazy-preloader\"><\/div><\/figure><\/div><div class=\"swiper-slide\" role=\"group\" aria-roledescription=\"slide\" aria-label=\"19 de 19\"><figure class=\"swiper-slide-inner\"><img class=\"swiper-slide-image swiper-lazy\" data-src=\"https:\/\/cofimar.ec\/wp-content\/uploads\/2024\/05\/camaronera-galeria-11.jpg\" alt=\"camaronera-galeria (11)\" \/><div class=\"swiper-lazy-preloader\"><\/div><\/figure><\/div>\t\t\t<\/div>\n\t\t\t\t\t\t\t\t\t\t\t\t<div class=\"elementor-swiper-button elementor-swiper-button-prev\" role=\"button\" tabindex=\"0\">\n\t\t\t\t\t\t<svg aria-hidden=\"true\" class=\"e-font-icon-svg e-eicon-chevron-left\" viewbox=\"0 0 1000 1000\" xmlns=\"http:\/\/www.w3.org\/2000\/svg\"><path d=\"M646 125C629 125 613 133 604 142L308 442C296 454 292 471 292 487 292 504 296 521 308 533L604 854C617 867 629 875 646 875 663 875 679 871 692 858 704 846 713 829 713 812 713 796 708 779 692 767L438 487 692 225C700 217 708 204 708 187 708 171 704 154 692 142 675 129 663 125 646 125Z\"><\/path><\/svg>\t\t\t\t\t<\/div>\n\t\t\t\t\t<div class=\"elementor-swiper-button elementor-swiper-button-next\" role=\"button\" tabindex=\"0\">\n\t\t\t\t\t\t<svg aria-hidden=\"true\" class=\"e-font-icon-svg e-eicon-chevron-right\" viewbox=\"0 0 1000 1000\" xmlns=\"http:\/\/www.w3.org\/2000\/svg\"><path d=\"M696 533C708 521 713 504 713 487 713 471 708 454 696 446L400 146C388 133 375 125 354 125 338 125 325 129 313 142 300 154 292 171 292 187 292 204 296 221 308 233L563 492 304 771C292 783 288 800 288 817 288 833 296 850 308 863 321 871 338 875 354 875 371 875 388 867 400 854L696 533Z\"><\/path><\/svg>\t\t\t\t\t<\/div>\n\t\t\t\t\n\t\t\t\t\t\t\t\t\t<\/div>\n\t\t\t\t\t\t<\/div>\n\t\t\t\t<\/div>\n\t\t\t\t\t<\/div>\n\t\t\t\t<\/div>\n\t\t<div class=\"elementor-element elementor-element-df7668b e-flex e-con-boxed e-con e-parent\" data-id=\"df7668b\" data-element_type=\"container\" data-e-type=\"container\" data-settings=\"{&quot;background_background&quot;:&quot;classic&quot;}\">\n\t\t\t\t\t<div class=\"e-con-inner\">\n\t\t\t\t<div class=\"elementor-element elementor-element-e884f62 elementor-view-default elementor-position-block-start elementor-mobile-position-block-start elementor-widget elementor-widget-icon-box\" data-id=\"e884f62\" data-element_type=\"widget\" data-e-type=\"widget\" data-widget_type=\"icon-box.default\">\n\t\t\t\t<div class=\"elementor-widget-container\">\n\t\t\t\t\t\t\t<div class=\"elementor-icon-box-wrapper\">\n\n\t\t\t\t\t\t<div class=\"elementor-icon-box-icon\">\n\t\t\t\t<a href=\"https:\/\/cofimar.ec\/wp-content\/uploads\/2024\/04\/LICENCIA-AMBIENTAL-PC1-1.pdf\" target=\"_blank\" class=\"elementor-icon\" tabindex=\"-1\" aria-label=\"LICEN\u00c7AS AMBIENTAIS\">\n\t\t\t\t<svg aria-hidden=\"true\" class=\"e-font-icon-svg e-far-file-pdf\" viewbox=\"0 0 384 512\" xmlns=\"http:\/\/www.w3.org\/2000\/svg\"><path d=\"M369.9 97.9L286 14C277 5 264.8-.1 252.1-.1H48C21.5 0 0 21.5 0 48v416c0 26.5 21.5 48 48 48h288c26.5 0 48-21.5 48-48V131.9c0-12.7-5.1-25-14.1-34zM332.1 128H256V51.9l76.1 76.1zM48 464V48h160v104c0 13.3 10.7 24 24 24h104v288H48zm250.2-143.7c-12.2-12-47-8.7-64.4-6.5-17.2-10.5-28.7-25-36.8-46.3 3.9-16.1 10.1-40.6 5.4-56-4.2-26.2-37.8-23.6-42.6-5.9-4.4 16.1-.4 38.5 7 67.1-10 23.9-24.9 56-35.4 74.4-20 10.3-47 26.2-51 46.2-3.3 15.8 26 55.2 76.1-31.2 22.4-7.4 46.8-16.5 68.4-20.1 18.9 10.2 41 17 55.8 17 25.5 0 28-28.2 17.5-38.7zm-198.1 77.8c5.1-13.7 24.5-29.5 30.4-35-19 30.3-30.4 35.7-30.4 35zm81.6-190.6c7.4 0 6.7 32.1 1.8 40.8-4.4-13.9-4.3-40.8-1.8-40.8zm-24.4 136.6c9.7-16.9 18-37 24.7-54.7 8.3 15.1 18.9 27.2 30.1 35.5-20.8 4.3-38.9 13.1-54.8 19.2zm131.6-5s-5 6-37.3-7.8c35.1-2.6 40.9 5.4 37.3 7.8z\"><\/path><\/svg>\t\t\t\t<\/a>\n\t\t\t<\/div>\n\t\t\t\n\t\t\t\t\t\t<div class=\"elementor-icon-box-content\">\n\n\t\t\t\t\t\t\t\t\t<h3 class=\"elementor-icon-box-title\">\n\t\t\t\t\t\t<a href=\"https:\/\/cofimar.ec\/wp-content\/uploads\/2024\/04\/LICENCIA-AMBIENTAL-PC1-1.pdf\" target=\"_blank\" >\n\t\t\t\t\t\t\tLICEN\u00c7AS AMBIENTAIS\t\t\t\t\t\t<\/a>\n\t\t\t\t\t<\/h3>\n\t\t\t\t\n\t\t\t\t\n\t\t\t<\/div>\n\t\t\t\n\t\t<\/div>\n\t\t\t\t\t\t<\/div>\n\t\t\t\t<\/div>\n\t\t\t\t\t<\/div>\n\t\t\t\t<\/div>\n\t\t\t\t<\/div>","protected":false},"excerpt":{"rendered":"<p>NOS PREOCUPAMOS POR EL MEDIO AMBIENTE NOS PREOCUPAMOS POR EL MEDIO AMBIENTE Nuestra Locaci\u00f3n Estamos ubicados en el sector El Morro del cant\u00f3n Guayaquil, donde la biodiversidad de la flora, fauna marina y silvestre es abundante. Siempre comprometidos con la reducci\u00f3n de los impactos negativos sociales y en el medio ambiente mediante la conservaci\u00f3n de [&hellip;]<\/p>\n","protected":false},"author":1,"featured_media":0,"parent":0,"menu_order":0,"comment_status":"closed","ping_status":"closed","template":"elementor_header_footer","meta":{"footnotes":""},"class_list":["post-352","page","type-page","status-publish","hentry"],"_links":{"self":[{"href":"https:\/\/cofimar.ec\/pt\/wp-json\/wp\/v2\/pages\/352","targetHints":{"allow":["GET"]}}],"collection":[{"href":"https:\/\/cofimar.ec\/pt\/wp-json\/wp\/v2\/pages"}],"about":[{"href":"https:\/\/cofimar.ec\/pt\/wp-json\/wp\/v2\/types\/page"}],"author":[{"embeddable":true,"href":"https:\/\/cofimar.ec\/pt\/wp-json\/wp\/v2\/users\/1"}],"replies":[{"embeddable":true,"href":"https:\/\/cofimar.ec\/pt\/wp-json\/wp\/v2\/comments?post=352"}],"version-history":[{"count":115,"href":"https:\/\/cofimar.ec\/pt\/wp-json\/wp\/v2\/pages\/352\/revisions"}],"predecessor-version":[{"id":2225,"href":"https:\/\/cofimar.ec\/pt\/wp-json\/wp\/v2\/pages\/352\/revisions\/2225"}],"wp:attachment":[{"href":"https:\/\/cofimar.ec\/pt\/wp-json\/wp\/v2\/media?parent=352"}],"curies":[{"name":"wp","href":"https:\/\/api.w.org\/{rel}","templated":true}]}}