{"id":2,"date":"2024-04-05T15:24:25","date_gmt":"2024-04-05T20:24:25","guid":{"rendered":"https:\/\/cofimar.ec\/?page_id=2"},"modified":"2025-06-12T12:33:52","modified_gmt":"2025-06-12T17:33:52","slug":"pagina-ejemplo","status":"publish","type":"page","link":"https:\/\/cofimar.ec\/zh\/pagina-ejemplo\/","title":{"rendered":"\u9875\u9762\u793a\u4f8b"},"content":{"rendered":"<p>\u8fd9\u662f\u4e00\u4e2a\u793a\u4f8b\u9875\u9762\u3002\u5b83\u4e0d\u540c\u4e8e\u535a\u6587\uff0c\u56e0\u4e3a\u5b83\u5c06\u4fdd\u7559\u5728\u4e00\u4e2a\u5730\u65b9\uff0c\u5e76\u51fa\u73b0\u5728\u7f51\u7ad9\u7684\u5bfc\u822a\u4e2d\uff08\u5728\u5927\u591a\u6570\u4e3b\u9898\u4e2d\uff09\u3002\u5927\u591a\u6570\u4eba\u90fd\u4f1a\u4ece \"\u5173\u4e8e \"\u9875\u9762\u5f00\u59cb\uff0c\u5411\u7f51\u7ad9\u7684\u6f5c\u5728\u8bbf\u5ba2\u4ecb\u7ecd\u81ea\u5df1\u3002\u5b83\u53ef\u80fd\u662f\u8fd9\u6837\u7684<\/p>\n\n\n\n<blockquote class=\"wp-block-quote is-layout-flow wp-block-quote-is-layout-flow\"><p>\u6b22\u8fce\u5149\u4e34\uff01\u6211\u767d\u5929\u662f\u4e00\u540d\u670d\u52a1\u5458\uff0c\u665a\u4e0a\u662f\u4e00\u540d\u6709\u62b1\u8d1f\u7684\u6f14\u5458\uff0c\u8fd9\u662f\u6211\u7684\u7f51\u7ad9\u3002\u6211\u4f4f\u5728\u83ab\u96f7\u5229\u4e9a\uff0c\u517b\u4e86\u4e00\u6761\u53eb Firulais \u7684\u72d7\uff0c\u559c\u6b22\u559d mezcal\u3002(\u8fd8\u6709\u559d\u5496\u5561\u7684\u6f2b\u957f\u5348\u540e\uff09<\/p><\/blockquote>\n\n\n\n<p>......\u6216\u7c7b\u4f3c\u7684\u4e1c\u897f\uff1a<\/p>\n\n\n\n<blockquote class=\"wp-block-quote is-layout-flow wp-block-quote-is-layout-flow\"><p>Mariscos Recio \u516c\u53f8\u7531\u5b89\u4e1c\u5c3c\u5965-\u96f7\u897f\u5965-\u9a6c\u5854\u521b\u5efa\u3002\u8d77\u521d\uff0c\u5b83\u53ea\u662f\u4e00\u5bb6\u5411\u9152\u5e97\u548c\u9910\u9986\u4f9b\u5e94\u6d77\u9c9c\u7684\u5c0f\u516c\u53f8\uff0c\u4f46\u6e10\u6e10\u5730\uff0c\u5b83\u5df2\u6210\u4e3a\u4e00\u4e2a\u4f1f\u5927\u7684\u5e1d\u56fd\u3002Mariscos Recio\uff0c\u7269\u7f8e\u4ef7\u5ec9\u7684\u5927\u6d77\u3002<\/p><\/blockquote>\n\n\n\n<p>\u4f5c\u4e3a WordPress \u7684\u65b0\u7528\u6237\uff0c\u60a8\u5e94\u8be5\u8bbf\u95ee <a href=\"https:\/\/cofimar.ec\/wp-admin\/\">\u4f60\u7684\u529e\u516c\u684c<\/a> \u795d\u60a8\u73a9\u5f97\u5f00\u5fc3\uff01<\/p>","protected":false},"excerpt":{"rendered":"<p>Esta es una p\u00e1gina de ejemplo. Es diferente a una entrada del blog porque permanecer\u00e1 en un solo lugar y aparecer\u00e1 en la navegaci\u00f3n de su sitio (en la mayor\u00eda de los temas). La mayor\u00eda de las personas comienzan con una p\u00e1gina \u00abAcerca de\u00bb que les presenta a los visitantes potenciales del sitio. Podr\u00eda decir [&hellip;]<\/p>\n","protected":false},"author":1,"featured_media":0,"parent":0,"menu_order":0,"comment_status":"closed","ping_status":"open","template":"","meta":{"footnotes":""},"class_list":["post-2","page","type-page","status-publish","hentry"],"_links":{"self":[{"href":"https:\/\/cofimar.ec\/zh\/wp-json\/wp\/v2\/pages\/2","targetHints":{"allow":["GET"]}}],"collection":[{"href":"https:\/\/cofimar.ec\/zh\/wp-json\/wp\/v2\/pages"}],"about":[{"href":"https:\/\/cofimar.ec\/zh\/wp-json\/wp\/v2\/types\/page"}],"author":[{"embeddable":true,"href":"https:\/\/cofimar.ec\/zh\/wp-json\/wp\/v2\/users\/1"}],"replies":[{"embeddable":true,"href":"https:\/\/cofimar.ec\/zh\/wp-json\/wp\/v2\/comments?post=2"}],"version-history":[{"count":1,"href":"https:\/\/cofimar.ec\/zh\/wp-json\/wp\/v2\/pages\/2\/revisions"}],"predecessor-version":[{"id":2249,"href":"https:\/\/cofimar.ec\/zh\/wp-json\/wp\/v2\/pages\/2\/revisions\/2249"}],"wp:attachment":[{"href":"https:\/\/cofimar.ec\/zh\/wp-json\/wp\/v2\/media?parent=2"}],"curies":[{"name":"wp","href":"https:\/\/api.w.org\/{rel}","templated":true}]}}