{"id":2296,"date":"2025-08-25T11:56:15","date_gmt":"2025-08-25T16:56:15","guid":{"rendered":"https:\/\/cofimar.ec\/?page_id=2296"},"modified":"2025-08-25T12:46:27","modified_gmt":"2025-08-25T17:46:27","slug":"politica-de-cookies","status":"publish","type":"page","link":"https:\/\/cofimar.ec\/zh\/politica-de-cookies\/","title":{"rendered":"Cookies \u653f\u7b56"},"content":{"rendered":"<div data-elementor-type=\"wp-page\" data-elementor-id=\"2296\" class=\"elementor elementor-2296\">\n\t\t\t\t<div class=\"elementor-element elementor-element-44b1988 e-flex e-con-boxed e-con e-parent\" data-id=\"44b1988\" data-element_type=\"container\" data-e-type=\"container\">\n\t\t\t\t\t<div class=\"e-con-inner\">\n\t\t\t\t<div class=\"elementor-element elementor-element-518fbbc elementor-widget elementor-widget-heading\" data-id=\"518fbbc\" data-element_type=\"widget\" data-e-type=\"widget\" data-widget_type=\"heading.default\">\n\t\t\t\t<div class=\"elementor-widget-container\">\n\t\t\t\t\t<h1 class=\"elementor-heading-title elementor-size-default\">Cookies \u653f\u7b56<\/h1>\t\t\t\t<\/div>\n\t\t\t\t<\/div>\n\t\t\t\t<div class=\"elementor-element elementor-element-4f27c74 elementor-widget elementor-widget-text-editor\" data-id=\"4f27c74\" data-element_type=\"widget\" data-e-type=\"widget\" data-widget_type=\"text-editor.default\">\n\t\t\t\t<div class=\"elementor-widget-container\">\n\t\t\t\t\t\t\t\t\t<h2>I.\u00a0\u00a0\u00a0\u00a0\u00a0 <u>\u5f15\u8a00<\/u><\/h2><p>\u672cCookies\u653f\u7b56\u65e8\u5728\u4e3aCOFIMAR S.A.\u7528\u6237\u63d0\u4f9b\u6e05\u6670\u6613\u61c2\u7684\u4fe1\u606f\uff0c\u8bf4\u660e\u6211\u4eec\u7f51\u7ad9https:\/\/www.cofimar.ec\u3002\u672c\u653f\u7b56\u7b26\u5408\u300a\u4e2a\u4eba\u6570\u636e\u4fdd\u62a4\u7ec4\u7ec7\u6cd5\u300b\uff08LOPDP\uff09\u3001\u5176\u89c4\u5b9a\u4ee5\u53ca\u5384\u74dc\u591a\u5c14\u9002\u7528\u7684\u5176\u4ed6\u89c4\u5b9a\u3002<\/p><p>\u901a\u8fc7\u4f7f\u7528 cookie\uff0c\u6211\u4eec\u53ef\u4ee5\u6539\u5584\u6d4f\u89c8\u4f53\u9a8c\u3001\u4e2a\u6027\u5316\u5185\u5bb9\u3001\u4f18\u5316\u7f51\u7ad9\u6027\u80fd\u5e76\u8fdb\u884c\u4f7f\u7528\u5206\u6790\uff0c\u4ece\u800c\u63d0\u4f9b\u7b26\u5408\u60a8\u5174\u8da3\u7684\u670d\u52a1\u3002\u901a\u8fc7\u672c\u6587\u4ef6\uff0c\u6211\u4eec\u529b\u6c42\u786e\u4fdd\u5728\u77e5\u60c5\u548c\u53ef\u7ba1\u7406\u7684\u540c\u610f\u57fa\u7840\u4e0a\uff0c\u900f\u660e\u5730\u6536\u96c6\u548c\u5904\u7406\u901a\u8fc7\u4f7f\u7528\u8fd9\u4e9b\u6280\u672f\u83b7\u5f97\u7684\u6570\u636e\u3002<\/p><h2>II.\u00a0\u00a0\u00a0\u00a0\u00a0 <u>\u4ec0\u4e48\u662f cookie\uff1f<\/u><\/h2><p>Cookie \u662f\u8bbf\u95ee\u7f51\u7ad9\u65f6\u5b58\u50a8\u5728\u7528\u6237\u6d4f\u89c8\u5668\u4e2d\u7684\u5c0f\u6587\u672c\u6587\u4ef6\u3002\u8fd9\u4e9b\u6587\u4ef6\u5305\u542b\u7684\u4fe1\u606f\u53ef\u8ba9\u6211\u4eec\u8bc6\u522b\u7528\u6237\u7684\u8bbe\u5907\uff0c\u5e76\u6536\u96c6\u7528\u6237\u5728\u7f51\u7ad9\u4e0a\u7684\u6d3b\u52a8\u6570\u636e\uff0c\u5982\u8bed\u8a00\u504f\u597d\u3001\u8bbf\u95ee\u8fc7\u7684\u9875\u9762\u6216\u4fdd\u5b58\u7684\u8bbe\u7f6e\u3002<\/p><p>Cookie \u4e0d\u4f1a\u76f4\u63a5\u6536\u96c6\u654f\u611f\u4fe1\u606f\uff0c\u5982\u94f6\u884c\u4fe1\u606f\u6216\u8eab\u4efd\u8bc1\u4ef6\uff0c\u5176\u4f7f\u7528\u4ec5\u9650\u4e8e\u4e0b\u6587\u8be6\u8ff0\u7684\u7279\u5b9a\u76ee\u7684\u3002<\/p><h2>III.\u00a0\u00a0\u00a0\u00a0\u00a0 <u>cookie \u5b58\u50a8\u54ea\u4e9b\u4fe1\u606f\uff1f<\/u><\/h2><p>Cookie \u901a\u5e38\u4e0d\u4f1a\u5b58\u50a8\u60a8\u7684\u654f\u611f\u4fe1\u606f\uff0c\u5982\u4fe1\u7528\u5361\u6216\u94f6\u884c\u8be6\u60c5\u3001\u7167\u7247\u3001\u8eab\u4efd\u8bc1\u6216\u4e2a\u4eba\u4fe1\u606f\u7b49\u3002\u5b83\u4eec\u5b58\u50a8\u7684\u662f\u6280\u672f\u6027\u6570\u636e\u3001\u4e2a\u4eba\u504f\u597d\u3001\u4e2a\u6027\u5316\u5185\u5bb9\u7b49\u3002\u7f51\u7edc\u670d\u52a1\u5668\u4e0d\u4f1a\u5c06\u4f60\u4e0e\u4e2a\u4eba\u8054\u7cfb\u8d77\u6765\uff0c\u800c\u662f\u4e0e\u4f60\u7684\u7f51\u7edc\u6d4f\u89c8\u5668\u8054\u7cfb\u8d77\u6765\u3002\u4e8b\u5b9e\u4e0a\uff0c\u5982\u679c\u4f60\u901a\u5e38\u4f7f\u7528 Internet Explorer \u6d4f\u89c8\u5668\uff0c\u800c\u5c1d\u8bd5\u4f7f\u7528 Firefox \u6216 Chrome \u6d4f\u89c8\u540c\u4e00\u4e2a\u7f51\u7ad9\uff0c\u4f60\u4f1a\u53d1\u73b0\u7f51\u7edc\u5e76\u6ca1\u6709\u610f\u8bc6\u5230\u4f60\u662f\u540c\u4e00\u4e2a\u4eba\uff0c\u56e0\u4e3a\u5b83\u5b9e\u9645\u4e0a\u662f\u5728\u5173\u8054\u6d4f\u89c8\u5668\uff0c\u800c\u4e0d\u662f\u4eba\u3002<\/p><h2>IV.\u00a0\u00a0\u00a0\u00a0\u00a0 <u>cookie \u7684\u7c7b\u578b<\/u><\/h2><p>\u6211\u4eec\u5728\u7f51\u7ad9\u4e0a\u4f7f\u7528\u6211\u4eec\u81ea\u5df1\u548c\u7b2c\u4e09\u65b9\u7684 cookie\uff0c\u6839\u636e\u5176\u6765\u6e90\u3001\u6301\u7eed\u65f6\u95f4\u548c\u76ee\u7684\u8fdb\u884c\u5206\u7c7b\uff1a<\/p><ol><li>Cookie \u7684\u7c7b\u578b\u53d6\u51b3\u4e8e\u7ba1\u7406 Cookie \u7684\u5b9e\u4f53\uff1a<br \/><p>a) \u7b2c\u4e00\u65b9 cookie\uff1a\u8fd9\u4e9b cookie \u76f4\u63a5\u4ece\u6211\u4eec\u7684\u7f51\u7ad9\u5b89\u88c5\u5230\u7528\u6237\u7684\u8bbe\u5907\u4e0a\u3002\u4e5f\u5c31\u662f\u8bf4\uff0c\u5b83\u4eec\u7531\u6211\u4eec\u7ba1\u7406\uff0c\u4ee5\u63d0\u4f9b\u7528\u6237\u6d4f\u89c8\u7f51\u7ad9\u65f6\u6240\u8981\u6c42\u7684\u670d\u52a1\u3002<\/p><p>b) \u7b2c\u4e09\u65b9 cookie\uff1a\u8fd9\u4e9b cookie \u662f\u5b89\u88c5\u5728\u7528\u6237\u8bbe\u5907\u4e0a\u7684\uff0c\u6765\u81ea\u6211\u4eec\u4ee5\u5916\u7684\u57df\u3002\u5b83\u4eec\u7531\u5176\u4ed6\u516c\u53f8\u7ba1\u7406\uff0c\u8fd9\u4e9b\u516c\u53f8\u5904\u7406\u901a\u8fc7\u8fd9\u4e9b cookie \u83b7\u5f97\u7684\u4fe1\u606f\uff0c\u4f8b\u5982\uff0c\u63d0\u4f9b\u5206\u6790\u6216\u5e7f\u544a\u670d\u52a1\u3002<\/p><\/li><li>\u6839\u636e\u6fc0\u6d3b\u65f6\u95f4\u957f\u77ed\u5212\u5206\u7684 cookie \u7c7b\u578b\uff1a<br \/><p>a) \u4f1a\u8bdd cookie\uff1a\u8fd9\u662f\u4e00\u79cd\u7528\u4e8e\u5728\u7528\u6237\u8bbf\u95ee\u7f51\u7ad9\u65f6\u6536\u96c6\u548c\u5b58\u50a8\u6570\u636e\u7684 cookie\u3002\u5b83\u4eec\u901a\u5e38\u7528\u4e8e\u5b58\u50a8\u53ea\u9700\u4fdd\u7559\u7684\u4fe1\u606f\uff0c\u4ee5\u63d0\u4f9b\u7528\u6237\u5728\u5355\u6b21\u60c5\u51b5\u4e0b\u8bf7\u6c42\u7684\u670d\u52a1\uff08\u4f8b\u5982\uff0c\u8d2d\u4e70\u7684\u4ea7\u54c1\u6e05\u5355\uff09\u3002<\/p><p>b) \u6301\u4e45 Cookie\uff1a\u8fd9\u662f\u4e00\u79cd cookie \u7c7b\u578b\uff0c\u5176\u4e2d\u7684\u6570\u636e\u4e00\u76f4\u5b58\u50a8\u5728\u7ec8\u7aef\u4e2d\uff0c\u53ef\u5728 cookie \u53d1\u5e03\u8005\u89c4\u5b9a\u7684\u671f\u9650\u5185\u8bbf\u95ee\u548c\u5904\u7406\uff0c\u671f\u9650\u4ece\u51e0\u5206\u949f\u5230\u51e0\u5e74\u4e0d\u7b49\u3002<\/p><\/li><li>\u6839\u636e\u7528\u9014\u5212\u5206\u7684 cookie \u7c7b\u578b<br \/><p>a) \u5fc5\u8981 Cookie\uff1a\u8fd9\u4e9b Cookie \u53ef\u5b9e\u73b0\u9875\u9762\u5bfc\u822a\u548c\u8bbf\u95ee\u7f51\u7ad9\u5b89\u5168\u533a\u57df\u7b49\u57fa\u672c\u529f\u80fd\uff0c\u6709\u52a9\u4e8e\u7f51\u7ad9\u7684\u53ef\u7528\u6027\u3002\u6ca1\u6709\u8fd9\u4e9b cookie\uff0c\u7f51\u7ad9\u65e0\u6cd5\u6b63\u5e38\u8fd0\u884c\u3002<\/p><p>b) \u6280\u672f Cookie\uff1a\u5141\u8bb8\u7528\u6237\u6d4f\u89c8\u7f51\u7ad9\u3001\u5e73\u53f0\u6216\u5e94\u7528\u7a0b\u5e8f\uff0c\u5e76\u4f7f\u7528\u5176\u4e2d\u7684\u4e0d\u540c\u9009\u9879\u6216\u670d\u52a1\uff0c\u4f8b\u5982\uff0c\u63a7\u5236\u6d41\u91cf\u548c\u6570\u636e\u901a\u4fe1\u3001\u8bc6\u522b\u4f1a\u8bdd\u3001\u8bbf\u95ee\u53d7\u9650\u8bbf\u95ee\u90e8\u5206\u3001\u8bb0\u4f4f\u6784\u6210\u8ba2\u5355\u7684\u8981\u7d20\u3001\u6267\u884c\u8ba2\u5355\u8d2d\u4e70\u6d41\u7a0b\u3001\u7533\u8bf7\u6ce8\u518c\u6216\u53c2\u4e0e\u6d3b\u52a8\u3001\u5728\u6d4f\u89c8\u8fc7\u7a0b\u4e2d\u4f7f\u7528\u5b89\u5168\u8981\u7d20\u3001\u5b58\u50a8\u7528\u4e8e\u4f20\u64ad\u89c6\u9891\u6216\u58f0\u97f3\u7684\u5185\u5bb9\u6216\u901a\u8fc7\u793e\u4ea4\u7f51\u7edc\u5171\u4eab\u5185\u5bb9\u3002<\/p><p>c) \u4e2a\u6027\u5316 cookie\uff1a\u6839\u636e\u7528\u6237\u7ec8\u7aef\u7684\u4e00\u7cfb\u5217\u6807\u51c6\uff0c\u5982\u8bed\u8a00\u3001\u7528\u4e8e\u8bbf\u95ee\u670d\u52a1\u7684\u6d4f\u89c8\u5668\u7c7b\u578b\u3001\u8bbf\u95ee\u670d\u52a1\u7684\u5730\u533a\u914d\u7f6e\u7b49\uff0c\u8fd9\u4e9b cookie \u5141\u8bb8\u7528\u6237\u4ee5\u67d0\u4e9b\u9884\u5b9a\u4e49\u7684\u4e00\u822c\u7279\u5f81\u8bbf\u95ee\u670d\u52a1\u3002<\/p><p>d) \u5206\u6790 cookie\uff1a\u8fd9\u4e9b cookie \u5141\u8bb8\u7f16\u8f91\u5668\u76d1\u63a7\u548c\u5206\u6790\u6240\u94fe\u63a5\u7f51\u7ad9\u7528\u6237\u7684\u884c\u4e3a\u3002\u901a\u8fc7\u6b64\u7c7b cookie \u6536\u96c6\u7684\u4fe1\u606f\u7528\u4e8e\u8861\u91cf\u7f51\u7ad9\u3001\u5e94\u7528\u7a0b\u5e8f\u6216\u5e73\u53f0\u7684\u6d3b\u52a8\uff0c\u5e76\u7528\u4e8e\u7f16\u5236\u4e0a\u8ff0\u7f51\u7ad9\u3001\u5e94\u7528\u7a0b\u5e8f\u548c\u5e73\u53f0\u7528\u6237\u7684\u6d4f\u89c8\u6863\u6848\uff0c\u4ee5\u4fbf\u6839\u636e\u5bf9\u670d\u52a1\u7528\u6237\u4f7f\u7528\u60c5\u51b5\u7684\u6570\u636e\u5206\u6790\u8fdb\u884c\u6539\u8fdb\u3002<\/p><p>e) \u5e7f\u544a Cookie\uff1a\u8fd9\u7c7b Cookie \u5141\u8bb8\u4ee5\u6700\u6709\u6548\u7684\u65b9\u5f0f\u7ba1\u7406\u5e7f\u544a\u7a7a\u95f4\uff0c\u7f16\u8f91\u8005\u53ef\u6839\u636e\u7f16\u8f91\u5185\u5bb9\u6216\u5e7f\u544a\u663e\u793a\u9891\u7387\u7b49\u6807\u51c6\uff0c\u914c\u60c5\u5728\u7f51\u7ad9\u3001\u5e94\u7528\u7a0b\u5e8f\u6216\u5e73\u53f0\u4e0a\u63d0\u4f9b\u6240\u9700\u7684\u670d\u52a1\u3002<\/p><p>f) \u884c\u4e3a\u5e7f\u544a Cookie\uff1a\u8fd9\u4e9b Cookie \u80fd\u591f\u4ee5\u6700\u6709\u6548\u7684\u65b9\u5f0f\u7ba1\u7406\u5e7f\u544a\u7a7a\u95f4\uff0c\u5728\u9002\u5f53\u60c5\u51b5\u4e0b\uff0c\u51fa\u7248\u5546\u53ef\u5c06\u5e7f\u544a\u7a7a\u95f4\u7eb3\u5165\u7f51\u7ad9\u3001\u5e94\u7528\u7a0b\u5e8f\u6216\u5e73\u53f0\uff0c\u5e76\u901a\u8fc7\u8fd9\u4e9b\u7f51\u7ad9\u3001\u5e94\u7528\u7a0b\u5e8f\u6216\u5e73\u53f0\u63d0\u4f9b\u6240\u8bf7\u6c42\u7684\u670d\u52a1\u3002\u8fd9\u4e9b\u4fe1\u606f\u8bb0\u5f55\u7a0b\u5e8f\u5b58\u50a8\u4e86\u901a\u8fc7\u6301\u7eed\u89c2\u5bdf\u7528\u6237\u6d4f\u89c8\u4e60\u60ef\u800c\u83b7\u5f97\u7684\u7528\u6237\u884c\u4e3a\u4fe1\u606f\uff0c\u4ece\u800c\u53ef\u4ee5\u6839\u636e\u81ea\u52a8\u51b3\u7b56\u5efa\u7acb\u7279\u5b9a\u7684\u6863\u6848\uff0c\u5e76\u5728\u6b64\u57fa\u7840\u4e0a\u663e\u793a\u5e7f\u544a\u3002<\/p><\/li><\/ol><h2>V.\u00a0\u00a0\u00a0\u00a0\u00a0 <u>\u4f7f\u7528 cookie \u7684\u76ee\u7684<\/u><\/h2><p>COFIMAR \u4f7f\u7528 cookie \u7684\u4e3b\u8981\u76ee\u7684\u662f\uff1a<\/p><ul><li>\u65b9\u4fbf\u7f51\u7ad9\u5bfc\u822a\u548c\u8bb0\u5fc6\u7528\u6237\u8bbe\u7f6e\u3002<\/li><li>\u5206\u6790\u7528\u6237\u884c\u4e3a\uff0c\u4ee5\u6539\u8fdb\u6240\u63d0\u4f9b\u7684\u5185\u5bb9\u548c\u670d\u52a1\u3002<\/li><li>\u4e2a\u6027\u5316\u6d4f\u89c8\u4f53\u9a8c\uff0c\u663e\u793a\u76f8\u5173\u5185\u5bb9\u3002<\/li><li>\u6839\u636e\u786e\u5b9a\u7684\u5174\u8da3\uff0c\u7ba1\u7406\u548c\u4f18\u5316\u5e7f\u544a\u6d3b\u52a8\u3002<\/li><\/ul><h2>VI.\u00a0\u00a0\u00a0\u00a0\u00a0 <u>cookie \u7ba1\u7406\u548c\u63a7\u5236<\/u><\/h2><p>\u7528\u6237\u53ef\u4ee5\u5b8c\u5168\u63a7\u5236\u63a5\u53d7\u6216\u62d2\u7edd cookies\u3002\u60a8\u53ef\u4ee5\u968f\u65f6\u5c06\u6d4f\u89c8\u5668\u8bbe\u7f6e\u4e3a\u963b\u6b62\u6216\u5220\u9664 cookie\u3002\u8bf7\u6ce8\u610f\uff0c\u5982\u679c\u7981\u7528\u67d0\u4e9b cookie\uff0c\u7f51\u7ad9\u7684\u67d0\u4e9b\u529f\u80fd\u53ef\u80fd\u65e0\u6cd5\u4f7f\u7528\u6216\u663e\u793a\u9519\u8bef\u3002<\/p><p>\u4e0b\u9762\u662f\u4e3b\u8981\u6d4f\u89c8\u5668\u914d\u7f6e\u9875\u9762\u7684\u94fe\u63a5\uff1a<\/p><ul><li>\u8c37\u6b4c\u6d4f\u89c8\u5668<\/li><li>\u706b\u72d0\u6d4f\u89c8\u5668<\/li><li>MacOS \u684c\u9762 Safari<\/li><li>MacOS Safari \u79fb\u52a8\u8bbe\u5907<\/li><li>Microsoft Edge<\/li><\/ul><h2>VII.\u00a0\u00a0\u00a0\u00a0\u00a0 <u>\u540c\u610f\u4f7f\u7528 cookie<\/u><\/h2><p>\u5f53\u60a8\u7b2c\u4e00\u6b21\u8fdb\u5165 COFIMAR \u7f51\u7ad9\u65f6\uff0c\u60a8\u5c06\u770b\u5230\u4e00\u4e2a\u4fe1\u606f\u6a2a\u5e45\uff0c\u60a8\u53ef\u4ee5\u63a5\u53d7\u6216\u62d2\u7edd\u4f7f\u7528\u4e0d\u5fc5\u8981\u7684 Cookie\u3002\u60a8\u7684\u540c\u610f\u5c06\u88ab\u4fdd\u5b58\uff0c\u5e76\u53ef\u968f\u65f6\u901a\u8fc7\u6d4f\u89c8\u5668\u9009\u9879\u6216\u4f7f\u7528 Cookie \u7ba1\u7406\u5de5\u5177\u64a4\u9500\uff0c\u53c2\u89c1\u9644\u5f55\u3002<\/p><h2>VIII.\u00a0\u00a0\u00a0\u00a0\u00a0 <u>\u56fd\u9645\u8f6c\u8d26<\/u><\/h2><p>\u63a5\u53d7 cookies \u5373\u8868\u793a\u60a8\u81ea\u613f\u540c\u610f\u4e0a\u8ff0\u6570\u636e\u5904\u7406\u3002\u5728\u8fd9\u4e9b\u56fd\u5bb6\uff0c\u5c3d\u7ba1\u5bf9\u670d\u52a1\u63d0\u4f9b\u5546\u8fdb\u884c\u4e86\u4ed4\u7ec6\u9009\u62e9\u5e76\u89c4\u5b9a\u4e86\u4e49\u52a1\uff0c\u4f46\u4ecd\u65e0\u6cd5\u4fdd\u8bc1\u5bf9\u6570\u636e\u7684\u9ad8\u5ea6\u4fdd\u62a4\u3002<\/p><p>\u4f8b\u5982\uff0c\u5982\u679c\u6570\u636e\u88ab\u8f6c\u79fb\u5230\u7f8e\u56fd\uff0c\u7f8e\u56fd\u5f53\u5c40\u6709\u53ef\u80fd\u51fa\u4e8e\u63a7\u5236\u548c\u76d1\u63a7\u76ee\u7684\u5904\u7406\u8fd9\u4e9b\u6570\u636e\uff0c\u800c\u65e0\u6cd5\u83b7\u5f97\u6709\u6548\u7684\u6cd5\u5f8b\u8865\u6551\uff0c\u6216\u6570\u636e\u4e3b\u4f53\u7684\u6240\u6709\u6743\u5229\u90fd\u65e0\u6cd5\u5f97\u5230\u6267\u884c\u3002\u5982\u4e0b\u6240\u8ff0\uff0c\u60a8\u53ef\u4ee5\u968f\u65f6\u64a4\u9500\u540c\u610f\u3002<\/p><h2>IX.\u00a0\u00a0\u00a0\u00a0\u00a0 <u>\u6240\u6536\u96c6\u6570\u636e\u7684\u5b89\u5168\u6027<\/u><\/h2><p>COFIMAR \u91c7\u7528\u7b26\u5408\u56fd\u9645\u6807\u51c6\u7684\u5408\u7406\u5b89\u5168\u63aa\u65bd\u4fdd\u62a4\u901a\u8fc7 cookies \u6536\u96c6\u7684\u4fe1\u606f\uff0c\u5305\u62ec IP \u533f\u540d\u5316\u548c\u9650\u5236\u8bbf\u95ee\u5206\u6790\u6570\u636e\u3002<\/p><table><thead><tr><th>\u540d\u79f0<\/th><th>\u6301\u7eed\u65f6\u95f4<\/th><th>\u5bf9\u8c61<\/th><th>\u4ec5\u9650\u6ce8\u518c\u7528\u6237\uff1f<\/th><\/tr><\/thead><tbody><tr><td><strong>wordpresshash\u3002<\/strong><\/td><td>\u00a0<\/td><td>WordPress \u4f7f\u7528 wordpress-hash cookie \u6765\u5b58\u50a8\u9a8c\u8bc1\u8be6\u7ec6\u4fe1\u606f\u3002\u5176\u4f7f\u7528\u4ec5\u9650\u4e8e\u7ba1\u7406\u5c4f\u5e55\u533a\u57df\/wp-admin\/\u3002<\/td><td>\u662f\u7684\u3001<\/td><\/tr><tr><td><strong>wordpress.logged.in\u3002<\/strong><\/td><td>\u4f1a\u8bae<\/td><td>\u8bb0\u4f4f\u7528\u6237\u4f1a\u8bdd\u3002WordPress \u4f1a\u5728\u767b\u5f55\u540e\u8bbe\u7f6e cookie wordpress.logged.in.hash\uff0c\u4ee5\u663e\u793a\u60a8\u4f55\u65f6\u767b\u5f55\u4ee5\u53ca\u60a8\u662f\u8c01\uff0c\u7528\u4e8e\u5927\u591a\u6570\u754c\u9762\u4f7f\u7528\u3002<\/td><td>\u662f\u7684\u3001<\/td><\/tr><tr><td><strong>wordpres.test.cookie<\/strong><\/td><td>\u4f1a\u8bae<\/td><td>\u6d4b\u8bd5\u662f\u5426\u53ef\u4ee5\u8bbe\u7f6e cookie\u3002WordPress \u8fd8\u4f1a\u8bbe\u7f6e wordpress-test-cookie cookie\uff0c\u4ee5\u68c0\u67e5\u6d4f\u89c8\u5668\u662f\u5426\u542f\u7528\u4e86 cookie\uff0c\u4ece\u800c\u4e3a\u7528\u6237\u63d0\u4f9b\u6b63\u786e\u7684\u7528\u6237\u4f53\u9a8c\u3002\u5373\u4f7f\u60a8\u672a\u767b\u5f55\uff0c\u4e5f\u4f1a\u5728\u524d\u7aef\u4f7f\u7528\u6b64 cookie\u3002<\/td><td>\u4e0d\uff0c\u4e0d<\/td><\/tr><tr><td><strong>wp-settings-.usder.id.<\/strong><\/td><td>1 \u5e74<\/td><td>\u4e2a\u6027\u5316 cookie\u3002\u7528\u4e8e\u4fdd\u5b58 wp-admin \u7528\u6237\u914d\u7f6e\u3002ID \u662f\u7528\u6237\u7684 ID\u3002\u7528\u4e8e\u81ea\u5b9a\u4e49\u7ba1\u7406\u754c\u9762\u7684\u89c6\u56fe\uff0c\u4e5f\u53ef\u80fd\u7528\u4e8e\u81ea\u5b9a\u4e49\u7f51\u7ad9\u7684\u4e3b\u754c\u9762\u3002<\/td><td>\u662f\u7684\u3001<\/td><\/tr><tr><td><strong>wp-settings-time-user.<\/strong><\/td><td>1 \u5e74<\/td><td>\u8bbe\u7f6e wp-settings-usus \u7684\u65f6\u95f4\u3002<\/td><td>\u662f\u7684\u3001<\/td><\/tr><tr><td><strong>wp-qualification-post<\/strong><\/td><td>1 \u5929<\/td><td>\u81ea\u52a8\u4fdd\u5b58 cookie\uff1awp-sal-post \u662f\u5728\u7f16\u8f91\u5668\u4e2d\u4fdd\u5b58\u5e16\u5b50\u65f6\u521b\u5efa\u7684 WordPress cookie\u3002\u5b83\u7528\u4e8e\u8ddf\u8e2a\u5f53\u524d\u6b63\u5728\u7f16\u8f91\u7684\u5e16\u5b50\u662f\u5426\u5b58\u5728\u5df2\u4fdd\u5b58\u7684\u5e16\u5b50\u3002\u5982\u679c\u5b58\u5728\uff0c\u5219\u8ba9\u7528\u6237\u91cd\u7f6e\u6570\u636e\u3002<\/td><td>\u662f\u7684\u3001<\/td><\/tr><tr><td><strong>wp-postpass-hash.<\/strong><\/td><td>10 \u5929<\/td><td>\u5982\u679c\u5e16\u5b50\u6709\u5bc6\u7801\u4fdd\u62a4\uff0c\u5219\u7528\u4e8e\u767b\u5f55\u3002<\/td><td>\u4e0d\uff0c\u4e0d<\/td><\/tr><tr><td><strong>wordpress.sec<\/strong><\/td><td>\u00a0<\/td><td>\u00a0<\/td><td>\u662f\u7684\u3001<\/td><\/tr><\/tbody><\/table><h2>X.\u00a0\u00a0\u00a0\u00a0\u00a0 <u>\u8054\u7cfb<\/u><\/h2><p>\u5982\u9700\u4e86\u89e3\u6709\u5173\u672c\u653f\u7b56\u7684\u66f4\u591a\u4fe1\u606f\uff0c\u6216\u884c\u4f7f\u4e0e\u4e2a\u4eba\u6570\u636e\u5904\u7406\u76f8\u5173\u7684\u6743\u5229\uff0c\u8bf7\u81f4\u51fd protecciondedatos@cofimar.com.ec\u3002<\/p><h2>XI.\u00a0\u00a0\u00a0\u00a0\u00a0 <u>\u672c\u653f\u7b56\u7684\u66f4\u65b0<\/u><\/h2><p>COFIMAR \u53ef\u968f\u65f6\u66f4\u65b0 Cookie \u653f\u7b56\u3002\u66f4\u65b0\u5185\u5bb9\u5c06\u5728\u7f51\u7ad9\u4e0a\u516c\u5e03\uff0c\u5305\u62ec\u6700\u540e\u4fee\u6539\u7684\u65e5\u671f\u3002\u5efa\u8bae\u60a8\u5b9a\u671f\u67e5\u770b\u4ee5\u4e86\u89e3\u9002\u7528\u7684\u53d8\u66f4\u3002<\/p>\t\t\t\t\t\t\t\t<\/div>\n\t\t\t\t<\/div>\n\t\t\t\t<div class=\"elementor-element elementor-element-8c03e04 elementor-widget elementor-widget-spacer\" data-id=\"8c03e04\" data-element_type=\"widget\" data-e-type=\"widget\" data-widget_type=\"spacer.default\">\n\t\t\t\t<div class=\"elementor-widget-container\">\n\t\t\t\t\t\t\t<div class=\"elementor-spacer\">\n\t\t\t<div class=\"elementor-spacer-inner\"><\/div>\n\t\t<\/div>\n\t\t\t\t\t\t<\/div>\n\t\t\t\t<\/div>\n\t\t\t\t\t<\/div>\n\t\t\t\t<\/div>\n\t\t\t\t<\/div>","protected":false},"excerpt":{"rendered":"<p>Pol\u00edtica de cookies I.\u00a0\u00a0\u00a0\u00a0\u00a0 INTRODUCCI\u00d3N La presente Pol\u00edtica de Cookies tiene como objetivo proporcionar a los usuarios de COFIMAR S.A. informaci\u00f3n clara y comprensible sobre el uso de cookies en nuestro sitio web https:\/\/www.cofimar.ec. Esta pol\u00edtica est\u00e1 alineada con la Ley Org\u00e1nica de Protecci\u00f3n de Datos Personales (LOPDP), su Reglamento y otras normativas aplicables en [&hellip;]<\/p>\n","protected":false},"author":1,"featured_media":0,"parent":0,"menu_order":0,"comment_status":"closed","ping_status":"closed","template":"elementor_header_footer","meta":{"footnotes":""},"class_list":["post-2296","page","type-page","status-publish","hentry"],"_links":{"self":[{"href":"https:\/\/cofimar.ec\/zh\/wp-json\/wp\/v2\/pages\/2296","targetHints":{"allow":["GET"]}}],"collection":[{"href":"https:\/\/cofimar.ec\/zh\/wp-json\/wp\/v2\/pages"}],"about":[{"href":"https:\/\/cofimar.ec\/zh\/wp-json\/wp\/v2\/types\/page"}],"author":[{"embeddable":true,"href":"https:\/\/cofimar.ec\/zh\/wp-json\/wp\/v2\/users\/1"}],"replies":[{"embeddable":true,"href":"https:\/\/cofimar.ec\/zh\/wp-json\/wp\/v2\/comments?post=2296"}],"version-history":[{"count":10,"href":"https:\/\/cofimar.ec\/zh\/wp-json\/wp\/v2\/pages\/2296\/revisions"}],"predecessor-version":[{"id":2307,"href":"https:\/\/cofimar.ec\/zh\/wp-json\/wp\/v2\/pages\/2296\/revisions\/2307"}],"wp:attachment":[{"href":"https:\/\/cofimar.ec\/zh\/wp-json\/wp\/v2\/media?parent=2296"}],"curies":[{"name":"wp","href":"https:\/\/api.w.org\/{rel}","templated":true}]}}