{"id":299,"date":"2024-04-09T17:30:09","date_gmt":"2024-04-09T22:30:09","guid":{"rendered":"https:\/\/cofimar.ec\/?page_id=299"},"modified":"2025-06-12T12:33:51","modified_gmt":"2025-06-12T17:33:51","slug":"camaronera","status":"publish","type":"page","link":"https:\/\/cofimar.ec\/zh\/camaronera\/","title":{"rendered":"\u517b\u867e\u573a"},"content":{"rendered":"<div data-elementor-type=\"wp-page\" data-elementor-id=\"299\" class=\"elementor elementor-299\">\n\t\t\t\t<div class=\"elementor-element elementor-element-44fa415 e-flex e-con-boxed e-con e-parent\" data-id=\"44fa415\" data-element_type=\"container\" data-e-type=\"container\" data-settings=\"{&quot;background_background&quot;:&quot;classic&quot;}\">\n\t\t\t\t\t<div class=\"e-con-inner\">\n\t\t\t\t<div class=\"elementor-element elementor-element-bae70b6 elementor-widget elementor-widget-heading\" data-id=\"bae70b6\" data-element_type=\"widget\" data-e-type=\"widget\" data-widget_type=\"heading.default\">\n\t\t\t\t<div class=\"elementor-widget-container\">\n\t\t\t\t\t<h1 class=\"elementor-heading-title elementor-size-default\">\u5361\u9a6c\u7f57\u7eb3\u62c9<\/h1>\t\t\t\t<\/div>\n\t\t\t\t<\/div>\n\t\t\t\t\t<\/div>\n\t\t\t\t<\/div>\n\t\t<div class=\"elementor-element elementor-element-062b859 e-flex e-con-boxed e-con e-parent\" data-id=\"062b859\" data-element_type=\"container\" data-e-type=\"container\" data-settings=\"{&quot;background_background&quot;:&quot;classic&quot;}\">\n\t\t\t\t\t<div class=\"e-con-inner\">\n\t\t<div class=\"elementor-element elementor-element-c6aa64b e-flex e-con-boxed e-con e-child\" data-id=\"c6aa64b\" data-element_type=\"container\" data-e-type=\"container\">\n\t\t\t\t\t<div class=\"e-con-inner\">\n\t\t<div class=\"elementor-element elementor-element-c27240d e-flex e-con-boxed e-con e-child\" data-id=\"c27240d\" data-element_type=\"container\" data-e-type=\"container\">\n\t\t\t\t\t<div class=\"e-con-inner\">\n\t\t\t\t<div class=\"elementor-element elementor-element-63ab346 elementor-widget elementor-widget-heading\" data-id=\"63ab346\" data-element_type=\"widget\" data-e-type=\"widget\" data-widget_type=\"heading.default\">\n\t\t\t\t<div class=\"elementor-widget-container\">\n\t\t\t\t\t<h2 class=\"elementor-heading-title elementor-size-default\">\u751f\u4ea7\u533a<\/h2>\t\t\t\t<\/div>\n\t\t\t\t<\/div>\n\t\t\t\t<div class=\"elementor-element elementor-element-e6b842f elementor-widget elementor-widget-heading\" data-id=\"e6b842f\" data-element_type=\"widget\" data-e-type=\"widget\" data-widget_type=\"heading.default\">\n\t\t\t\t<div class=\"elementor-widget-container\">\n\t\t\t\t\t<h3 class=\"elementor-heading-title elementor-size-default\">+2700 \u516c\u9877\u751f\u4ea7\u9762\u79ef<\/h3>\t\t\t\t<\/div>\n\t\t\t\t<\/div>\n\t\t\t\t<div class=\"elementor-element elementor-element-7bf59bc elementor-widget elementor-widget-text-editor\" data-id=\"7bf59bc\" data-element_type=\"widget\" data-e-type=\"widget\" data-widget_type=\"text-editor.default\">\n\t\t\t\t<div class=\"elementor-widget-container\">\n\t\t\t\t\t\t\t\t\t<p>\u6211\u4eec\u96c6\u56e2\u62e5\u6709\u8d85\u8fc7 2700 \u516c\u9877\u7684\u867e\u5858\uff0c\u8fd9\u4e9b\u867e\u5858\u62e5\u6709\u5145\u8db3\u7684\u57fa\u7840\u8bbe\u65bd\uff0c\u53ef\u4ee5\u6700\u5927\u9650\u5ea6\u5730\u51cf\u5c11\u6c61\u67d3\u7269\u7684\u5b58\u5728\u3002\u6211\u4eec\u7684\u6240\u6709\u6c60\u5858\u90fd\u5df2\u901a\u8fc7\u653f\u5e9c\u76d1\u7ba1\u673a\u6784\u7684\u8ba4\u8bc1\uff0c\u6211\u4eec\u4f7f\u7528\u7684\u662f\u6765\u81ea\u5408\u4f5c\u4f19\u4f34\u7684\u7ecf\u8fc7\u8ba4\u8bc1\u7684\u6d88\u878d\u548c\u975e\u6d88\u878d\u5e7c\u4f53\uff0c\u8fd9\u4e9b\u5e7c\u4f53\u5177\u6709\u4fc3\u8fdb\u52a8\u7269\u798f\u5229\u7684\u6700\u4f73\u5b9e\u8df5\uff08\u5728 BAP + ASC \u8ba1\u5212\u6846\u67b6\u5185\u4ec5\u4f7f\u7528\u975e\u6d88\u878d\u5e7c\u4f53\uff09\u3002<\/p><p>\u76ee\u524d\uff0c\u517b\u867e\u4e1a\u5df2\u6210\u4e3a\u6211\u56fd\u7b2c\u4e8c\u5927\u53ef\u518d\u751f\u751f\u4ea7\u90e8\u95e8\u3002\u5728\u793e\u4f1a\u65b9\u9762\uff0c\u517b\u867e\u4e1a\u4e3a\u517b\u867e\u573a\u548c\u5305\u88c5\u5382\u7684\u6570\u5343\u540d\u5384\u74dc\u591a\u5c14\u4eba\u63d0\u4f9b\u4e86\u76f4\u63a5\u5c31\u4e1a\u673a\u4f1a\u3002<\/p>\t\t\t\t\t\t\t\t<\/div>\n\t\t\t\t<\/div>\n\t\t\t\t\t<\/div>\n\t\t\t\t<\/div>\n\t\t<div class=\"elementor-element elementor-element-3b9879c e-flex e-con-boxed e-con e-child\" data-id=\"3b9879c\" data-element_type=\"container\" data-e-type=\"container\">\n\t\t\t\t\t<div class=\"e-con-inner\">\n\t\t\t\t<div class=\"elementor-element elementor-element-8b3fc5c elementor-widget elementor-widget-image\" data-id=\"8b3fc5c\" data-element_type=\"widget\" data-e-type=\"widget\" data-widget_type=\"image.default\">\n\t\t\t\t<div class=\"elementor-widget-container\">\n\t\t\t\t\t\t\t\t\t\t\t\t\t\t\t<img decoding=\"async\" src=\"https:\/\/cofimar.ec\/wp-content\/uploads\/2024\/04\/qs_mision_icon.png\" title=\"\u4efb\u52a1\u56fe\u6807\" alt=\"qs misi\u00f3n icon\" loading=\"lazy\" \/>\t\t\t\t\t\t\t\t\t\t\t\t\t\t\t<\/div>\n\t\t\t\t<\/div>\n\t\t\t\t<div class=\"elementor-element elementor-element-413e676 elementor-widget elementor-widget-image\" data-id=\"413e676\" data-element_type=\"widget\" data-e-type=\"widget\" data-widget_type=\"image.default\">\n\t\t\t\t<div class=\"elementor-widget-container\">\n\t\t\t\t\t\t\t\t\t\t\t\t\t\t\t<img decoding=\"async\" src=\"https:\/\/cofimar.ec\/wp-content\/uploads\/2024\/04\/qs_vision_icon.png\" title=\"qs_vision_icon\" alt=\"qs visi\u00f3n icon\" loading=\"lazy\" \/>\t\t\t\t\t\t\t\t\t\t\t\t\t\t\t<\/div>\n\t\t\t\t<\/div>\n\t\t\t\t\t<\/div>\n\t\t\t\t<\/div>\n\t\t\t\t\t<\/div>\n\t\t\t\t<\/div>\n\t\t<div class=\"elementor-element elementor-element-062e1eb e-flex e-con-boxed e-con e-child\" data-id=\"062e1eb\" data-element_type=\"container\" data-e-type=\"container\">\n\t\t\t\t\t<div class=\"e-con-inner\">\n\t\t\t\t<div class=\"elementor-element elementor-element-1581d75 elementor-widget elementor-widget-heading\" data-id=\"1581d75\" data-element_type=\"widget\" data-e-type=\"widget\" data-widget_type=\"heading.default\">\n\t\t\t\t<div class=\"elementor-widget-container\">\n\t\t\t\t\t<h2 class=\"elementor-heading-title elementor-size-default\">\u753b\u5eca<\/h2>\t\t\t\t<\/div>\n\t\t\t\t<\/div>\n\t\t\t\t<div class=\"elementor-element elementor-element-a4b8257 elementor-arrows-position-outside elementor-widget-mobile__width-inherit elementor-widget elementor-widget-image-carousel\" data-id=\"a4b8257\" data-element_type=\"widget\" data-e-type=\"widget\" data-settings=\"{&quot;slides_to_show&quot;:&quot;1&quot;,&quot;navigation&quot;:&quot;arrows&quot;,&quot;lazyload&quot;:&quot;yes&quot;,&quot;autoplay&quot;:&quot;yes&quot;,&quot;pause_on_interaction&quot;:&quot;yes&quot;,&quot;autoplay_speed&quot;:5000,&quot;infinite&quot;:&quot;yes&quot;,&quot;effect&quot;:&quot;slide&quot;,&quot;speed&quot;:500}\" data-widget_type=\"image-carousel.default\">\n\t\t\t\t<div class=\"elementor-widget-container\">\n\t\t\t\t\t\t\t<div class=\"elementor-image-carousel-wrapper swiper\" role=\"region\" aria-roledescription=\"carousel\" aria-label=\"Carosello di immagini\" dir=\"ltr\" data-no-translation-aria-label=\"\">\n\t\t\t<div class=\"elementor-image-carousel swiper-wrapper\" aria-live=\"off\">\n\t\t\t\t\t\t\t\t<div class=\"swiper-slide\" role=\"group\" aria-roledescription=\"slide\" aria-label=\"1 di 10\" data-no-translation-aria-label=\"\"><figure class=\"swiper-slide-inner\"><img class=\"swiper-slide-image swiper-lazy\" data-src=\"https:\/\/cofimar.ec\/wp-content\/uploads\/2024\/05\/camaronera-galeria-1.jpg\" alt=\"camaronera-galeria (1)\" \/><div class=\"swiper-lazy-preloader\"><\/div><\/figure><\/div><div class=\"swiper-slide\" role=\"group\" aria-roledescription=\"slide\" aria-label=\"2 di 10\" data-no-translation-aria-label=\"\"><figure class=\"swiper-slide-inner\"><img class=\"swiper-slide-image swiper-lazy\" data-src=\"https:\/\/cofimar.ec\/wp-content\/uploads\/2024\/05\/camaronera-galeria-2.jpg\" alt=\"camaronera-galeria (2)\" \/><div class=\"swiper-lazy-preloader\"><\/div><\/figure><\/div><div class=\"swiper-slide\" role=\"group\" aria-roledescription=\"slide\" aria-label=\"3 di 10\" data-no-translation-aria-label=\"\"><figure class=\"swiper-slide-inner\"><img class=\"swiper-slide-image swiper-lazy\" data-src=\"https:\/\/cofimar.ec\/wp-content\/uploads\/2024\/05\/camaronera-galeria-3.jpg\" alt=\"camaronera-galeria (3)\" \/><div class=\"swiper-lazy-preloader\"><\/div><\/figure><\/div><div class=\"swiper-slide\" role=\"group\" aria-roledescription=\"slide\" aria-label=\"4 di 10\" data-no-translation-aria-label=\"\"><figure class=\"swiper-slide-inner\"><img class=\"swiper-slide-image swiper-lazy\" data-src=\"https:\/\/cofimar.ec\/wp-content\/uploads\/2024\/05\/camaronera-galeria-4.jpg\" alt=\"camaronera-galeria (4)\" \/><div class=\"swiper-lazy-preloader\"><\/div><\/figure><\/div><div class=\"swiper-slide\" role=\"group\" aria-roledescription=\"slide\" aria-label=\"5 di 10\" data-no-translation-aria-label=\"\"><figure class=\"swiper-slide-inner\"><img class=\"swiper-slide-image swiper-lazy\" data-src=\"https:\/\/cofimar.ec\/wp-content\/uploads\/2024\/05\/camaronera-galeria-5.jpg\" alt=\"camaronera-galeria (5)\" \/><div class=\"swiper-lazy-preloader\"><\/div><\/figure><\/div><div class=\"swiper-slide\" role=\"group\" aria-roledescription=\"slide\" aria-label=\"6 di 10\" data-no-translation-aria-label=\"\"><figure class=\"swiper-slide-inner\"><img class=\"swiper-slide-image swiper-lazy\" data-src=\"https:\/\/cofimar.ec\/wp-content\/uploads\/2024\/05\/camaronera-galeria-6.jpg\" alt=\"camaronera-galeria (6)\" \/><div class=\"swiper-lazy-preloader\"><\/div><\/figure><\/div><div class=\"swiper-slide\" role=\"group\" aria-roledescription=\"slide\" aria-label=\"7 di 10\" data-no-translation-aria-label=\"\"><figure class=\"swiper-slide-inner\"><img class=\"swiper-slide-image swiper-lazy\" data-src=\"https:\/\/cofimar.ec\/wp-content\/uploads\/2024\/05\/camaronera-galeria-7.jpg\" alt=\"camaronera-galeria (7)\" \/><div class=\"swiper-lazy-preloader\"><\/div><\/figure><\/div><div class=\"swiper-slide\" role=\"group\" aria-roledescription=\"slide\" aria-label=\"8 di 10\" data-no-translation-aria-label=\"\"><figure class=\"swiper-slide-inner\"><img class=\"swiper-slide-image swiper-lazy\" data-src=\"https:\/\/cofimar.ec\/wp-content\/uploads\/2024\/05\/camaronera-galeria-8.jpg\" alt=\"camaronera-galeria (8)\" \/><div class=\"swiper-lazy-preloader\"><\/div><\/figure><\/div><div class=\"swiper-slide\" role=\"group\" aria-roledescription=\"slide\" aria-label=\"9 di 10\" data-no-translation-aria-label=\"\"><figure class=\"swiper-slide-inner\"><img class=\"swiper-slide-image swiper-lazy\" data-src=\"https:\/\/cofimar.ec\/wp-content\/uploads\/2024\/05\/camaronera-galeria-9.jpg\" alt=\"camaronera-galeria (9)\" \/><div class=\"swiper-lazy-preloader\"><\/div><\/figure><\/div><div class=\"swiper-slide\" role=\"group\" aria-roledescription=\"slide\" aria-label=\"10 di 10\" data-no-translation-aria-label=\"\"><figure class=\"swiper-slide-inner\"><img class=\"swiper-slide-image swiper-lazy\" data-src=\"https:\/\/cofimar.ec\/wp-content\/uploads\/2024\/05\/camaronera-galeria-10.jpg\" alt=\"camaronera-galeria (10)\" \/><div class=\"swiper-lazy-preloader\"><\/div><\/figure><\/div>\t\t\t<\/div>\n\t\t\t\t\t\t\t\t\t\t\t\t<div class=\"elementor-swiper-button elementor-swiper-button-prev\" role=\"button\" tabindex=\"0\">\n\t\t\t\t\t\t<svg aria-hidden=\"true\" class=\"e-font-icon-svg e-eicon-chevron-left\" viewbox=\"0 0 1000 1000\" xmlns=\"http:\/\/www.w3.org\/2000\/svg\"><path d=\"M646 125C629 125 613 133 604 142L308 442C296 454 292 471 292 487 292 504 296 521 308 533L604 854C617 867 629 875 646 875 663 875 679 871 692 858 704 846 713 829 713 812 713 796 708 779 692 767L438 487 692 225C700 217 708 204 708 187 708 171 704 154 692 142 675 129 663 125 646 125Z\"><\/path><\/svg>\t\t\t\t\t<\/div>\n\t\t\t\t\t<div class=\"elementor-swiper-button elementor-swiper-button-next\" role=\"button\" tabindex=\"0\">\n\t\t\t\t\t\t<svg aria-hidden=\"true\" class=\"e-font-icon-svg e-eicon-chevron-right\" viewbox=\"0 0 1000 1000\" xmlns=\"http:\/\/www.w3.org\/2000\/svg\"><path d=\"M696 533C708 521 713 504 713 487 713 471 708 454 696 446L400 146C388 133 375 125 354 125 338 125 325 129 313 142 300 154 292 171 292 187 292 204 296 221 308 233L563 492 304 771C292 783 288 800 288 817 288 833 296 850 308 863 321 871 338 875 354 875 371 875 388 867 400 854L696 533Z\"><\/path><\/svg>\t\t\t\t\t<\/div>\n\t\t\t\t\n\t\t\t\t\t\t\t\t\t<\/div>\n\t\t\t\t\t\t<\/div>\n\t\t\t\t<\/div>\n\t\t\t\t\t<\/div>\n\t\t\t\t<\/div>\n\t\t\t\t\t<\/div>\n\t\t\t\t<\/div>\n\t\t\t\t<\/div>","protected":false},"excerpt":{"rendered":"<p>CAMARONERA \u00c1REA DE PRODUCCI\u00d3N +2700 HECT\u00c1REAS DE PRODUCCI\u00d3N Nuestro grupo cuenta con m\u00e1s de 2700 hect\u00e1reas de camaroneras en producci\u00f3n; \u00e9stas poseen una infraestructura adecuada para minimizar la presencia de contaminantes. Todas nuestras piscinas han sido certificadas por entes reguladores gubernamentales, trabajamos con larvas certificadas ablacionadas y no ablacionadas de nuestros socios con las mejores [&hellip;]<\/p>\n","protected":false},"author":1,"featured_media":0,"parent":0,"menu_order":0,"comment_status":"closed","ping_status":"closed","template":"elementor_header_footer","meta":{"footnotes":""},"class_list":["post-299","page","type-page","status-publish","hentry"],"_links":{"self":[{"href":"https:\/\/cofimar.ec\/zh\/wp-json\/wp\/v2\/pages\/299","targetHints":{"allow":["GET"]}}],"collection":[{"href":"https:\/\/cofimar.ec\/zh\/wp-json\/wp\/v2\/pages"}],"about":[{"href":"https:\/\/cofimar.ec\/zh\/wp-json\/wp\/v2\/types\/page"}],"author":[{"embeddable":true,"href":"https:\/\/cofimar.ec\/zh\/wp-json\/wp\/v2\/users\/1"}],"replies":[{"embeddable":true,"href":"https:\/\/cofimar.ec\/zh\/wp-json\/wp\/v2\/comments?post=299"}],"version-history":[{"count":109,"href":"https:\/\/cofimar.ec\/zh\/wp-json\/wp\/v2\/pages\/299\/revisions"}],"predecessor-version":[{"id":2210,"href":"https:\/\/cofimar.ec\/zh\/wp-json\/wp\/v2\/pages\/299\/revisions\/2210"}],"wp:attachment":[{"href":"https:\/\/cofimar.ec\/zh\/wp-json\/wp\/v2\/media?parent=299"}],"curies":[{"name":"wp","href":"https:\/\/api.w.org\/{rel}","templated":true}]}}